{"id":120600,"date":"2025-03-31T03:04:12","date_gmt":"2025-03-31T00:04:12","guid":{"rendered":"https:\/\/shop.rettum.ee\/toode\/215-50r17-gt-radial-icepro-3-95t-xl-rp-studdable-cdb72-3pmsf-ms\/"},"modified":"2026-03-22T03:05:19","modified_gmt":"2026-03-22T01:05:19","slug":"215-50r17-gt-radial-icepro-3-95t-xl-rp-studdable-cdb72-3pmsf-ms","status":"publish","type":"product","link":"https:\/\/shop.rettum.ee\/en\/product\/215-50r17-gt-radial-icepro-3-95t-xl-rp-studdable-cdb72-3pmsf-ms\/","title":{"rendered":"215\/50R17 GT RADIAL ICEPRO 3 95T XL RP Studdable CDB72 3PMSF M+S"},"content":{"rendered":"<p>Tutvustame GT RADIAL ICEPRO 3 rehvi, disainitud pakkuma silmapaistvat ohutust ja j\u00f5udlust n\u00f5udlikes talveoludes. M\u00f5\u00f5tmetega 215\/50R17 on see rehv ideaalne valik nii igap\u00e4evaseks kasutamiseks kui ka rasketeks talveoludeks, kus talveolude kindel haarduvus on \u00fclimalt oluline. Kiirusindeks 95T tagab ruumi kiireks liikumiseks ja XL klassi koost\u00f6\u00f6 v\u00f5imaldab t\u00f5sta rehvi kantavust, pakkudes seel\u00e4bi suuremat stabiilsust ja kindlustunnet ka k\u00f5ige n\u00f5udlikumates olukordades.<\/p>\n<p>Unikaalne &#8220;studdable&#8221; omadus v\u00f5imaldab vajadusel paigaldada n\u00f6\u00f6dud, suurendades j\u00e4istel teedel oluliselt pidamist ja ohutust. 3PMSF s\u00fcmbol kinnitab, et see rehv l\u00e4bib karmid lumetingimused, samas kui M+S m\u00e4rgis annab lisakindlust ka mudase ja niiske pinna puhul. Erilise CDB72 koostise tehnoloogia tagab optimaalse haarduvuse ning pikema kasutusea, v\u00f5imaldades autojuhil nautida muretut s\u00f5itu ka k\u00f5ige ekstreemsemates ilmastikutingimustes.<\/p>\n<p>Vali GT RADIAL ICEPRO 3 \u2013 usaldusv\u00e4\u00e4rne partner talvise teekonna kindlaks ja turvaliseks l\u00e4bimiseks.<\/p>","protected":false},"excerpt":{"rendered":"<p>Tutvustame GT RADIAL ICEPRO 3 rehvi, disainitud pakkuma silmapaistvat ohutust ja j\u00f5udlust n\u00f5udlikes talveoludes. M\u00f5\u00f5tmetega 215\/50R17 on see rehv ideaalne valik nii igap\u00e4evaseks kasutamiseks kui ka rasketeks talveoludeks, kus talveolude kindel haarduvus on \u00fclimalt oluline. Kiirusindeks 95T tagab ruumi kiireks liikumiseks ja XL klassi koost\u00f6\u00f6 v\u00f5imaldab t\u00f5sta rehvi kantavust, pakkudes seel\u00e4bi suuremat stabiilsust ja kindlustunnet [&hellip;]<\/p>\n","protected":false},"featured_media":123907,"template":"","meta":{"site-sidebar-layout":"default","site-content-layout":"","ast-site-content-layout":"","site-content-style":"default","site-sidebar-style":"default","ast-global-header-display":"","ast-banner-title-visibility":"","ast-main-header-display":"","ast-hfb-above-header-display":"","ast-hfb-below-header-display":"","ast-hfb-mobile-header-display":"","site-post-title":"","ast-breadcrumbs-content":"","ast-featured-img":"","footer-sml-layout":"","theme-transparent-header-meta":"","adv-header-id-meta":"","stick-header-meta":"","header-above-stick-meta":"","header-main-stick-meta":"","header-below-stick-meta":"","astra-migrate-meta-layouts":"default","ast-page-background-enabled":"default","ast-page-background-meta":{"desktop":{"background-color":"","background-image":"","background-repeat":"repeat","background-position":"center center","background-size":"auto","background-attachment":"scroll","background-type":"","background-media":"","overlay-type":"","overlay-color":"","overlay-opacity":"","overlay-gradient":""},"tablet":{"background-color":"","background-image":"","background-repeat":"repeat","background-position":"center center","background-size":"auto","background-attachment":"scroll","background-type":"","background-media":"","overlay-type":"","overlay-color":"","overlay-opacity":"","overlay-gradient":""},"mobile":{"background-color":"","background-image":"","background-repeat":"repeat","background-position":"center center","background-size":"auto","background-attachment":"scroll","background-type":"","background-media":"","overlay-type":"","overlay-color":"","overlay-opacity":"","overlay-gradient":""}},"ast-content-background-meta":{"desktop":{"background-color":"var(--ast-global-color-5)","background-image":"","background-repeat":"repeat","background-position":"center center","background-size":"auto","background-attachment":"scroll","background-type":"","background-media":"","overlay-type":"","overlay-color":"","overlay-opacity":"","overlay-gradient":""},"tablet":{"background-color":"var(--ast-global-color-5)","background-image":"","background-repeat":"repeat","background-position":"center center","background-size":"auto","background-attachment":"scroll","background-type":"","background-media":"","overlay-type":"","overlay-color":"","overlay-opacity":"","overlay-gradient":""},"mobile":{"background-color":"var(--ast-global-color-5)","background-image":"","background-repeat":"repeat","background-position":"center center","background-size":"auto","background-attachment":"scroll","background-type":"","background-media":"","overlay-type":"","overlay-color":"","overlay-opacity":"","overlay-gradient":""}}},"product_brand":[],"product_cat":[29017],"product_tag":[],"pa_brand_name":[34250],"class_list":{"0":"post-120600","1":"product","2":"type-product","3":"status-publish","4":"has-post-thumbnail","6":"product_cat-winter-tires-studdable","7":"pa_brand_name-gt-radial-2","8":"desktop-align-left","9":"tablet-align-left","10":"mobile-align-left","12":"first","13":"outofstock","14":"taxable","15":"shipping-taxable","16":"purchasable","17":"product-type-simple"},"_links":{"self":[{"href":"https:\/\/shop.rettum.ee\/en\/wp-json\/wp\/v2\/product\/120600","targetHints":{"allow":["GET"]}}],"collection":[{"href":"https:\/\/shop.rettum.ee\/en\/wp-json\/wp\/v2\/product"}],"about":[{"href":"https:\/\/shop.rettum.ee\/en\/wp-json\/wp\/v2\/types\/product"}],"version-history":[{"count":2,"href":"https:\/\/shop.rettum.ee\/en\/wp-json\/wp\/v2\/product\/120600\/revisions"}],"predecessor-version":[{"id":125891,"href":"https:\/\/shop.rettum.ee\/en\/wp-json\/wp\/v2\/product\/120600\/revisions\/125891"}],"wp:featuredmedia":[{"embeddable":true,"href":"https:\/\/shop.rettum.ee\/en\/wp-json\/wp\/v2\/media\/123907"}],"wp:attachment":[{"href":"https:\/\/shop.rettum.ee\/en\/wp-json\/wp\/v2\/media?parent=120600"}],"wp:term":[{"taxonomy":"product_brand","embeddable":true,"href":"https:\/\/shop.rettum.ee\/en\/wp-json\/wp\/v2\/product_brand?post=120600"},{"taxonomy":"product_cat","embeddable":true,"href":"https:\/\/shop.rettum.ee\/en\/wp-json\/wp\/v2\/product_cat?post=120600"},{"taxonomy":"product_tag","embeddable":true,"href":"https:\/\/shop.rettum.ee\/en\/wp-json\/wp\/v2\/product_tag?post=120600"},{"taxonomy":"pa_brand_name","embeddable":true,"href":"https:\/\/shop.rettum.ee\/en\/wp-json\/wp\/v2\/pa_brand_name?post=120600"}],"curies":[{"name":"wp","href":"https:\/\/api.w.org\/{rel}","templated":true}]}}