{"id":120601,"date":"2025-03-31T03:04:13","date_gmt":"2025-03-31T00:04:13","guid":{"rendered":"https:\/\/shop.rettum.ee\/toode\/215-55r17-gt-radial-icepro-3-98t-xl-rp-studdable-cdb72-3pmsf-ms\/"},"modified":"2025-12-18T02:45:43","modified_gmt":"2025-12-18T00:45:43","slug":"215-55r17-gt-radial-icepro-3-98t-xl-rp-studdable-cdb72-3pmsf-ms","status":"publish","type":"product","link":"https:\/\/shop.rettum.ee\/en\/product\/215-55r17-gt-radial-icepro-3-98t-xl-rp-studdable-cdb72-3pmsf-ms\/","title":{"rendered":"215\/55R17 GT RADIAL ICEPRO 3 98T XL RP Studdable CDB72 3PMSF M+S"},"content":{"rendered":"<p>215\/55R17 GT RADIAL ICEPRO 3 on tipptasemel rehviv\u00f5imalus, mis \u00fchendab uuendusliku tehnoloogia ja mitmek\u00fclgsuse. Rehv on konstrueeritud pakkuma usaldusv\u00e4\u00e4rset haarduvust ning stabiilsust karmides talvetingimustes. Selle 3PMSF ja M+S m\u00e4rgistused kinnitavad, et rehv sobib suurep\u00e4raselt nii lume, j\u00e4\u00e4 kui ka mudaga teedel s\u00f5itmiseks. <\/p>\n<p>XL (extra load) konstruktsioon ja 98 laotud indeks tagavad rehvile tugeva kantavuse ning suurep\u00e4rase vastupidavuse, v\u00f5imaldades s\u00f5idukil esmalt ja esikindlalt reageerida ka ootamatutele muudatustele teeoludes. Studdable funktsioon v\u00f5imaldab vajadusel lisada nastud, pakkudes veelgi paremat haarduvust j\u00e4istel pindadel ja kindlustades s\u00f5idu turvalisust k\u00f5ige karmimates kliimaoludes. <\/p>\n<p>T\u00e4nu oma 215\/55R17 m\u00f5\u00f5tmetele sobib ICEPRO 3 paljudele populaarsetele s\u00f5idukitele, kombineerides muljetavaldava j\u00f5udluse ja t\u00f5husa k\u00fctuses\u00e4\u00e4stlikkuse. See rehv on ideaalne valik neile, kes otsivad usaldusv\u00e4\u00e4rset ja vastupidavat lahendust talvisteks s\u00f5itudeks, pakkudes nii stabiilsust, turvalisust kui ka s\u00f5idumugavust k\u00f5ikides tingimustes.<\/p>","protected":false},"excerpt":{"rendered":"<p>215\/55R17 GT RADIAL ICEPRO 3 on tipptasemel rehviv\u00f5imalus, mis \u00fchendab uuendusliku tehnoloogia ja mitmek\u00fclgsuse. Rehv on konstrueeritud pakkuma usaldusv\u00e4\u00e4rset haarduvust ning stabiilsust karmides talvetingimustes. Selle 3PMSF ja M+S m\u00e4rgistused kinnitavad, et rehv sobib suurep\u00e4raselt nii lume, j\u00e4\u00e4 kui ka mudaga teedel s\u00f5itmiseks. XL (extra load) konstruktsioon ja 98 laotud indeks tagavad rehvile tugeva kantavuse ning [&hellip;]<\/p>\n","protected":false},"featured_media":123907,"template":"","meta":{"site-sidebar-layout":"default","site-content-layout":"","ast-site-content-layout":"","site-content-style":"default","site-sidebar-style":"default","ast-global-header-display":"","ast-banner-title-visibility":"","ast-main-header-display":"","ast-hfb-above-header-display":"","ast-hfb-below-header-display":"","ast-hfb-mobile-header-display":"","site-post-title":"","ast-breadcrumbs-content":"","ast-featured-img":"","footer-sml-layout":"","theme-transparent-header-meta":"","adv-header-id-meta":"","stick-header-meta":"","header-above-stick-meta":"","header-main-stick-meta":"","header-below-stick-meta":"","astra-migrate-meta-layouts":"default","ast-page-background-enabled":"default","ast-page-background-meta":{"desktop":{"background-color":"","background-image":"","background-repeat":"repeat","background-position":"center center","background-size":"auto","background-attachment":"scroll","background-type":"","background-media":"","overlay-type":"","overlay-color":"","overlay-opacity":"","overlay-gradient":""},"tablet":{"background-color":"","background-image":"","background-repeat":"repeat","background-position":"center center","background-size":"auto","background-attachment":"scroll","background-type":"","background-media":"","overlay-type":"","overlay-color":"","overlay-opacity":"","overlay-gradient":""},"mobile":{"background-color":"","background-image":"","background-repeat":"repeat","background-position":"center center","background-size":"auto","background-attachment":"scroll","background-type":"","background-media":"","overlay-type":"","overlay-color":"","overlay-opacity":"","overlay-gradient":""}},"ast-content-background-meta":{"desktop":{"background-color":"var(--ast-global-color-5)","background-image":"","background-repeat":"repeat","background-position":"center center","background-size":"auto","background-attachment":"scroll","background-type":"","background-media":"","overlay-type":"","overlay-color":"","overlay-opacity":"","overlay-gradient":""},"tablet":{"background-color":"var(--ast-global-color-5)","background-image":"","background-repeat":"repeat","background-position":"center center","background-size":"auto","background-attachment":"scroll","background-type":"","background-media":"","overlay-type":"","overlay-color":"","overlay-opacity":"","overlay-gradient":""},"mobile":{"background-color":"var(--ast-global-color-5)","background-image":"","background-repeat":"repeat","background-position":"center center","background-size":"auto","background-attachment":"scroll","background-type":"","background-media":"","overlay-type":"","overlay-color":"","overlay-opacity":"","overlay-gradient":""}}},"product_brand":[],"product_cat":[29017],"product_tag":[],"pa_brand_name":[34250],"class_list":{"0":"post-120601","1":"product","2":"type-product","3":"status-publish","4":"has-post-thumbnail","6":"product_cat-winter-tires-studdable","7":"pa_brand_name-gt-radial-2","8":"desktop-align-left","9":"tablet-align-left","10":"mobile-align-left","12":"first","13":"outofstock","14":"taxable","15":"shipping-taxable","16":"purchasable","17":"product-type-simple"},"_links":{"self":[{"href":"https:\/\/shop.rettum.ee\/en\/wp-json\/wp\/v2\/product\/120601","targetHints":{"allow":["GET"]}}],"collection":[{"href":"https:\/\/shop.rettum.ee\/en\/wp-json\/wp\/v2\/product"}],"about":[{"href":"https:\/\/shop.rettum.ee\/en\/wp-json\/wp\/v2\/types\/product"}],"version-history":[{"count":2,"href":"https:\/\/shop.rettum.ee\/en\/wp-json\/wp\/v2\/product\/120601\/revisions"}],"predecessor-version":[{"id":125888,"href":"https:\/\/shop.rettum.ee\/en\/wp-json\/wp\/v2\/product\/120601\/revisions\/125888"}],"wp:featuredmedia":[{"embeddable":true,"href":"https:\/\/shop.rettum.ee\/en\/wp-json\/wp\/v2\/media\/123907"}],"wp:attachment":[{"href":"https:\/\/shop.rettum.ee\/en\/wp-json\/wp\/v2\/media?parent=120601"}],"wp:term":[{"taxonomy":"product_brand","embeddable":true,"href":"https:\/\/shop.rettum.ee\/en\/wp-json\/wp\/v2\/product_brand?post=120601"},{"taxonomy":"product_cat","embeddable":true,"href":"https:\/\/shop.rettum.ee\/en\/wp-json\/wp\/v2\/product_cat?post=120601"},{"taxonomy":"product_tag","embeddable":true,"href":"https:\/\/shop.rettum.ee\/en\/wp-json\/wp\/v2\/product_tag?post=120601"},{"taxonomy":"pa_brand_name","embeddable":true,"href":"https:\/\/shop.rettum.ee\/en\/wp-json\/wp\/v2\/pa_brand_name?post=120601"}],"curies":[{"name":"wp","href":"https:\/\/api.w.org\/{rel}","templated":true}]}}