{"id":120602,"date":"2025-03-31T03:04:14","date_gmt":"2025-03-31T00:04:14","guid":{"rendered":"https:\/\/shop.rettum.ee\/toode\/215-60r17-gt-radial-icepro-3-96t-rp-studdable-cdb72-3pmsf-ms\/"},"modified":"2025-10-06T02:45:21","modified_gmt":"2025-10-05T23:45:21","slug":"215-60r17-gt-radial-icepro-3-96t-rp-studdable-cdb72-3pmsf-ms","status":"publish","type":"product","link":"https:\/\/shop.rettum.ee\/en\/product\/215-60r17-gt-radial-icepro-3-96t-rp-studdable-cdb72-3pmsf-ms\/","title":{"rendered":"215\/60R17 GT RADIAL ICEPRO 3 96T RP Studdable CDB72 3PMSF M+S"},"content":{"rendered":"<p>Tutvu uue GT RADIAL ICEPRO 3 rehviga, mis on loodud pakkuma usaldusv\u00e4\u00e4rset j\u00f5udlust ja mitmek\u00fclgset s\u00f5iduohutust v\u00e4hes raskustes ilmastikutingimustes. Rehvi m\u00f5\u00f5tmed 215\/60R17 \u00fchenduvad tipptasemel tehnoloogiaga, tagades suurep\u00e4rase haarduvuse nii kuival teel kui ka libedal ja lumisel pinnal.<\/p>\n<p>Eriliseks omaduseks on rehvi v\u00f5ime olla studdable ehk varustatud j\u00e4enaeladega, mille abil paranevad trepid n\u00f5udlikes talveoludes. Rehv vastab 3PMSF (Three Peak Mountain Snow Flake) standardile ning saab m\u00e4rgistuse M+S, mis kinnitavad selle suutlikkust pakkuda suurep\u00e4rast talvist haarduvust ja stabiilsust. Lisaks annab CDB72 sertifikaat lisakindluse ja vastupidavuse, v\u00f5imaldades rehvil seista vastu karmidele s\u00f5iduoludele.<\/p>\n<p>Optimeeritud mustriga disain tagab efektiivse veejahutuse ja madala rullimiskindluse, pakkudes samal ajal turvalist ja mugavat s\u00f5itu hoobadel radadel. GT RADIAL ICEPRO 3 on ideaalne valik neile, kes otsivad usaldusv\u00e4\u00e4rset ja k\u00f5ikeh\u00f5lmavat rehvikomplekti igaks talve- ja maastikus\u00f5iduks.<\/p>","protected":false},"excerpt":{"rendered":"<p>Tutvu uue GT RADIAL ICEPRO 3 rehviga, mis on loodud pakkuma usaldusv\u00e4\u00e4rset j\u00f5udlust ja mitmek\u00fclgset s\u00f5iduohutust v\u00e4hes raskustes ilmastikutingimustes. Rehvi m\u00f5\u00f5tmed 215\/60R17 \u00fchenduvad tipptasemel tehnoloogiaga, tagades suurep\u00e4rase haarduvuse nii kuival teel kui ka libedal ja lumisel pinnal. Eriliseks omaduseks on rehvi v\u00f5ime olla studdable ehk varustatud j\u00e4enaeladega, mille abil paranevad trepid n\u00f5udlikes talveoludes. Rehv vastab [&hellip;]<\/p>\n","protected":false},"featured_media":123907,"template":"","meta":{"site-sidebar-layout":"default","site-content-layout":"","ast-site-content-layout":"","site-content-style":"default","site-sidebar-style":"default","ast-global-header-display":"","ast-banner-title-visibility":"","ast-main-header-display":"","ast-hfb-above-header-display":"","ast-hfb-below-header-display":"","ast-hfb-mobile-header-display":"","site-post-title":"","ast-breadcrumbs-content":"","ast-featured-img":"","footer-sml-layout":"","theme-transparent-header-meta":"","adv-header-id-meta":"","stick-header-meta":"","header-above-stick-meta":"","header-main-stick-meta":"","header-below-stick-meta":"","astra-migrate-meta-layouts":"default","ast-page-background-enabled":"default","ast-page-background-meta":{"desktop":{"background-color":"","background-image":"","background-repeat":"repeat","background-position":"center center","background-size":"auto","background-attachment":"scroll","background-type":"","background-media":"","overlay-type":"","overlay-color":"","overlay-opacity":"","overlay-gradient":""},"tablet":{"background-color":"","background-image":"","background-repeat":"repeat","background-position":"center center","background-size":"auto","background-attachment":"scroll","background-type":"","background-media":"","overlay-type":"","overlay-color":"","overlay-opacity":"","overlay-gradient":""},"mobile":{"background-color":"","background-image":"","background-repeat":"repeat","background-position":"center center","background-size":"auto","background-attachment":"scroll","background-type":"","background-media":"","overlay-type":"","overlay-color":"","overlay-opacity":"","overlay-gradient":""}},"ast-content-background-meta":{"desktop":{"background-color":"var(--ast-global-color-5)","background-image":"","background-repeat":"repeat","background-position":"center center","background-size":"auto","background-attachment":"scroll","background-type":"","background-media":"","overlay-type":"","overlay-color":"","overlay-opacity":"","overlay-gradient":""},"tablet":{"background-color":"var(--ast-global-color-5)","background-image":"","background-repeat":"repeat","background-position":"center center","background-size":"auto","background-attachment":"scroll","background-type":"","background-media":"","overlay-type":"","overlay-color":"","overlay-opacity":"","overlay-gradient":""},"mobile":{"background-color":"var(--ast-global-color-5)","background-image":"","background-repeat":"repeat","background-position":"center center","background-size":"auto","background-attachment":"scroll","background-type":"","background-media":"","overlay-type":"","overlay-color":"","overlay-opacity":"","overlay-gradient":""}}},"product_brand":[],"product_cat":[29017],"product_tag":[],"pa_brand_name":[34250],"class_list":{"0":"post-120602","1":"product","2":"type-product","3":"status-publish","4":"has-post-thumbnail","6":"product_cat-winter-tires-studdable","7":"pa_brand_name-gt-radial-2","8":"desktop-align-left","9":"tablet-align-left","10":"mobile-align-left","12":"first","13":"outofstock","14":"taxable","15":"shipping-taxable","16":"purchasable","17":"product-type-simple"},"_links":{"self":[{"href":"https:\/\/shop.rettum.ee\/en\/wp-json\/wp\/v2\/product\/120602","targetHints":{"allow":["GET"]}}],"collection":[{"href":"https:\/\/shop.rettum.ee\/en\/wp-json\/wp\/v2\/product"}],"about":[{"href":"https:\/\/shop.rettum.ee\/en\/wp-json\/wp\/v2\/types\/product"}],"version-history":[{"count":1,"href":"https:\/\/shop.rettum.ee\/en\/wp-json\/wp\/v2\/product\/120602\/revisions"}],"predecessor-version":[{"id":125879,"href":"https:\/\/shop.rettum.ee\/en\/wp-json\/wp\/v2\/product\/120602\/revisions\/125879"}],"wp:featuredmedia":[{"embeddable":true,"href":"https:\/\/shop.rettum.ee\/en\/wp-json\/wp\/v2\/media\/123907"}],"wp:attachment":[{"href":"https:\/\/shop.rettum.ee\/en\/wp-json\/wp\/v2\/media?parent=120602"}],"wp:term":[{"taxonomy":"product_brand","embeddable":true,"href":"https:\/\/shop.rettum.ee\/en\/wp-json\/wp\/v2\/product_brand?post=120602"},{"taxonomy":"product_cat","embeddable":true,"href":"https:\/\/shop.rettum.ee\/en\/wp-json\/wp\/v2\/product_cat?post=120602"},{"taxonomy":"product_tag","embeddable":true,"href":"https:\/\/shop.rettum.ee\/en\/wp-json\/wp\/v2\/product_tag?post=120602"},{"taxonomy":"pa_brand_name","embeddable":true,"href":"https:\/\/shop.rettum.ee\/en\/wp-json\/wp\/v2\/pa_brand_name?post=120602"}],"curies":[{"name":"wp","href":"https:\/\/api.w.org\/{rel}","templated":true}]}}