{"id":120603,"date":"2025-03-31T03:04:14","date_gmt":"2025-03-31T00:04:14","guid":{"rendered":"https:\/\/shop.rettum.ee\/toode\/225-45r17-gt-radial-icepro-3-94t-xl-rp-studdable-cdb72-3pmsf-ms\/"},"modified":"2026-03-22T03:05:19","modified_gmt":"2026-03-22T01:05:19","slug":"225-45r17-gt-radial-icepro-3-94t-xl-rp-studdable-cdb72-3pmsf-ms","status":"publish","type":"product","link":"https:\/\/shop.rettum.ee\/en\/product\/225-45r17-gt-radial-icepro-3-94t-xl-rp-studdable-cdb72-3pmsf-ms\/","title":{"rendered":"225\/45R17 GT RADIAL ICEPRO 3 94T XL RP Studdable CDB72 3PMSF M+S"},"content":{"rendered":"<p>Tutvu uue 225\/45R17 GT RADIAL ICEPRO 3 rehvi \u2013 parim lahendus n\u00f5udlikuks talvetekkeks ja igap\u00e4evaseks s\u00f5iduks Eesti teedel. See rehvidisain \u00fchendab tipptasemel tehnoloogia ja innovatiivse disaini, pakkudes erakordset haarduvust j\u00e4isel ja lumisel pinnal. 3PMSF m\u00e4rgistus ning M+S (mada ja lumi) klassifikatsioon tagavad usaldusv\u00e4\u00e4rse j\u00f5udluse ka k\u00f5ige karmimates ilmastikutingimustes.<\/p>\n<p>XL (extra load) ja 94T laadind ning kiirusindeks T tagavad stabiilsuse ja ohutuse, isegi kui s\u00f5idad rasketel radadel. ICEPRO 3 disain v\u00f5imaldab rehvil olla studdable, pakkudes t\u00e4iendavat haarduvust j\u00e4\u00e4radel, samas s\u00e4ilitades suurep\u00e4rase s\u00f5idumugavuse ja madala veeretakistuse igap\u00e4evasel kasutamisel. RP funktsioon lisab rehvile veelgi suurema \u00fcldist vastupidavuse ja usaldusv\u00e4\u00e4rsuse.<\/p>\n<p>CDB72 tehnoloogiline l\u00e4henemine tagab optimaalse j\u00f5udluse ning pikema kasutusea, muutes selle rehvi ideaaliks neile, kes hindavad turvalisust, j\u00f5udlust ja kestvust. Valides 225\/45R17 GT RADIAL ICEPRO 3, valid tipptasemel talvehoolduse, mis vastab Eesti n\u00f5udlikele ilmastikutingimustele.<\/p>","protected":false},"excerpt":{"rendered":"<p>Tutvu uue 225\/45R17 GT RADIAL ICEPRO 3 rehvi \u2013 parim lahendus n\u00f5udlikuks talvetekkeks ja igap\u00e4evaseks s\u00f5iduks Eesti teedel. See rehvidisain \u00fchendab tipptasemel tehnoloogia ja innovatiivse disaini, pakkudes erakordset haarduvust j\u00e4isel ja lumisel pinnal. 3PMSF m\u00e4rgistus ning M+S (mada ja lumi) klassifikatsioon tagavad usaldusv\u00e4\u00e4rse j\u00f5udluse ka k\u00f5ige karmimates ilmastikutingimustes. XL (extra load) ja 94T laadind ning [&hellip;]<\/p>\n","protected":false},"featured_media":123907,"template":"","meta":{"site-sidebar-layout":"default","site-content-layout":"","ast-site-content-layout":"","site-content-style":"default","site-sidebar-style":"default","ast-global-header-display":"","ast-banner-title-visibility":"","ast-main-header-display":"","ast-hfb-above-header-display":"","ast-hfb-below-header-display":"","ast-hfb-mobile-header-display":"","site-post-title":"","ast-breadcrumbs-content":"","ast-featured-img":"","footer-sml-layout":"","theme-transparent-header-meta":"","adv-header-id-meta":"","stick-header-meta":"","header-above-stick-meta":"","header-main-stick-meta":"","header-below-stick-meta":"","astra-migrate-meta-layouts":"default","ast-page-background-enabled":"default","ast-page-background-meta":{"desktop":{"background-color":"","background-image":"","background-repeat":"repeat","background-position":"center center","background-size":"auto","background-attachment":"scroll","background-type":"","background-media":"","overlay-type":"","overlay-color":"","overlay-opacity":"","overlay-gradient":""},"tablet":{"background-color":"","background-image":"","background-repeat":"repeat","background-position":"center center","background-size":"auto","background-attachment":"scroll","background-type":"","background-media":"","overlay-type":"","overlay-color":"","overlay-opacity":"","overlay-gradient":""},"mobile":{"background-color":"","background-image":"","background-repeat":"repeat","background-position":"center center","background-size":"auto","background-attachment":"scroll","background-type":"","background-media":"","overlay-type":"","overlay-color":"","overlay-opacity":"","overlay-gradient":""}},"ast-content-background-meta":{"desktop":{"background-color":"var(--ast-global-color-5)","background-image":"","background-repeat":"repeat","background-position":"center center","background-size":"auto","background-attachment":"scroll","background-type":"","background-media":"","overlay-type":"","overlay-color":"","overlay-opacity":"","overlay-gradient":""},"tablet":{"background-color":"var(--ast-global-color-5)","background-image":"","background-repeat":"repeat","background-position":"center center","background-size":"auto","background-attachment":"scroll","background-type":"","background-media":"","overlay-type":"","overlay-color":"","overlay-opacity":"","overlay-gradient":""},"mobile":{"background-color":"var(--ast-global-color-5)","background-image":"","background-repeat":"repeat","background-position":"center center","background-size":"auto","background-attachment":"scroll","background-type":"","background-media":"","overlay-type":"","overlay-color":"","overlay-opacity":"","overlay-gradient":""}}},"product_brand":[],"product_cat":[29017],"product_tag":[],"pa_brand_name":[34250],"class_list":{"0":"post-120603","1":"product","2":"type-product","3":"status-publish","4":"has-post-thumbnail","6":"product_cat-winter-tires-studdable","7":"pa_brand_name-gt-radial-2","8":"desktop-align-left","9":"tablet-align-left","10":"mobile-align-left","12":"first","13":"outofstock","14":"taxable","15":"shipping-taxable","16":"purchasable","17":"product-type-simple"},"_links":{"self":[{"href":"https:\/\/shop.rettum.ee\/en\/wp-json\/wp\/v2\/product\/120603","targetHints":{"allow":["GET"]}}],"collection":[{"href":"https:\/\/shop.rettum.ee\/en\/wp-json\/wp\/v2\/product"}],"about":[{"href":"https:\/\/shop.rettum.ee\/en\/wp-json\/wp\/v2\/types\/product"}],"version-history":[{"count":1,"href":"https:\/\/shop.rettum.ee\/en\/wp-json\/wp\/v2\/product\/120603\/revisions"}],"predecessor-version":[{"id":125880,"href":"https:\/\/shop.rettum.ee\/en\/wp-json\/wp\/v2\/product\/120603\/revisions\/125880"}],"wp:featuredmedia":[{"embeddable":true,"href":"https:\/\/shop.rettum.ee\/en\/wp-json\/wp\/v2\/media\/123907"}],"wp:attachment":[{"href":"https:\/\/shop.rettum.ee\/en\/wp-json\/wp\/v2\/media?parent=120603"}],"wp:term":[{"taxonomy":"product_brand","embeddable":true,"href":"https:\/\/shop.rettum.ee\/en\/wp-json\/wp\/v2\/product_brand?post=120603"},{"taxonomy":"product_cat","embeddable":true,"href":"https:\/\/shop.rettum.ee\/en\/wp-json\/wp\/v2\/product_cat?post=120603"},{"taxonomy":"product_tag","embeddable":true,"href":"https:\/\/shop.rettum.ee\/en\/wp-json\/wp\/v2\/product_tag?post=120603"},{"taxonomy":"pa_brand_name","embeddable":true,"href":"https:\/\/shop.rettum.ee\/en\/wp-json\/wp\/v2\/pa_brand_name?post=120603"}],"curies":[{"name":"wp","href":"https:\/\/api.w.org\/{rel}","templated":true}]}}