{"id":120604,"date":"2025-03-31T03:04:15","date_gmt":"2025-03-31T00:04:15","guid":{"rendered":"https:\/\/shop.rettum.ee\/toode\/225-50r17-gt-radial-icepro-3-98t-xl-rp-studdable-cdb72-3pmsf-ms\/"},"modified":"2026-03-22T03:05:19","modified_gmt":"2026-03-22T01:05:19","slug":"225-50r17-gt-radial-icepro-3-98t-xl-rp-studdable-cdb72-3pmsf-ms","status":"publish","type":"product","link":"https:\/\/shop.rettum.ee\/en\/product\/225-50r17-gt-radial-icepro-3-98t-xl-rp-studdable-cdb72-3pmsf-ms\/","title":{"rendered":"225\/50R17 GT RADIAL ICEPRO 3 98T XL RP Studdable CDB72 3PMSF M+S"},"content":{"rendered":"<p>225\/50R17 GT RADIAL ICEPRO 3 98T XL RP Studdable CDB72 3PMSF M+S on tipptasemel talver\u00f5u, mis on loodud n\u00f5udlikule juhtidele ja erakordselt keerulistes talves. Selle rehvi m\u00f5\u00f5tmed tagavad suurep\u00e4rase stabiilsuse ja juhitavuse isegi j\u00e4isel ja lumisel pinnal. Suurep\u00e4rased kihilised disainielemendid, kaasaehitus ja v\u00f5imalus kasutada kinnitusi (studdable) annavad kindlustunne ka k\u00f5ige n\u00f5udlikumates talevaoludes.<\/p>\n<p>Rehvil on k\u00f5rge j\u00f5udlusn\u00e4itaja 98T, mis tagab sportliku kiirustamiseks sobiva vastupidavuse ja stabiilsuse. XL (Extra Load) versioon v\u00f5imaldab suuremat koormust, pakkudes seega nii kergeid kui raskemaid s\u00f5idukid. Lisaks on rehvil m\u00e4rgistused 3PMSF ja M+S, mis kinnitavad vastupidavust ning sooritusv\u00f5imet nii lumel, j\u00e4\u00e4l kui ka mudas. CDB72 tehnoloogia ja RP disain on loodud optimeerima haarduvust ning tagama usaldusv\u00e4\u00e4rse pidamise isegi ekstreemsetes tingimustes.<\/p>\n<p>Kombineerides innovatiivse tehnoloogia ja kvaliteetse valmistuse, on 225\/50R17 GT RADIAL ICEPRO 3 ideaalne lahendus neile, kes soovivad turvalist ja kindlat s\u00f5itu ka k\u00f5ige talvisemates teedel.<\/p>","protected":false},"excerpt":{"rendered":"<p>225\/50R17 GT RADIAL ICEPRO 3 98T XL RP Studdable CDB72 3PMSF M+S on tipptasemel talver\u00f5u, mis on loodud n\u00f5udlikule juhtidele ja erakordselt keerulistes talves. Selle rehvi m\u00f5\u00f5tmed tagavad suurep\u00e4rase stabiilsuse ja juhitavuse isegi j\u00e4isel ja lumisel pinnal. Suurep\u00e4rased kihilised disainielemendid, kaasaehitus ja v\u00f5imalus kasutada kinnitusi (studdable) annavad kindlustunne ka k\u00f5ige n\u00f5udlikumates talevaoludes. Rehvil on k\u00f5rge [&hellip;]<\/p>\n","protected":false},"featured_media":123907,"template":"","meta":{"site-sidebar-layout":"default","site-content-layout":"","ast-site-content-layout":"","site-content-style":"default","site-sidebar-style":"default","ast-global-header-display":"","ast-banner-title-visibility":"","ast-main-header-display":"","ast-hfb-above-header-display":"","ast-hfb-below-header-display":"","ast-hfb-mobile-header-display":"","site-post-title":"","ast-breadcrumbs-content":"","ast-featured-img":"","footer-sml-layout":"","theme-transparent-header-meta":"","adv-header-id-meta":"","stick-header-meta":"","header-above-stick-meta":"","header-main-stick-meta":"","header-below-stick-meta":"","astra-migrate-meta-layouts":"default","ast-page-background-enabled":"default","ast-page-background-meta":{"desktop":{"background-color":"","background-image":"","background-repeat":"repeat","background-position":"center center","background-size":"auto","background-attachment":"scroll","background-type":"","background-media":"","overlay-type":"","overlay-color":"","overlay-opacity":"","overlay-gradient":""},"tablet":{"background-color":"","background-image":"","background-repeat":"repeat","background-position":"center center","background-size":"auto","background-attachment":"scroll","background-type":"","background-media":"","overlay-type":"","overlay-color":"","overlay-opacity":"","overlay-gradient":""},"mobile":{"background-color":"","background-image":"","background-repeat":"repeat","background-position":"center center","background-size":"auto","background-attachment":"scroll","background-type":"","background-media":"","overlay-type":"","overlay-color":"","overlay-opacity":"","overlay-gradient":""}},"ast-content-background-meta":{"desktop":{"background-color":"var(--ast-global-color-5)","background-image":"","background-repeat":"repeat","background-position":"center center","background-size":"auto","background-attachment":"scroll","background-type":"","background-media":"","overlay-type":"","overlay-color":"","overlay-opacity":"","overlay-gradient":""},"tablet":{"background-color":"var(--ast-global-color-5)","background-image":"","background-repeat":"repeat","background-position":"center center","background-size":"auto","background-attachment":"scroll","background-type":"","background-media":"","overlay-type":"","overlay-color":"","overlay-opacity":"","overlay-gradient":""},"mobile":{"background-color":"var(--ast-global-color-5)","background-image":"","background-repeat":"repeat","background-position":"center center","background-size":"auto","background-attachment":"scroll","background-type":"","background-media":"","overlay-type":"","overlay-color":"","overlay-opacity":"","overlay-gradient":""}}},"product_brand":[],"product_cat":[29017],"product_tag":[],"pa_brand_name":[34250],"class_list":{"0":"post-120604","1":"product","2":"type-product","3":"status-publish","4":"has-post-thumbnail","6":"product_cat-winter-tires-studdable","7":"pa_brand_name-gt-radial-2","8":"desktop-align-left","9":"tablet-align-left","10":"mobile-align-left","12":"first","13":"outofstock","14":"taxable","15":"shipping-taxable","16":"purchasable","17":"product-type-simple"},"_links":{"self":[{"href":"https:\/\/shop.rettum.ee\/en\/wp-json\/wp\/v2\/product\/120604","targetHints":{"allow":["GET"]}}],"collection":[{"href":"https:\/\/shop.rettum.ee\/en\/wp-json\/wp\/v2\/product"}],"about":[{"href":"https:\/\/shop.rettum.ee\/en\/wp-json\/wp\/v2\/types\/product"}],"version-history":[{"count":1,"href":"https:\/\/shop.rettum.ee\/en\/wp-json\/wp\/v2\/product\/120604\/revisions"}],"predecessor-version":[{"id":125877,"href":"https:\/\/shop.rettum.ee\/en\/wp-json\/wp\/v2\/product\/120604\/revisions\/125877"}],"wp:featuredmedia":[{"embeddable":true,"href":"https:\/\/shop.rettum.ee\/en\/wp-json\/wp\/v2\/media\/123907"}],"wp:attachment":[{"href":"https:\/\/shop.rettum.ee\/en\/wp-json\/wp\/v2\/media?parent=120604"}],"wp:term":[{"taxonomy":"product_brand","embeddable":true,"href":"https:\/\/shop.rettum.ee\/en\/wp-json\/wp\/v2\/product_brand?post=120604"},{"taxonomy":"product_cat","embeddable":true,"href":"https:\/\/shop.rettum.ee\/en\/wp-json\/wp\/v2\/product_cat?post=120604"},{"taxonomy":"product_tag","embeddable":true,"href":"https:\/\/shop.rettum.ee\/en\/wp-json\/wp\/v2\/product_tag?post=120604"},{"taxonomy":"pa_brand_name","embeddable":true,"href":"https:\/\/shop.rettum.ee\/en\/wp-json\/wp\/v2\/pa_brand_name?post=120604"}],"curies":[{"name":"wp","href":"https:\/\/api.w.org\/{rel}","templated":true}]}}