{"id":120606,"date":"2025-03-31T03:04:16","date_gmt":"2025-03-31T00:04:16","guid":{"rendered":"https:\/\/shop.rettum.ee\/toode\/225-55r17-gt-radial-icepro-3-evo-101t-xl-rp-studded-3pmsf-ms\/"},"modified":"2026-03-22T03:05:19","modified_gmt":"2026-03-22T01:05:19","slug":"225-55r17-gt-radial-icepro-3-evo-101t-xl-rp-studded-3pmsf-ms","status":"publish","type":"product","link":"https:\/\/shop.rettum.ee\/en\/product\/225-55r17-gt-radial-icepro-3-evo-101t-xl-rp-studded-3pmsf-ms\/","title":{"rendered":"225\/55R17 GT RADIAL ICEPRO 3 (EVO) 101T XL RP Studded 3PMSF M+S"},"content":{"rendered":"<p>225\/55R17 GT RADIAL ICEPRO 3 (EVO) on k\u00f5rgetasemeline talverehv, mis pakub erakordset haarduvust ja kindlustunnet ka k\u00f5ige n\u00f5udlikumates talvetingimustes. Selle unikaalne disain koos metallist pulgadega tagab maksimaalse ratta haarduvuse lumel, j\u00e4\u00e4l ja libedal pinnal, olles ideaalne valik nii lumisele kui ka muda- ja porisele teele. <\/p>\n<p>Rehvi 3PMSF m\u00e4rgis kinnitab selle suurep\u00e4rase soorituse karmides talveoludes, pakkudes t\u00e4iuslikku t\u00f6\u00f6kindlust ning ohutust. XL ja RP klassifitseeringud tagavad suure t\u00e4iendava kandev\u00f5ime ja v\u00f5imaluse s\u00f5ita ka rehvikahjustuse korral, v\u00f5imaldades seel\u00e4bi suuremat turvalisust ja muretut s\u00f5itu. <\/p>\n<p>Evo versiooniga ICEPRO 3 on loodud pakkuma optimaalset tasakaalu j\u00f5udluse ja vastupidavuse vahel, kindlustades madala veeretakistuse ja suure energiaefektiivsuse. See rehv sobib suurep\u00e4raselt autodele, mis vajavad usaldusv\u00e4\u00e4rset ja vastupidavat talvetakki, pakkudes tugevat haarduvust ning suurep\u00e4rast juhitavust igal teel. <\/p>\n<p>Valides 225\/55R17 GT RADIAL ICEPRO 3, investeerite ohutusse, kvaliteeti ning tipptasemel tehnoloogiasse, mis vastab k\u00f5ige k\u00f5rgematele n\u00f5uetele ka k\u00f5ige karmimates ilmastikutingimustes.<\/p>","protected":false},"excerpt":{"rendered":"<p>225\/55R17 GT RADIAL ICEPRO 3 (EVO) on k\u00f5rgetasemeline talverehv, mis pakub erakordset haarduvust ja kindlustunnet ka k\u00f5ige n\u00f5udlikumates talvetingimustes. Selle unikaalne disain koos metallist pulgadega tagab maksimaalse ratta haarduvuse lumel, j\u00e4\u00e4l ja libedal pinnal, olles ideaalne valik nii lumisele kui ka muda- ja porisele teele. Rehvi 3PMSF m\u00e4rgis kinnitab selle suurep\u00e4rase soorituse karmides talveoludes, pakkudes [&hellip;]<\/p>\n","protected":false},"featured_media":123912,"template":"","meta":{"site-sidebar-layout":"default","site-content-layout":"","ast-site-content-layout":"","site-content-style":"default","site-sidebar-style":"default","ast-global-header-display":"","ast-banner-title-visibility":"","ast-main-header-display":"","ast-hfb-above-header-display":"","ast-hfb-below-header-display":"","ast-hfb-mobile-header-display":"","site-post-title":"","ast-breadcrumbs-content":"","ast-featured-img":"","footer-sml-layout":"","theme-transparent-header-meta":"","adv-header-id-meta":"","stick-header-meta":"","header-above-stick-meta":"","header-main-stick-meta":"","header-below-stick-meta":"","astra-migrate-meta-layouts":"default","ast-page-background-enabled":"default","ast-page-background-meta":{"desktop":{"background-color":"","background-image":"","background-repeat":"repeat","background-position":"center center","background-size":"auto","background-attachment":"scroll","background-type":"","background-media":"","overlay-type":"","overlay-color":"","overlay-opacity":"","overlay-gradient":""},"tablet":{"background-color":"","background-image":"","background-repeat":"repeat","background-position":"center center","background-size":"auto","background-attachment":"scroll","background-type":"","background-media":"","overlay-type":"","overlay-color":"","overlay-opacity":"","overlay-gradient":""},"mobile":{"background-color":"","background-image":"","background-repeat":"repeat","background-position":"center center","background-size":"auto","background-attachment":"scroll","background-type":"","background-media":"","overlay-type":"","overlay-color":"","overlay-opacity":"","overlay-gradient":""}},"ast-content-background-meta":{"desktop":{"background-color":"var(--ast-global-color-5)","background-image":"","background-repeat":"repeat","background-position":"center center","background-size":"auto","background-attachment":"scroll","background-type":"","background-media":"","overlay-type":"","overlay-color":"","overlay-opacity":"","overlay-gradient":""},"tablet":{"background-color":"var(--ast-global-color-5)","background-image":"","background-repeat":"repeat","background-position":"center center","background-size":"auto","background-attachment":"scroll","background-type":"","background-media":"","overlay-type":"","overlay-color":"","overlay-opacity":"","overlay-gradient":""},"mobile":{"background-color":"var(--ast-global-color-5)","background-image":"","background-repeat":"repeat","background-position":"center center","background-size":"auto","background-attachment":"scroll","background-type":"","background-media":"","overlay-type":"","overlay-color":"","overlay-opacity":"","overlay-gradient":""}}},"product_brand":[],"product_cat":[34229],"product_tag":[],"pa_brand_name":[34250],"class_list":{"0":"post-120606","1":"product","2":"type-product","3":"status-publish","4":"has-post-thumbnail","6":"product_cat-winter-tires-with-studs","7":"pa_brand_name-gt-radial-2","8":"desktop-align-left","9":"tablet-align-left","10":"mobile-align-left","12":"first","13":"outofstock","14":"taxable","15":"shipping-taxable","16":"purchasable","17":"product-type-simple"},"_links":{"self":[{"href":"https:\/\/shop.rettum.ee\/en\/wp-json\/wp\/v2\/product\/120606","targetHints":{"allow":["GET"]}}],"collection":[{"href":"https:\/\/shop.rettum.ee\/en\/wp-json\/wp\/v2\/product"}],"about":[{"href":"https:\/\/shop.rettum.ee\/en\/wp-json\/wp\/v2\/types\/product"}],"version-history":[{"count":1,"href":"https:\/\/shop.rettum.ee\/en\/wp-json\/wp\/v2\/product\/120606\/revisions"}],"predecessor-version":[{"id":125876,"href":"https:\/\/shop.rettum.ee\/en\/wp-json\/wp\/v2\/product\/120606\/revisions\/125876"}],"wp:featuredmedia":[{"embeddable":true,"href":"https:\/\/shop.rettum.ee\/en\/wp-json\/wp\/v2\/media\/123912"}],"wp:attachment":[{"href":"https:\/\/shop.rettum.ee\/en\/wp-json\/wp\/v2\/media?parent=120606"}],"wp:term":[{"taxonomy":"product_brand","embeddable":true,"href":"https:\/\/shop.rettum.ee\/en\/wp-json\/wp\/v2\/product_brand?post=120606"},{"taxonomy":"product_cat","embeddable":true,"href":"https:\/\/shop.rettum.ee\/en\/wp-json\/wp\/v2\/product_cat?post=120606"},{"taxonomy":"product_tag","embeddable":true,"href":"https:\/\/shop.rettum.ee\/en\/wp-json\/wp\/v2\/product_tag?post=120606"},{"taxonomy":"pa_brand_name","embeddable":true,"href":"https:\/\/shop.rettum.ee\/en\/wp-json\/wp\/v2\/pa_brand_name?post=120606"}],"curies":[{"name":"wp","href":"https:\/\/api.w.org\/{rel}","templated":true}]}}