{"id":120607,"date":"2025-03-31T03:04:17","date_gmt":"2025-03-31T00:04:17","guid":{"rendered":"https:\/\/shop.rettum.ee\/toode\/235-55r17-gt-radial-icepro-3-99t-rp-studdable-ddb72-3pmsf-ms\/"},"modified":"2026-01-27T02:45:36","modified_gmt":"2026-01-27T00:45:36","slug":"235-55r17-gt-radial-icepro-3-99t-rp-studdable-ddb72-3pmsf-ms","status":"publish","type":"product","link":"https:\/\/shop.rettum.ee\/en\/product\/235-55r17-gt-radial-icepro-3-99t-rp-studdable-ddb72-3pmsf-ms\/","title":{"rendered":"235\/55R17 GT RADIAL ICEPRO 3 99T RP Studdable DDB72 3PMSF M+S"},"content":{"rendered":"<p>235\/55R17 GT RADIAL ICEPRO 3 rehvid on loodud tagamaks turvalist s\u00f5itu ka k\u00f5ige keerulisemates talveoludes. T\u00e4nu uuenduslikule radiaalstruktuurile ja spetsiaalselt v\u00e4lja t\u00f6\u00f6tatud gummisegule tagab see rehv suurep\u00e4rase haarduvuse nii nugatud kui ka lumisel pindal. 3PMSF (Three Peak Mountain Snowflake) s\u00fcmbol kinnitab rehvi oskust toime tulla karmide talviste tingimustega, samas kui M+S m\u00e4rk r\u00f5hutab selle mitmek\u00fclgseid omadusi mudasel ja lumisel teel.<\/p>\n<p>Rehv on varustatud studdable lahendusega, mis v\u00f5imaldab vajadusel lisada studde, parandades seel\u00e4bi j\u00e4istel pindadel haarduvust ja kindlustunnet. 99T kiirusklass annab tunnistust tugevast koormustaluvusest ning optimaalsetest s\u00f5iduomadustest. Rehvi m\u00f5\u00f5tmed 235\/55R17 sobivad erinevate s\u00f5idukitega, pakkudes suurep\u00e4rast stabiilsust ja ohutust nii igap\u00e4evases s\u00f5idus kui ka n\u00f5udlikumates talveringliiklustes.<\/p>\n<p>DDB72 tootmiskood annab lisainfot kvaliteedikontrolli ja tootmisstandardite kohta, kinnitades selle rehvi vastupidavust ja usaldusv\u00e4\u00e4rsust. Valides GT RADIAL ICEPRO 3, panustate turvalisse ja efektiivse talvisse s\u00f5idukogemusse.<\/p>","protected":false},"excerpt":{"rendered":"<p>235\/55R17 GT RADIAL ICEPRO 3 rehvid on loodud tagamaks turvalist s\u00f5itu ka k\u00f5ige keerulisemates talveoludes. T\u00e4nu uuenduslikule radiaalstruktuurile ja spetsiaalselt v\u00e4lja t\u00f6\u00f6tatud gummisegule tagab see rehv suurep\u00e4rase haarduvuse nii nugatud kui ka lumisel pindal. 3PMSF (Three Peak Mountain Snowflake) s\u00fcmbol kinnitab rehvi oskust toime tulla karmide talviste tingimustega, samas kui M+S m\u00e4rk r\u00f5hutab selle mitmek\u00fclgseid [&hellip;]<\/p>\n","protected":false},"featured_media":123907,"template":"","meta":{"site-sidebar-layout":"default","site-content-layout":"","ast-site-content-layout":"","site-content-style":"default","site-sidebar-style":"default","ast-global-header-display":"","ast-banner-title-visibility":"","ast-main-header-display":"","ast-hfb-above-header-display":"","ast-hfb-below-header-display":"","ast-hfb-mobile-header-display":"","site-post-title":"","ast-breadcrumbs-content":"","ast-featured-img":"","footer-sml-layout":"","theme-transparent-header-meta":"","adv-header-id-meta":"","stick-header-meta":"","header-above-stick-meta":"","header-main-stick-meta":"","header-below-stick-meta":"","astra-migrate-meta-layouts":"default","ast-page-background-enabled":"default","ast-page-background-meta":{"desktop":{"background-color":"","background-image":"","background-repeat":"repeat","background-position":"center center","background-size":"auto","background-attachment":"scroll","background-type":"","background-media":"","overlay-type":"","overlay-color":"","overlay-opacity":"","overlay-gradient":""},"tablet":{"background-color":"","background-image":"","background-repeat":"repeat","background-position":"center center","background-size":"auto","background-attachment":"scroll","background-type":"","background-media":"","overlay-type":"","overlay-color":"","overlay-opacity":"","overlay-gradient":""},"mobile":{"background-color":"","background-image":"","background-repeat":"repeat","background-position":"center center","background-size":"auto","background-attachment":"scroll","background-type":"","background-media":"","overlay-type":"","overlay-color":"","overlay-opacity":"","overlay-gradient":""}},"ast-content-background-meta":{"desktop":{"background-color":"var(--ast-global-color-5)","background-image":"","background-repeat":"repeat","background-position":"center center","background-size":"auto","background-attachment":"scroll","background-type":"","background-media":"","overlay-type":"","overlay-color":"","overlay-opacity":"","overlay-gradient":""},"tablet":{"background-color":"var(--ast-global-color-5)","background-image":"","background-repeat":"repeat","background-position":"center center","background-size":"auto","background-attachment":"scroll","background-type":"","background-media":"","overlay-type":"","overlay-color":"","overlay-opacity":"","overlay-gradient":""},"mobile":{"background-color":"var(--ast-global-color-5)","background-image":"","background-repeat":"repeat","background-position":"center center","background-size":"auto","background-attachment":"scroll","background-type":"","background-media":"","overlay-type":"","overlay-color":"","overlay-opacity":"","overlay-gradient":""}}},"product_brand":[],"product_cat":[29017],"product_tag":[],"pa_brand_name":[34250],"class_list":{"0":"post-120607","1":"product","2":"type-product","3":"status-publish","4":"has-post-thumbnail","6":"product_cat-winter-tires-studdable","7":"pa_brand_name-gt-radial-2","8":"desktop-align-left","9":"tablet-align-left","10":"mobile-align-left","12":"first","13":"outofstock","14":"taxable","15":"shipping-taxable","16":"purchasable","17":"product-type-simple"},"_links":{"self":[{"href":"https:\/\/shop.rettum.ee\/en\/wp-json\/wp\/v2\/product\/120607","targetHints":{"allow":["GET"]}}],"collection":[{"href":"https:\/\/shop.rettum.ee\/en\/wp-json\/wp\/v2\/product"}],"about":[{"href":"https:\/\/shop.rettum.ee\/en\/wp-json\/wp\/v2\/types\/product"}],"version-history":[{"count":1,"href":"https:\/\/shop.rettum.ee\/en\/wp-json\/wp\/v2\/product\/120607\/revisions"}],"predecessor-version":[{"id":125874,"href":"https:\/\/shop.rettum.ee\/en\/wp-json\/wp\/v2\/product\/120607\/revisions\/125874"}],"wp:featuredmedia":[{"embeddable":true,"href":"https:\/\/shop.rettum.ee\/en\/wp-json\/wp\/v2\/media\/123907"}],"wp:attachment":[{"href":"https:\/\/shop.rettum.ee\/en\/wp-json\/wp\/v2\/media?parent=120607"}],"wp:term":[{"taxonomy":"product_brand","embeddable":true,"href":"https:\/\/shop.rettum.ee\/en\/wp-json\/wp\/v2\/product_brand?post=120607"},{"taxonomy":"product_cat","embeddable":true,"href":"https:\/\/shop.rettum.ee\/en\/wp-json\/wp\/v2\/product_cat?post=120607"},{"taxonomy":"product_tag","embeddable":true,"href":"https:\/\/shop.rettum.ee\/en\/wp-json\/wp\/v2\/product_tag?post=120607"},{"taxonomy":"pa_brand_name","embeddable":true,"href":"https:\/\/shop.rettum.ee\/en\/wp-json\/wp\/v2\/pa_brand_name?post=120607"}],"curies":[{"name":"wp","href":"https:\/\/api.w.org\/{rel}","templated":true}]}}