{"id":120608,"date":"2025-03-31T03:04:17","date_gmt":"2025-03-31T00:04:17","guid":{"rendered":"https:\/\/shop.rettum.ee\/toode\/235-60r17-gt-radial-icepro-suv-3-evo-106t-xl-studded-3pmsf-ms\/"},"modified":"2026-03-22T03:05:19","modified_gmt":"2026-03-22T01:05:19","slug":"235-60r17-gt-radial-icepro-suv-3-evo-106t-xl-studded-3pmsf-ms","status":"publish","type":"product","link":"https:\/\/shop.rettum.ee\/en\/product\/235-60r17-gt-radial-icepro-suv-3-evo-106t-xl-studded-3pmsf-ms\/","title":{"rendered":"235\/60R17 GT RADIAL ICEPRO SUV 3 (EVO) 106T XL Studded 3PMSF M+S"},"content":{"rendered":"<p>Avasta uus talvine kindlus ja j\u00f5udlus GT RADIAL ICEPRO SUV 3 (EVO) rehvidega. Need 235\/60R17 m\u00f5\u00f5tmetega XL-rehvid pakuvad suure koormustaluvust ning 106T kiirusindeks tagab stabiilsuse ka kiirematel s\u00f5itudel. Studded disain koos 3PMSF m\u00e4rgisega annab erakordse haarduvuse libedal ja j\u00e4isel pinnal, olles ideaalsed valikud lumises ning k\u00fclmas keskkonnas s\u00f5itmiseks.<\/p>\n<p>M+S (mud and snow) klassifitseerimine kinnitab rehvi v\u00f5imekust erinevates ilmastikutingimustes, pakkudes usaldusv\u00e4\u00e4rset turvatunnet igal teekonnal. EVO tehnoloogia kaasaegsete materjalide ja optimeeritud mustritega aitab v\u00e4hendada veeretakistust, parandades k\u00fctuses\u00e4\u00e4stlikkust ja pikendades rehvi kasutusiga. Need omadused teevad GT RADIAL ICEPRO SUV 3 (EVO) rehvidest ideaalse valiku SUV-idele, kellel on k\u00f5rged n\u00f5udmised nii turvalisuse kui ka kestvuse osas.<\/p>\n<p>Investeerides sellesse rehvikesse, saavutate kindla ja usaldusv\u00e4\u00e4rse s\u00f5idu, olenemata teekonna v\u00e4ljakutsetest.<\/p>","protected":false},"excerpt":{"rendered":"<p>Avasta uus talvine kindlus ja j\u00f5udlus GT RADIAL ICEPRO SUV 3 (EVO) rehvidega. Need 235\/60R17 m\u00f5\u00f5tmetega XL-rehvid pakuvad suure koormustaluvust ning 106T kiirusindeks tagab stabiilsuse ka kiirematel s\u00f5itudel. Studded disain koos 3PMSF m\u00e4rgisega annab erakordse haarduvuse libedal ja j\u00e4isel pinnal, olles ideaalsed valikud lumises ning k\u00fclmas keskkonnas s\u00f5itmiseks. M+S (mud and snow) klassifitseerimine kinnitab rehvi [&hellip;]<\/p>\n","protected":false},"featured_media":123913,"template":"","meta":{"site-sidebar-layout":"default","site-content-layout":"","ast-site-content-layout":"","site-content-style":"default","site-sidebar-style":"default","ast-global-header-display":"","ast-banner-title-visibility":"","ast-main-header-display":"","ast-hfb-above-header-display":"","ast-hfb-below-header-display":"","ast-hfb-mobile-header-display":"","site-post-title":"","ast-breadcrumbs-content":"","ast-featured-img":"","footer-sml-layout":"","theme-transparent-header-meta":"","adv-header-id-meta":"","stick-header-meta":"","header-above-stick-meta":"","header-main-stick-meta":"","header-below-stick-meta":"","astra-migrate-meta-layouts":"default","ast-page-background-enabled":"default","ast-page-background-meta":{"desktop":{"background-color":"","background-image":"","background-repeat":"repeat","background-position":"center center","background-size":"auto","background-attachment":"scroll","background-type":"","background-media":"","overlay-type":"","overlay-color":"","overlay-opacity":"","overlay-gradient":""},"tablet":{"background-color":"","background-image":"","background-repeat":"repeat","background-position":"center center","background-size":"auto","background-attachment":"scroll","background-type":"","background-media":"","overlay-type":"","overlay-color":"","overlay-opacity":"","overlay-gradient":""},"mobile":{"background-color":"","background-image":"","background-repeat":"repeat","background-position":"center center","background-size":"auto","background-attachment":"scroll","background-type":"","background-media":"","overlay-type":"","overlay-color":"","overlay-opacity":"","overlay-gradient":""}},"ast-content-background-meta":{"desktop":{"background-color":"var(--ast-global-color-5)","background-image":"","background-repeat":"repeat","background-position":"center center","background-size":"auto","background-attachment":"scroll","background-type":"","background-media":"","overlay-type":"","overlay-color":"","overlay-opacity":"","overlay-gradient":""},"tablet":{"background-color":"var(--ast-global-color-5)","background-image":"","background-repeat":"repeat","background-position":"center center","background-size":"auto","background-attachment":"scroll","background-type":"","background-media":"","overlay-type":"","overlay-color":"","overlay-opacity":"","overlay-gradient":""},"mobile":{"background-color":"var(--ast-global-color-5)","background-image":"","background-repeat":"repeat","background-position":"center center","background-size":"auto","background-attachment":"scroll","background-type":"","background-media":"","overlay-type":"","overlay-color":"","overlay-opacity":"","overlay-gradient":""}}},"product_brand":[],"product_cat":[34229],"product_tag":[],"pa_brand_name":[34250],"class_list":{"0":"post-120608","1":"product","2":"type-product","3":"status-publish","4":"has-post-thumbnail","6":"product_cat-winter-tires-with-studs","7":"pa_brand_name-gt-radial-2","8":"desktop-align-left","9":"tablet-align-left","10":"mobile-align-left","12":"first","13":"outofstock","14":"taxable","15":"shipping-taxable","16":"purchasable","17":"product-type-simple"},"_links":{"self":[{"href":"https:\/\/shop.rettum.ee\/en\/wp-json\/wp\/v2\/product\/120608","targetHints":{"allow":["GET"]}}],"collection":[{"href":"https:\/\/shop.rettum.ee\/en\/wp-json\/wp\/v2\/product"}],"about":[{"href":"https:\/\/shop.rettum.ee\/en\/wp-json\/wp\/v2\/types\/product"}],"version-history":[{"count":1,"href":"https:\/\/shop.rettum.ee\/en\/wp-json\/wp\/v2\/product\/120608\/revisions"}],"predecessor-version":[{"id":125875,"href":"https:\/\/shop.rettum.ee\/en\/wp-json\/wp\/v2\/product\/120608\/revisions\/125875"}],"wp:featuredmedia":[{"embeddable":true,"href":"https:\/\/shop.rettum.ee\/en\/wp-json\/wp\/v2\/media\/123913"}],"wp:attachment":[{"href":"https:\/\/shop.rettum.ee\/en\/wp-json\/wp\/v2\/media?parent=120608"}],"wp:term":[{"taxonomy":"product_brand","embeddable":true,"href":"https:\/\/shop.rettum.ee\/en\/wp-json\/wp\/v2\/product_brand?post=120608"},{"taxonomy":"product_cat","embeddable":true,"href":"https:\/\/shop.rettum.ee\/en\/wp-json\/wp\/v2\/product_cat?post=120608"},{"taxonomy":"product_tag","embeddable":true,"href":"https:\/\/shop.rettum.ee\/en\/wp-json\/wp\/v2\/product_tag?post=120608"},{"taxonomy":"pa_brand_name","embeddable":true,"href":"https:\/\/shop.rettum.ee\/en\/wp-json\/wp\/v2\/pa_brand_name?post=120608"}],"curies":[{"name":"wp","href":"https:\/\/api.w.org\/{rel}","templated":true}]}}