{"id":120609,"date":"2025-03-31T03:04:18","date_gmt":"2025-03-31T00:04:18","guid":{"rendered":"https:\/\/shop.rettum.ee\/toode\/225-40r18-gt-radial-icepro-3-92t-xl-rp-studdable-ddb72-3pmsf-ms\/"},"modified":"2026-03-22T03:05:19","modified_gmt":"2026-03-22T01:05:19","slug":"225-40r18-gt-radial-icepro-3-92t-xl-rp-studdable-ddb72-3pmsf-ms","status":"publish","type":"product","link":"https:\/\/shop.rettum.ee\/en\/product\/225-40r18-gt-radial-icepro-3-92t-xl-rp-studdable-ddb72-3pmsf-ms\/","title":{"rendered":"225\/40R18 GT RADIAL ICEPRO 3 92T XL RP Studdable DDB72 3PMSF M+S"},"content":{"rendered":"<p>225\/40R18 GT RADIAL ICEPRO 3 rehvil on loodud n\u00f5udlikuks talviseks s\u00f5iduks, pakkudes erakordset haarduvust ja ohutust lumistel ja j\u00e4istel teedel. Sellel rehvil on 3PMSF ja M+S m\u00e4rgised, mis kinnitavad selle sobivust \u00e4\u00e4rmuslike ilmastikutingimustega ning tagavad enesekindla s\u00f5idu ka k\u00f5ige n\u00f5udlikumates olukordades.<\/p>\n<p>Studdable disain v\u00f5imaldab vajadusel lisada naelad, et suurendada tagapidamist lumel ja j\u00e4\u00e4l, samas kui XL klass ja 92T kiirusindeks tagavad t\u00e4iendava koormustaluvuse ning turvalise s\u00f5idu igal hetkedel. DDB72 tehnoloogia aitab saavutada suurep\u00e4rase stabiilsuse ja juhitavuse, v\u00e4hendades libisemise riski ning parandades man\u00f6\u00f6verdusv\u00f5imet.<\/p>\n<p>GT RADIAL ICEPRO 3 on ideaalne valik juhile, kes hindab k\u00f5rget turvalisust ja suurep\u00e4rast sooritust talvises s\u00f5idus, pakkudes kindlustunnet nii igap\u00e4evasel teel kui ka n\u00f5udlikumatel maanteedel.<\/p>","protected":false},"excerpt":{"rendered":"<p>225\/40R18 GT RADIAL ICEPRO 3 rehvil on loodud n\u00f5udlikuks talviseks s\u00f5iduks, pakkudes erakordset haarduvust ja ohutust lumistel ja j\u00e4istel teedel. Sellel rehvil on 3PMSF ja M+S m\u00e4rgised, mis kinnitavad selle sobivust \u00e4\u00e4rmuslike ilmastikutingimustega ning tagavad enesekindla s\u00f5idu ka k\u00f5ige n\u00f5udlikumates olukordades. Studdable disain v\u00f5imaldab vajadusel lisada naelad, et suurendada tagapidamist lumel ja j\u00e4\u00e4l, samas kui [&hellip;]<\/p>\n","protected":false},"featured_media":123907,"template":"","meta":{"site-sidebar-layout":"default","site-content-layout":"","ast-site-content-layout":"","site-content-style":"default","site-sidebar-style":"default","ast-global-header-display":"","ast-banner-title-visibility":"","ast-main-header-display":"","ast-hfb-above-header-display":"","ast-hfb-below-header-display":"","ast-hfb-mobile-header-display":"","site-post-title":"","ast-breadcrumbs-content":"","ast-featured-img":"","footer-sml-layout":"","theme-transparent-header-meta":"","adv-header-id-meta":"","stick-header-meta":"","header-above-stick-meta":"","header-main-stick-meta":"","header-below-stick-meta":"","astra-migrate-meta-layouts":"default","ast-page-background-enabled":"default","ast-page-background-meta":{"desktop":{"background-color":"","background-image":"","background-repeat":"repeat","background-position":"center center","background-size":"auto","background-attachment":"scroll","background-type":"","background-media":"","overlay-type":"","overlay-color":"","overlay-opacity":"","overlay-gradient":""},"tablet":{"background-color":"","background-image":"","background-repeat":"repeat","background-position":"center center","background-size":"auto","background-attachment":"scroll","background-type":"","background-media":"","overlay-type":"","overlay-color":"","overlay-opacity":"","overlay-gradient":""},"mobile":{"background-color":"","background-image":"","background-repeat":"repeat","background-position":"center center","background-size":"auto","background-attachment":"scroll","background-type":"","background-media":"","overlay-type":"","overlay-color":"","overlay-opacity":"","overlay-gradient":""}},"ast-content-background-meta":{"desktop":{"background-color":"var(--ast-global-color-5)","background-image":"","background-repeat":"repeat","background-position":"center center","background-size":"auto","background-attachment":"scroll","background-type":"","background-media":"","overlay-type":"","overlay-color":"","overlay-opacity":"","overlay-gradient":""},"tablet":{"background-color":"var(--ast-global-color-5)","background-image":"","background-repeat":"repeat","background-position":"center center","background-size":"auto","background-attachment":"scroll","background-type":"","background-media":"","overlay-type":"","overlay-color":"","overlay-opacity":"","overlay-gradient":""},"mobile":{"background-color":"var(--ast-global-color-5)","background-image":"","background-repeat":"repeat","background-position":"center center","background-size":"auto","background-attachment":"scroll","background-type":"","background-media":"","overlay-type":"","overlay-color":"","overlay-opacity":"","overlay-gradient":""}}},"product_brand":[],"product_cat":[29017],"product_tag":[],"pa_brand_name":[34250],"class_list":{"0":"post-120609","1":"product","2":"type-product","3":"status-publish","4":"has-post-thumbnail","6":"product_cat-winter-tires-studdable","7":"pa_brand_name-gt-radial-2","8":"desktop-align-left","9":"tablet-align-left","10":"mobile-align-left","12":"first","13":"outofstock","14":"taxable","15":"shipping-taxable","16":"purchasable","17":"product-type-simple"},"_links":{"self":[{"href":"https:\/\/shop.rettum.ee\/en\/wp-json\/wp\/v2\/product\/120609","targetHints":{"allow":["GET"]}}],"collection":[{"href":"https:\/\/shop.rettum.ee\/en\/wp-json\/wp\/v2\/product"}],"about":[{"href":"https:\/\/shop.rettum.ee\/en\/wp-json\/wp\/v2\/types\/product"}],"version-history":[{"count":1,"href":"https:\/\/shop.rettum.ee\/en\/wp-json\/wp\/v2\/product\/120609\/revisions"}],"predecessor-version":[{"id":125873,"href":"https:\/\/shop.rettum.ee\/en\/wp-json\/wp\/v2\/product\/120609\/revisions\/125873"}],"wp:featuredmedia":[{"embeddable":true,"href":"https:\/\/shop.rettum.ee\/en\/wp-json\/wp\/v2\/media\/123907"}],"wp:attachment":[{"href":"https:\/\/shop.rettum.ee\/en\/wp-json\/wp\/v2\/media?parent=120609"}],"wp:term":[{"taxonomy":"product_brand","embeddable":true,"href":"https:\/\/shop.rettum.ee\/en\/wp-json\/wp\/v2\/product_brand?post=120609"},{"taxonomy":"product_cat","embeddable":true,"href":"https:\/\/shop.rettum.ee\/en\/wp-json\/wp\/v2\/product_cat?post=120609"},{"taxonomy":"product_tag","embeddable":true,"href":"https:\/\/shop.rettum.ee\/en\/wp-json\/wp\/v2\/product_tag?post=120609"},{"taxonomy":"pa_brand_name","embeddable":true,"href":"https:\/\/shop.rettum.ee\/en\/wp-json\/wp\/v2\/pa_brand_name?post=120609"}],"curies":[{"name":"wp","href":"https:\/\/api.w.org\/{rel}","templated":true}]}}