{"id":120610,"date":"2025-03-31T03:04:19","date_gmt":"2025-03-31T00:04:19","guid":{"rendered":"https:\/\/shop.rettum.ee\/toode\/225-55r18-gt-radial-icepro-suv-3-evo-102t-xl-studded-3pmsf-ms\/"},"modified":"2026-03-22T03:05:19","modified_gmt":"2026-03-22T01:05:19","slug":"225-55r18-gt-radial-icepro-suv-3-evo-102t-xl-studded-3pmsf-ms","status":"publish","type":"product","link":"https:\/\/shop.rettum.ee\/en\/product\/225-55r18-gt-radial-icepro-suv-3-evo-102t-xl-studded-3pmsf-ms\/","title":{"rendered":"225\/55R18 GT RADIAL ICEPRO SUV 3 (EVO) 102T XL Studded 3PMSF M+S"},"content":{"rendered":"<p>Tutvustame uusimat talverehvi \u2013 225\/55R18 GT RADIAL ICEPRO SUV 3 (EVO) 102T XL Studded 3PMSF M+S. See rehv on spetsiaalselt loodud n\u00f5udlikele talveoludele, pakkudes erakordset haarduvust ja stabiilsust nii j\u00e4\u00e4- kui lumetingimustes. Rehvi unikaalne studd-tehnoloogia tagab maksimaalse pidamise j\u00e4\u00e4v\u00e4lispindadel, v\u00f5imaldades ohutut ja kindlat s\u00f5itu ka k\u00f5ige libedamatel teedel.<\/p>\n<p>3PMSF ja M+S m\u00e4rgistused kinnitavad rehvi suurep\u00e4raseid lumet\u00f5kke omadusi ning v\u00f5imet toime tulla ka mudaste ja \u00f5iste olukordadega. XL t\u00e4histab k\u00f5rget koormustaluvust, mis koos 102T koodi (koormus- ja kiirusn\u00e4itajad) tagab vastupidavuse ja usaldusv\u00e4\u00e4rsuse erinevates s\u00f5idutingimustes. <\/p>\n<p>GT RADIAL ICEPRO SUV 3 (EVO) on ideaalne valik peredele ja seiklushimulistele, kes hindavad turvalist ja stabiilset s\u00f5itu ka k\u00f5ige keerulisemates talveoludes. See kvaliteetne rehv \u00fchendab tipptasemel tehnoloogia ja usaldusv\u00e4\u00e4rsuse \u2013 sinu kindel kaaslane talvisel teel.<\/p>","protected":false},"excerpt":{"rendered":"<p>Tutvustame uusimat talverehvi \u2013 225\/55R18 GT RADIAL ICEPRO SUV 3 (EVO) 102T XL Studded 3PMSF M+S. See rehv on spetsiaalselt loodud n\u00f5udlikele talveoludele, pakkudes erakordset haarduvust ja stabiilsust nii j\u00e4\u00e4- kui lumetingimustes. Rehvi unikaalne studd-tehnoloogia tagab maksimaalse pidamise j\u00e4\u00e4v\u00e4lispindadel, v\u00f5imaldades ohutut ja kindlat s\u00f5itu ka k\u00f5ige libedamatel teedel. 3PMSF ja M+S m\u00e4rgistused kinnitavad rehvi suurep\u00e4raseid [&hellip;]<\/p>\n","protected":false},"featured_media":123913,"template":"","meta":{"site-sidebar-layout":"default","site-content-layout":"","ast-site-content-layout":"","site-content-style":"default","site-sidebar-style":"default","ast-global-header-display":"","ast-banner-title-visibility":"","ast-main-header-display":"","ast-hfb-above-header-display":"","ast-hfb-below-header-display":"","ast-hfb-mobile-header-display":"","site-post-title":"","ast-breadcrumbs-content":"","ast-featured-img":"","footer-sml-layout":"","theme-transparent-header-meta":"","adv-header-id-meta":"","stick-header-meta":"","header-above-stick-meta":"","header-main-stick-meta":"","header-below-stick-meta":"","astra-migrate-meta-layouts":"default","ast-page-background-enabled":"default","ast-page-background-meta":{"desktop":{"background-color":"","background-image":"","background-repeat":"repeat","background-position":"center center","background-size":"auto","background-attachment":"scroll","background-type":"","background-media":"","overlay-type":"","overlay-color":"","overlay-opacity":"","overlay-gradient":""},"tablet":{"background-color":"","background-image":"","background-repeat":"repeat","background-position":"center center","background-size":"auto","background-attachment":"scroll","background-type":"","background-media":"","overlay-type":"","overlay-color":"","overlay-opacity":"","overlay-gradient":""},"mobile":{"background-color":"","background-image":"","background-repeat":"repeat","background-position":"center center","background-size":"auto","background-attachment":"scroll","background-type":"","background-media":"","overlay-type":"","overlay-color":"","overlay-opacity":"","overlay-gradient":""}},"ast-content-background-meta":{"desktop":{"background-color":"var(--ast-global-color-5)","background-image":"","background-repeat":"repeat","background-position":"center center","background-size":"auto","background-attachment":"scroll","background-type":"","background-media":"","overlay-type":"","overlay-color":"","overlay-opacity":"","overlay-gradient":""},"tablet":{"background-color":"var(--ast-global-color-5)","background-image":"","background-repeat":"repeat","background-position":"center center","background-size":"auto","background-attachment":"scroll","background-type":"","background-media":"","overlay-type":"","overlay-color":"","overlay-opacity":"","overlay-gradient":""},"mobile":{"background-color":"var(--ast-global-color-5)","background-image":"","background-repeat":"repeat","background-position":"center center","background-size":"auto","background-attachment":"scroll","background-type":"","background-media":"","overlay-type":"","overlay-color":"","overlay-opacity":"","overlay-gradient":""}}},"product_brand":[],"product_cat":[34229],"product_tag":[],"pa_brand_name":[34250],"class_list":{"0":"post-120610","1":"product","2":"type-product","3":"status-publish","4":"has-post-thumbnail","6":"product_cat-winter-tires-with-studs","7":"pa_brand_name-gt-radial-2","8":"desktop-align-left","9":"tablet-align-left","10":"mobile-align-left","12":"first","13":"outofstock","14":"taxable","15":"shipping-taxable","16":"purchasable","17":"product-type-simple"},"_links":{"self":[{"href":"https:\/\/shop.rettum.ee\/en\/wp-json\/wp\/v2\/product\/120610","targetHints":{"allow":["GET"]}}],"collection":[{"href":"https:\/\/shop.rettum.ee\/en\/wp-json\/wp\/v2\/product"}],"about":[{"href":"https:\/\/shop.rettum.ee\/en\/wp-json\/wp\/v2\/types\/product"}],"version-history":[{"count":1,"href":"https:\/\/shop.rettum.ee\/en\/wp-json\/wp\/v2\/product\/120610\/revisions"}],"predecessor-version":[{"id":125872,"href":"https:\/\/shop.rettum.ee\/en\/wp-json\/wp\/v2\/product\/120610\/revisions\/125872"}],"wp:featuredmedia":[{"embeddable":true,"href":"https:\/\/shop.rettum.ee\/en\/wp-json\/wp\/v2\/media\/123913"}],"wp:attachment":[{"href":"https:\/\/shop.rettum.ee\/en\/wp-json\/wp\/v2\/media?parent=120610"}],"wp:term":[{"taxonomy":"product_brand","embeddable":true,"href":"https:\/\/shop.rettum.ee\/en\/wp-json\/wp\/v2\/product_brand?post=120610"},{"taxonomy":"product_cat","embeddable":true,"href":"https:\/\/shop.rettum.ee\/en\/wp-json\/wp\/v2\/product_cat?post=120610"},{"taxonomy":"product_tag","embeddable":true,"href":"https:\/\/shop.rettum.ee\/en\/wp-json\/wp\/v2\/product_tag?post=120610"},{"taxonomy":"pa_brand_name","embeddable":true,"href":"https:\/\/shop.rettum.ee\/en\/wp-json\/wp\/v2\/pa_brand_name?post=120610"}],"curies":[{"name":"wp","href":"https:\/\/api.w.org\/{rel}","templated":true}]}}