{"id":120611,"date":"2025-03-31T03:04:19","date_gmt":"2025-03-31T00:04:19","guid":{"rendered":"https:\/\/shop.rettum.ee\/toode\/235-45r18-gt-radial-icepro-3-evo-94t-rp-studded-3pmsf-ms\/"},"modified":"2026-03-22T03:05:19","modified_gmt":"2026-03-22T01:05:19","slug":"235-45r18-gt-radial-icepro-3-evo-94t-rp-studded-3pmsf-ms","status":"publish","type":"product","link":"https:\/\/shop.rettum.ee\/en\/product\/235-45r18-gt-radial-icepro-3-evo-94t-rp-studded-3pmsf-ms\/","title":{"rendered":"235\/45R18 GT RADIAL ICEPRO 3 (EVO) 94T RP Studded 3PMSF M+S"},"content":{"rendered":"<p>235\/45R18 GT RADIAL ICEPRO 3 (EVO) 94T RP Studded 3PMSF M+S on innovatiivne rehvikomplekt, mis on loodud kindlaks soorituseks k\u00f5ige raskemates talvised tingimustes. Rehvi spetsiaalsed kilbid tagavad erakordse haardumise j\u00e4\u00e4l ja lumel, pakkudes s\u00f5idukile maksimaalset stabiilsust ning ohutust ka k\u00f5ige n\u00f5udlikumates olukordades. Tunnustatud Three Peak Mountain Snowflake (3PMSF) ja M+S sertifikaadid kinnitavad rehvi suutlikkust pakkuda usaldusv\u00e4\u00e4rset j\u00f5udlust karmides talveilmades.<\/p>\n<p>EVO tehnoloogia ja kaasaegne rehvidisain vastavad k\u00f5rgetele ohutus- ja j\u00f5udlusstandarditele, v\u00f5imaldades nautida turvalist s\u00f5itu nii m\u00e4rgadel kui k\u00fclmadel teedel. Koormusindeks 94 ja kiirusindeks T tagavad, et rehvid suudavad kanda n\u00f5udlikke kasutuskoormusi ning toime tulla ka k\u00f5rgete kiirustega, vastates nii igap\u00e4evasele kasutusele kui ka sportlikumale s\u00f5idustiilile. GT RADIAL ICEPRO 3 (EVO) on usaldusv\u00e4\u00e4rne partner, kes pakub kindlat haarduvust ja stabiilsust ka k\u00f5ige muutlikumates ilmastikutingimustes.<\/p>","protected":false},"excerpt":{"rendered":"<p>235\/45R18 GT RADIAL ICEPRO 3 (EVO) 94T RP Studded 3PMSF M+S on innovatiivne rehvikomplekt, mis on loodud kindlaks soorituseks k\u00f5ige raskemates talvised tingimustes. Rehvi spetsiaalsed kilbid tagavad erakordse haardumise j\u00e4\u00e4l ja lumel, pakkudes s\u00f5idukile maksimaalset stabiilsust ning ohutust ka k\u00f5ige n\u00f5udlikumates olukordades. Tunnustatud Three Peak Mountain Snowflake (3PMSF) ja M+S sertifikaadid kinnitavad rehvi suutlikkust pakkuda [&hellip;]<\/p>\n","protected":false},"featured_media":123912,"template":"","meta":{"site-sidebar-layout":"default","site-content-layout":"","ast-site-content-layout":"","site-content-style":"default","site-sidebar-style":"default","ast-global-header-display":"","ast-banner-title-visibility":"","ast-main-header-display":"","ast-hfb-above-header-display":"","ast-hfb-below-header-display":"","ast-hfb-mobile-header-display":"","site-post-title":"","ast-breadcrumbs-content":"","ast-featured-img":"","footer-sml-layout":"","theme-transparent-header-meta":"","adv-header-id-meta":"","stick-header-meta":"","header-above-stick-meta":"","header-main-stick-meta":"","header-below-stick-meta":"","astra-migrate-meta-layouts":"default","ast-page-background-enabled":"default","ast-page-background-meta":{"desktop":{"background-color":"","background-image":"","background-repeat":"repeat","background-position":"center center","background-size":"auto","background-attachment":"scroll","background-type":"","background-media":"","overlay-type":"","overlay-color":"","overlay-opacity":"","overlay-gradient":""},"tablet":{"background-color":"","background-image":"","background-repeat":"repeat","background-position":"center center","background-size":"auto","background-attachment":"scroll","background-type":"","background-media":"","overlay-type":"","overlay-color":"","overlay-opacity":"","overlay-gradient":""},"mobile":{"background-color":"","background-image":"","background-repeat":"repeat","background-position":"center center","background-size":"auto","background-attachment":"scroll","background-type":"","background-media":"","overlay-type":"","overlay-color":"","overlay-opacity":"","overlay-gradient":""}},"ast-content-background-meta":{"desktop":{"background-color":"var(--ast-global-color-5)","background-image":"","background-repeat":"repeat","background-position":"center center","background-size":"auto","background-attachment":"scroll","background-type":"","background-media":"","overlay-type":"","overlay-color":"","overlay-opacity":"","overlay-gradient":""},"tablet":{"background-color":"var(--ast-global-color-5)","background-image":"","background-repeat":"repeat","background-position":"center center","background-size":"auto","background-attachment":"scroll","background-type":"","background-media":"","overlay-type":"","overlay-color":"","overlay-opacity":"","overlay-gradient":""},"mobile":{"background-color":"var(--ast-global-color-5)","background-image":"","background-repeat":"repeat","background-position":"center center","background-size":"auto","background-attachment":"scroll","background-type":"","background-media":"","overlay-type":"","overlay-color":"","overlay-opacity":"","overlay-gradient":""}}},"product_brand":[],"product_cat":[34229],"product_tag":[],"pa_brand_name":[34250],"class_list":{"0":"post-120611","1":"product","2":"type-product","3":"status-publish","4":"has-post-thumbnail","6":"product_cat-winter-tires-with-studs","7":"pa_brand_name-gt-radial-2","8":"desktop-align-left","9":"tablet-align-left","10":"mobile-align-left","12":"first","13":"outofstock","14":"taxable","15":"shipping-taxable","16":"purchasable","17":"product-type-simple"},"_links":{"self":[{"href":"https:\/\/shop.rettum.ee\/en\/wp-json\/wp\/v2\/product\/120611","targetHints":{"allow":["GET"]}}],"collection":[{"href":"https:\/\/shop.rettum.ee\/en\/wp-json\/wp\/v2\/product"}],"about":[{"href":"https:\/\/shop.rettum.ee\/en\/wp-json\/wp\/v2\/types\/product"}],"version-history":[{"count":1,"href":"https:\/\/shop.rettum.ee\/en\/wp-json\/wp\/v2\/product\/120611\/revisions"}],"predecessor-version":[{"id":125886,"href":"https:\/\/shop.rettum.ee\/en\/wp-json\/wp\/v2\/product\/120611\/revisions\/125886"}],"wp:featuredmedia":[{"embeddable":true,"href":"https:\/\/shop.rettum.ee\/en\/wp-json\/wp\/v2\/media\/123912"}],"wp:attachment":[{"href":"https:\/\/shop.rettum.ee\/en\/wp-json\/wp\/v2\/media?parent=120611"}],"wp:term":[{"taxonomy":"product_brand","embeddable":true,"href":"https:\/\/shop.rettum.ee\/en\/wp-json\/wp\/v2\/product_brand?post=120611"},{"taxonomy":"product_cat","embeddable":true,"href":"https:\/\/shop.rettum.ee\/en\/wp-json\/wp\/v2\/product_cat?post=120611"},{"taxonomy":"product_tag","embeddable":true,"href":"https:\/\/shop.rettum.ee\/en\/wp-json\/wp\/v2\/product_tag?post=120611"},{"taxonomy":"pa_brand_name","embeddable":true,"href":"https:\/\/shop.rettum.ee\/en\/wp-json\/wp\/v2\/pa_brand_name?post=120611"}],"curies":[{"name":"wp","href":"https:\/\/api.w.org\/{rel}","templated":true}]}}