{"id":120612,"date":"2025-03-31T03:04:20","date_gmt":"2025-03-31T00:04:20","guid":{"rendered":"https:\/\/shop.rettum.ee\/toode\/235-50r18-gt-radial-icepro-3-101t-xl-rp-studdable-cdb72-3pmsf-ms\/"},"modified":"2026-03-22T03:05:19","modified_gmt":"2026-03-22T01:05:19","slug":"235-50r18-gt-radial-icepro-3-101t-xl-rp-studdable-cdb72-3pmsf-ms","status":"publish","type":"product","link":"https:\/\/shop.rettum.ee\/en\/product\/235-50r18-gt-radial-icepro-3-101t-xl-rp-studdable-cdb72-3pmsf-ms\/","title":{"rendered":"235\/50R18 GT RADIAL ICEPRO 3 101T XL RP Studdable CDB72 3PMSF M+S"},"content":{"rendered":"<p>235\/50R18 GT RADIAL ICEPRO 3 101T XL RP Studdable CDB72 3PMSF M+S on tipptasemel rehvitootedetaegadele loodud insenerit\u00f6\u00f6 meistriteos, mis tagab usaldusv\u00e4\u00e4rse s\u00f5idu ja maksimaalse haardumise ka k\u00f5ige n\u00f5udlikumates talveoludes. Rehvi ulatuslik XL-k\u00f5rgkoormusindeks ja 101T kiirusklass v\u00f5imaldavad s\u00f5idukil hoida stabiilsust ning l\u00e4bida pikki vahemaid ka keerulistel teeoludel.<\/p>\n<p>Eriliselt kohandatud mustriga ja studdable (kruvi sobiv) konstruktsioon tagab, et rehvl on v\u00f5imalik varustada n\u00f5uetekohaste kruvidega, mis parandavad pidamist j\u00e4isel ja lumisel pinnal. 3PMSF (Three Peak Mountain Snowflake) ja M+S (Mud and Snow) sertifikaadid kinnitavad rehvi suurep\u00e4rase j\u00f5udluse ning ohutuse karmides talvetingimustes. CDB72 tehnoloogiat kasutades on rehvi disain optimeeritud nii k\u00fctuses\u00e4\u00e4stlikkusele kui ka \u00f6konoomsele s\u00f5idule, pakkudes samas erakordset pidamist ja juhitavust.<\/p>\n<p>Sobides ideaalselt turvalise ja m\u00f5nusa s\u00f5idukogemuse tagamiseks, on GT RADIAL ICEPRO 3 ideaalne valik s\u00f5itjatele, kes hindavad kvaliteeti, innovatsiooni ja usaldusv\u00e4\u00e4rsust ka k\u00f5ige muutuvamates ilmastikutingimustes.<\/p>","protected":false},"excerpt":{"rendered":"<p>235\/50R18 GT RADIAL ICEPRO 3 101T XL RP Studdable CDB72 3PMSF M+S on tipptasemel rehvitootedetaegadele loodud insenerit\u00f6\u00f6 meistriteos, mis tagab usaldusv\u00e4\u00e4rse s\u00f5idu ja maksimaalse haardumise ka k\u00f5ige n\u00f5udlikumates talveoludes. Rehvi ulatuslik XL-k\u00f5rgkoormusindeks ja 101T kiirusklass v\u00f5imaldavad s\u00f5idukil hoida stabiilsust ning l\u00e4bida pikki vahemaid ka keerulistel teeoludel. Eriliselt kohandatud mustriga ja studdable (kruvi sobiv) konstruktsioon tagab, [&hellip;]<\/p>\n","protected":false},"featured_media":123907,"template":"","meta":{"site-sidebar-layout":"default","site-content-layout":"","ast-site-content-layout":"","site-content-style":"default","site-sidebar-style":"default","ast-global-header-display":"","ast-banner-title-visibility":"","ast-main-header-display":"","ast-hfb-above-header-display":"","ast-hfb-below-header-display":"","ast-hfb-mobile-header-display":"","site-post-title":"","ast-breadcrumbs-content":"","ast-featured-img":"","footer-sml-layout":"","theme-transparent-header-meta":"","adv-header-id-meta":"","stick-header-meta":"","header-above-stick-meta":"","header-main-stick-meta":"","header-below-stick-meta":"","astra-migrate-meta-layouts":"default","ast-page-background-enabled":"default","ast-page-background-meta":{"desktop":{"background-color":"","background-image":"","background-repeat":"repeat","background-position":"center center","background-size":"auto","background-attachment":"scroll","background-type":"","background-media":"","overlay-type":"","overlay-color":"","overlay-opacity":"","overlay-gradient":""},"tablet":{"background-color":"","background-image":"","background-repeat":"repeat","background-position":"center center","background-size":"auto","background-attachment":"scroll","background-type":"","background-media":"","overlay-type":"","overlay-color":"","overlay-opacity":"","overlay-gradient":""},"mobile":{"background-color":"","background-image":"","background-repeat":"repeat","background-position":"center center","background-size":"auto","background-attachment":"scroll","background-type":"","background-media":"","overlay-type":"","overlay-color":"","overlay-opacity":"","overlay-gradient":""}},"ast-content-background-meta":{"desktop":{"background-color":"var(--ast-global-color-5)","background-image":"","background-repeat":"repeat","background-position":"center center","background-size":"auto","background-attachment":"scroll","background-type":"","background-media":"","overlay-type":"","overlay-color":"","overlay-opacity":"","overlay-gradient":""},"tablet":{"background-color":"var(--ast-global-color-5)","background-image":"","background-repeat":"repeat","background-position":"center center","background-size":"auto","background-attachment":"scroll","background-type":"","background-media":"","overlay-type":"","overlay-color":"","overlay-opacity":"","overlay-gradient":""},"mobile":{"background-color":"var(--ast-global-color-5)","background-image":"","background-repeat":"repeat","background-position":"center center","background-size":"auto","background-attachment":"scroll","background-type":"","background-media":"","overlay-type":"","overlay-color":"","overlay-opacity":"","overlay-gradient":""}}},"product_brand":[],"product_cat":[29017],"product_tag":[],"pa_brand_name":[34250],"class_list":{"0":"post-120612","1":"product","2":"type-product","3":"status-publish","4":"has-post-thumbnail","6":"product_cat-winter-tires-studdable","7":"pa_brand_name-gt-radial-2","8":"desktop-align-left","9":"tablet-align-left","10":"mobile-align-left","12":"first","13":"outofstock","14":"taxable","15":"shipping-taxable","16":"purchasable","17":"product-type-simple"},"_links":{"self":[{"href":"https:\/\/shop.rettum.ee\/en\/wp-json\/wp\/v2\/product\/120612","targetHints":{"allow":["GET"]}}],"collection":[{"href":"https:\/\/shop.rettum.ee\/en\/wp-json\/wp\/v2\/product"}],"about":[{"href":"https:\/\/shop.rettum.ee\/en\/wp-json\/wp\/v2\/types\/product"}],"version-history":[{"count":1,"href":"https:\/\/shop.rettum.ee\/en\/wp-json\/wp\/v2\/product\/120612\/revisions"}],"predecessor-version":[{"id":125871,"href":"https:\/\/shop.rettum.ee\/en\/wp-json\/wp\/v2\/product\/120612\/revisions\/125871"}],"wp:featuredmedia":[{"embeddable":true,"href":"https:\/\/shop.rettum.ee\/en\/wp-json\/wp\/v2\/media\/123907"}],"wp:attachment":[{"href":"https:\/\/shop.rettum.ee\/en\/wp-json\/wp\/v2\/media?parent=120612"}],"wp:term":[{"taxonomy":"product_brand","embeddable":true,"href":"https:\/\/shop.rettum.ee\/en\/wp-json\/wp\/v2\/product_brand?post=120612"},{"taxonomy":"product_cat","embeddable":true,"href":"https:\/\/shop.rettum.ee\/en\/wp-json\/wp\/v2\/product_cat?post=120612"},{"taxonomy":"product_tag","embeddable":true,"href":"https:\/\/shop.rettum.ee\/en\/wp-json\/wp\/v2\/product_tag?post=120612"},{"taxonomy":"pa_brand_name","embeddable":true,"href":"https:\/\/shop.rettum.ee\/en\/wp-json\/wp\/v2\/pa_brand_name?post=120612"}],"curies":[{"name":"wp","href":"https:\/\/api.w.org\/{rel}","templated":true}]}}