{"id":120613,"date":"2025-03-31T03:04:20","date_gmt":"2025-03-31T00:04:20","guid":{"rendered":"https:\/\/shop.rettum.ee\/toode\/235-50r18-gt-radial-icepro-3-evo-101t-xl-rp-studded-3pmsf-ms\/"},"modified":"2026-03-22T03:05:19","modified_gmt":"2026-03-22T01:05:19","slug":"235-50r18-gt-radial-icepro-3-evo-101t-xl-rp-studded-3pmsf-ms","status":"publish","type":"product","link":"https:\/\/shop.rettum.ee\/en\/product\/235-50r18-gt-radial-icepro-3-evo-101t-xl-rp-studded-3pmsf-ms\/","title":{"rendered":"235\/50R18 GT RADIAL ICEPRO 3 (EVO) 101T XL RP Studded 3PMSF M+S"},"content":{"rendered":"<p>235\/50R18 GT RADIAL ICEPRO 3 (EVO) 101T XL RP on innovatiivne talverehv, disainitud pakkuma usaldusv\u00e4\u00e4rset j\u00f5udlust ka k\u00f5ige karmimates tingimustes. Rehvil on kaasaegne labastatud tehnoloogia, mis tagab maksimaalse haarduvuse j\u00e4\u00e4l, lumel ja r\u00e4pasni. Selle unikaalne trepitud mustrid koos spetsiaalselt paigutatud labastega v\u00f5imaldavad kiiret reageerimist libedatel teedel, pakkudes kindlat ohutunnet nii igap\u00e4evaseks s\u00f5iduks kui ka keerulisemaks talviseks maastikuks.<\/p>\n<p>Rehvi omadusteks on v\u00e4ljatr\u00fckitud XL-m\u00e4rk ja k\u00f5rge 101T koormusindeks, mis tagavad suurema kandev\u00f5ime ja stabiilsuse. Lisaks vastab see rehvl k\u00f5igile olulistele talverehvide standarditele, sealhulgas 3PMSF ja M+S n\u00f5uetele, muutes selle usaldusv\u00e4\u00e4rseks valikuks n\u00f5udlikele s\u00f5itjatele.<\/p>\n<p>18-tolline sobivus tagab ideaalse seose velgede ja rehvi vahel, pakkudes sujuvat ja kindlat s\u00f5idukogemust ka k\u00f5ige muutlikumates teeoludes. ICEPRO 3 (EVO) on loodud pakkuma turvalist ja efektiivset s\u00f5iduelamust k\u00f5igil talviste radadele.<\/p>","protected":false},"excerpt":{"rendered":"<p>235\/50R18 GT RADIAL ICEPRO 3 (EVO) 101T XL RP on innovatiivne talverehv, disainitud pakkuma usaldusv\u00e4\u00e4rset j\u00f5udlust ka k\u00f5ige karmimates tingimustes. Rehvil on kaasaegne labastatud tehnoloogia, mis tagab maksimaalse haarduvuse j\u00e4\u00e4l, lumel ja r\u00e4pasni. Selle unikaalne trepitud mustrid koos spetsiaalselt paigutatud labastega v\u00f5imaldavad kiiret reageerimist libedatel teedel, pakkudes kindlat ohutunnet nii igap\u00e4evaseks s\u00f5iduks kui ka keerulisemaks [&hellip;]<\/p>\n","protected":false},"featured_media":123912,"template":"","meta":{"site-sidebar-layout":"default","site-content-layout":"","ast-site-content-layout":"","site-content-style":"default","site-sidebar-style":"default","ast-global-header-display":"","ast-banner-title-visibility":"","ast-main-header-display":"","ast-hfb-above-header-display":"","ast-hfb-below-header-display":"","ast-hfb-mobile-header-display":"","site-post-title":"","ast-breadcrumbs-content":"","ast-featured-img":"","footer-sml-layout":"","theme-transparent-header-meta":"","adv-header-id-meta":"","stick-header-meta":"","header-above-stick-meta":"","header-main-stick-meta":"","header-below-stick-meta":"","astra-migrate-meta-layouts":"default","ast-page-background-enabled":"default","ast-page-background-meta":{"desktop":{"background-color":"","background-image":"","background-repeat":"repeat","background-position":"center center","background-size":"auto","background-attachment":"scroll","background-type":"","background-media":"","overlay-type":"","overlay-color":"","overlay-opacity":"","overlay-gradient":""},"tablet":{"background-color":"","background-image":"","background-repeat":"repeat","background-position":"center center","background-size":"auto","background-attachment":"scroll","background-type":"","background-media":"","overlay-type":"","overlay-color":"","overlay-opacity":"","overlay-gradient":""},"mobile":{"background-color":"","background-image":"","background-repeat":"repeat","background-position":"center center","background-size":"auto","background-attachment":"scroll","background-type":"","background-media":"","overlay-type":"","overlay-color":"","overlay-opacity":"","overlay-gradient":""}},"ast-content-background-meta":{"desktop":{"background-color":"var(--ast-global-color-5)","background-image":"","background-repeat":"repeat","background-position":"center center","background-size":"auto","background-attachment":"scroll","background-type":"","background-media":"","overlay-type":"","overlay-color":"","overlay-opacity":"","overlay-gradient":""},"tablet":{"background-color":"var(--ast-global-color-5)","background-image":"","background-repeat":"repeat","background-position":"center center","background-size":"auto","background-attachment":"scroll","background-type":"","background-media":"","overlay-type":"","overlay-color":"","overlay-opacity":"","overlay-gradient":""},"mobile":{"background-color":"var(--ast-global-color-5)","background-image":"","background-repeat":"repeat","background-position":"center center","background-size":"auto","background-attachment":"scroll","background-type":"","background-media":"","overlay-type":"","overlay-color":"","overlay-opacity":"","overlay-gradient":""}}},"product_brand":[],"product_cat":[34229],"product_tag":[],"pa_brand_name":[34250],"class_list":{"0":"post-120613","1":"product","2":"type-product","3":"status-publish","4":"has-post-thumbnail","6":"product_cat-winter-tires-with-studs","7":"pa_brand_name-gt-radial-2","8":"desktop-align-left","9":"tablet-align-left","10":"mobile-align-left","12":"first","13":"outofstock","14":"taxable","15":"shipping-taxable","16":"purchasable","17":"product-type-simple"},"_links":{"self":[{"href":"https:\/\/shop.rettum.ee\/en\/wp-json\/wp\/v2\/product\/120613","targetHints":{"allow":["GET"]}}],"collection":[{"href":"https:\/\/shop.rettum.ee\/en\/wp-json\/wp\/v2\/product"}],"about":[{"href":"https:\/\/shop.rettum.ee\/en\/wp-json\/wp\/v2\/types\/product"}],"version-history":[{"count":1,"href":"https:\/\/shop.rettum.ee\/en\/wp-json\/wp\/v2\/product\/120613\/revisions"}],"predecessor-version":[{"id":125870,"href":"https:\/\/shop.rettum.ee\/en\/wp-json\/wp\/v2\/product\/120613\/revisions\/125870"}],"wp:featuredmedia":[{"embeddable":true,"href":"https:\/\/shop.rettum.ee\/en\/wp-json\/wp\/v2\/media\/123912"}],"wp:attachment":[{"href":"https:\/\/shop.rettum.ee\/en\/wp-json\/wp\/v2\/media?parent=120613"}],"wp:term":[{"taxonomy":"product_brand","embeddable":true,"href":"https:\/\/shop.rettum.ee\/en\/wp-json\/wp\/v2\/product_brand?post=120613"},{"taxonomy":"product_cat","embeddable":true,"href":"https:\/\/shop.rettum.ee\/en\/wp-json\/wp\/v2\/product_cat?post=120613"},{"taxonomy":"product_tag","embeddable":true,"href":"https:\/\/shop.rettum.ee\/en\/wp-json\/wp\/v2\/product_tag?post=120613"},{"taxonomy":"pa_brand_name","embeddable":true,"href":"https:\/\/shop.rettum.ee\/en\/wp-json\/wp\/v2\/pa_brand_name?post=120613"}],"curies":[{"name":"wp","href":"https:\/\/api.w.org\/{rel}","templated":true}]}}