{"id":120614,"date":"2025-03-31T03:04:21","date_gmt":"2025-03-31T00:04:21","guid":{"rendered":"https:\/\/shop.rettum.ee\/toode\/235-70r16-gt-radial-icepro-suv-3-109t-xl-rp-studdable-ccb73-3pmsf-ms\/"},"modified":"2026-03-22T03:05:19","modified_gmt":"2026-03-22T01:05:19","slug":"235-70r16-gt-radial-icepro-suv-3-109t-xl-rp-studdable-ccb73-3pmsf-ms","status":"publish","type":"product","link":"https:\/\/shop.rettum.ee\/en\/product\/235-70r16-gt-radial-icepro-suv-3-109t-xl-rp-studdable-ccb73-3pmsf-ms\/","title":{"rendered":"235\/70R16 GT RADIAL ICEPRO SUV 3 109T XL RP Studdable CCB73 3PMSF M+S"},"content":{"rendered":"<p>Avasta uus GT RADIAL ICEPRO SUV 3 rehvid, mis on loodud tippspetsialistide poolt tagamaks maksimaalne turvalisus ja j\u00f5udlus karmides talvetingimustes. 235\/70R16 m\u00f5\u00f5dukate rehvide disain koos 109T koormus- ja kiirusindeksiga v\u00f5imaldab kindlat ja stabiilset s\u00f5idukogemust ka libedal j\u00e4\u00e4sel ja lumisel teel.<\/p>\n<p>Need XL klassi rehvid on spetsiaalselt konstrueeritud suure koormusega s\u00f5idukitele, pakkudes lisaturvalisust ning pikaajalist vastupidavust. Mud ja lumi (M+S) m\u00e4rkega ning 3PMSF sertifikaadiga on need ideaalne valik n\u00f5udlikele talveoludele, tagades optimaalse haardumise ja kontrolli nii kuivadel kui k\u00fclmadel teedel.<\/p>\n<p>Rehvide studdable funktsioon v\u00f5imaldab paigaldada metallstudusid, mis parandavad veelgi s\u00f5iduki haardumist j\u00e4\u00e4- ja lumetingimustes. Unikaalne CCB73 disain \u00fchendab kaasaegse tehnoloogia ja traditsioonilised rehviomadused, pakkudes nii sportlikku v\u00e4limust kui ka praktilist j\u00f5udlust igas olukorras.<\/p>\n<p>Vali GT RADIAL ICEPRO SUV 3, et nautida turvalist ja kindlat s\u00f5itu isegi k\u00f5ige n\u00f5udlikumatel talveoludel.<\/p>","protected":false},"excerpt":{"rendered":"<p>Avasta uus GT RADIAL ICEPRO SUV 3 rehvid, mis on loodud tippspetsialistide poolt tagamaks maksimaalne turvalisus ja j\u00f5udlus karmides talvetingimustes. 235\/70R16 m\u00f5\u00f5dukate rehvide disain koos 109T koormus- ja kiirusindeksiga v\u00f5imaldab kindlat ja stabiilset s\u00f5idukogemust ka libedal j\u00e4\u00e4sel ja lumisel teel. Need XL klassi rehvid on spetsiaalselt konstrueeritud suure koormusega s\u00f5idukitele, pakkudes lisaturvalisust ning pikaajalist vastupidavust. [&hellip;]<\/p>\n","protected":false},"featured_media":123893,"template":"","meta":{"site-sidebar-layout":"default","site-content-layout":"","ast-site-content-layout":"","site-content-style":"default","site-sidebar-style":"default","ast-global-header-display":"","ast-banner-title-visibility":"","ast-main-header-display":"","ast-hfb-above-header-display":"","ast-hfb-below-header-display":"","ast-hfb-mobile-header-display":"","site-post-title":"","ast-breadcrumbs-content":"","ast-featured-img":"","footer-sml-layout":"","theme-transparent-header-meta":"","adv-header-id-meta":"","stick-header-meta":"","header-above-stick-meta":"","header-main-stick-meta":"","header-below-stick-meta":"","astra-migrate-meta-layouts":"default","ast-page-background-enabled":"default","ast-page-background-meta":{"desktop":{"background-color":"","background-image":"","background-repeat":"repeat","background-position":"center center","background-size":"auto","background-attachment":"scroll","background-type":"","background-media":"","overlay-type":"","overlay-color":"","overlay-opacity":"","overlay-gradient":""},"tablet":{"background-color":"","background-image":"","background-repeat":"repeat","background-position":"center center","background-size":"auto","background-attachment":"scroll","background-type":"","background-media":"","overlay-type":"","overlay-color":"","overlay-opacity":"","overlay-gradient":""},"mobile":{"background-color":"","background-image":"","background-repeat":"repeat","background-position":"center center","background-size":"auto","background-attachment":"scroll","background-type":"","background-media":"","overlay-type":"","overlay-color":"","overlay-opacity":"","overlay-gradient":""}},"ast-content-background-meta":{"desktop":{"background-color":"var(--ast-global-color-5)","background-image":"","background-repeat":"repeat","background-position":"center center","background-size":"auto","background-attachment":"scroll","background-type":"","background-media":"","overlay-type":"","overlay-color":"","overlay-opacity":"","overlay-gradient":""},"tablet":{"background-color":"var(--ast-global-color-5)","background-image":"","background-repeat":"repeat","background-position":"center center","background-size":"auto","background-attachment":"scroll","background-type":"","background-media":"","overlay-type":"","overlay-color":"","overlay-opacity":"","overlay-gradient":""},"mobile":{"background-color":"var(--ast-global-color-5)","background-image":"","background-repeat":"repeat","background-position":"center center","background-size":"auto","background-attachment":"scroll","background-type":"","background-media":"","overlay-type":"","overlay-color":"","overlay-opacity":"","overlay-gradient":""}}},"product_brand":[],"product_cat":[29017],"product_tag":[],"pa_brand_name":[34250],"class_list":{"0":"post-120614","1":"product","2":"type-product","3":"status-publish","4":"has-post-thumbnail","6":"product_cat-winter-tires-studdable","7":"pa_brand_name-gt-radial-2","8":"desktop-align-left","9":"tablet-align-left","10":"mobile-align-left","12":"first","13":"outofstock","14":"taxable","15":"shipping-taxable","16":"purchasable","17":"product-type-simple"},"_links":{"self":[{"href":"https:\/\/shop.rettum.ee\/en\/wp-json\/wp\/v2\/product\/120614","targetHints":{"allow":["GET"]}}],"collection":[{"href":"https:\/\/shop.rettum.ee\/en\/wp-json\/wp\/v2\/product"}],"about":[{"href":"https:\/\/shop.rettum.ee\/en\/wp-json\/wp\/v2\/types\/product"}],"version-history":[{"count":1,"href":"https:\/\/shop.rettum.ee\/en\/wp-json\/wp\/v2\/product\/120614\/revisions"}],"predecessor-version":[{"id":125868,"href":"https:\/\/shop.rettum.ee\/en\/wp-json\/wp\/v2\/product\/120614\/revisions\/125868"}],"wp:featuredmedia":[{"embeddable":true,"href":"https:\/\/shop.rettum.ee\/en\/wp-json\/wp\/v2\/media\/123893"}],"wp:attachment":[{"href":"https:\/\/shop.rettum.ee\/en\/wp-json\/wp\/v2\/media?parent=120614"}],"wp:term":[{"taxonomy":"product_brand","embeddable":true,"href":"https:\/\/shop.rettum.ee\/en\/wp-json\/wp\/v2\/product_brand?post=120614"},{"taxonomy":"product_cat","embeddable":true,"href":"https:\/\/shop.rettum.ee\/en\/wp-json\/wp\/v2\/product_cat?post=120614"},{"taxonomy":"product_tag","embeddable":true,"href":"https:\/\/shop.rettum.ee\/en\/wp-json\/wp\/v2\/product_tag?post=120614"},{"taxonomy":"pa_brand_name","embeddable":true,"href":"https:\/\/shop.rettum.ee\/en\/wp-json\/wp\/v2\/pa_brand_name?post=120614"}],"curies":[{"name":"wp","href":"https:\/\/api.w.org\/{rel}","templated":true}]}}