{"id":120616,"date":"2025-03-31T03:04:22","date_gmt":"2025-03-31T00:04:22","guid":{"rendered":"https:\/\/shop.rettum.ee\/toode\/245-50r20-gt-radial-icepro-suv-3-102t-rp-studdable-ccb73-3pmsf-ms\/"},"modified":"2026-03-22T03:05:19","modified_gmt":"2026-03-22T01:05:19","slug":"245-50r20-gt-radial-icepro-suv-3-102t-rp-studdable-ccb73-3pmsf-ms","status":"publish","type":"product","link":"https:\/\/shop.rettum.ee\/en\/product\/245-50r20-gt-radial-icepro-suv-3-102t-rp-studdable-ccb73-3pmsf-ms\/","title":{"rendered":"245\/50R20 GT RADIAL ICEPRO SUV 3 102T RP Studdable CCB73 3PMSF M+S"},"content":{"rendered":"<p>Avasta uus GT RADIAL ICEPRO SUV 3 rehvi kogemus m\u00f5\u00f5tmetes 245\/50R20, mis on loodud n\u00f5udlikele talveoludele. See kvaliteetne talverehv on disainitud tagama maksimaalne turvalisus ja usaldusv\u00e4\u00e4rne haarduvus nii lumises, mudases kui ka j\u00e4isel keskkonnas. Rehv vastab 3PMSF ja M+S standarditele, mis kinnitavad selle suurep\u00e4rast sooritust karmides talveoludes.<\/p>\n<p>Studdable tehnoloogia v\u00f5imaldab lisada kleepsistreid, pakkudes veelgi kindlamat veoj\u00f5udu j\u00e4istel teedel. 102T klassifikatsioon n\u00e4itab k\u00f5rget koormustalitust ja piisavat kiiruskategooriat, mist\u00f5ttu sobib see ideaalselt SUV-idele ning neile, kes hindavad stabiilsust ja turvalisust ka rasketes oludes.  <\/p>\n<p>GT RADIAL ICEPRO SUV 3 on konstrueeritud kasutades kaasaegseid tootmismeetodeid ja kvaliteetseid materjale, mis tagavad pika kestvuse ja usaldusv\u00e4\u00e4rse j\u00f5udluse igas olukorras. Valides selle rehvi, valid kindluse ja muretu s\u00f5iduelamuse ka k\u00f5ige n\u00f5udlikumates talveoludes.<\/p>","protected":false},"excerpt":{"rendered":"<p>Avasta uus GT RADIAL ICEPRO SUV 3 rehvi kogemus m\u00f5\u00f5tmetes 245\/50R20, mis on loodud n\u00f5udlikele talveoludele. See kvaliteetne talverehv on disainitud tagama maksimaalne turvalisus ja usaldusv\u00e4\u00e4rne haarduvus nii lumises, mudases kui ka j\u00e4isel keskkonnas. Rehv vastab 3PMSF ja M+S standarditele, mis kinnitavad selle suurep\u00e4rast sooritust karmides talveoludes. Studdable tehnoloogia v\u00f5imaldab lisada kleepsistreid, pakkudes veelgi kindlamat [&hellip;]<\/p>\n","protected":false},"featured_media":123893,"template":"","meta":{"site-sidebar-layout":"default","site-content-layout":"","ast-site-content-layout":"","site-content-style":"default","site-sidebar-style":"default","ast-global-header-display":"","ast-banner-title-visibility":"","ast-main-header-display":"","ast-hfb-above-header-display":"","ast-hfb-below-header-display":"","ast-hfb-mobile-header-display":"","site-post-title":"","ast-breadcrumbs-content":"","ast-featured-img":"","footer-sml-layout":"","theme-transparent-header-meta":"","adv-header-id-meta":"","stick-header-meta":"","header-above-stick-meta":"","header-main-stick-meta":"","header-below-stick-meta":"","astra-migrate-meta-layouts":"default","ast-page-background-enabled":"default","ast-page-background-meta":{"desktop":{"background-color":"","background-image":"","background-repeat":"repeat","background-position":"center center","background-size":"auto","background-attachment":"scroll","background-type":"","background-media":"","overlay-type":"","overlay-color":"","overlay-opacity":"","overlay-gradient":""},"tablet":{"background-color":"","background-image":"","background-repeat":"repeat","background-position":"center center","background-size":"auto","background-attachment":"scroll","background-type":"","background-media":"","overlay-type":"","overlay-color":"","overlay-opacity":"","overlay-gradient":""},"mobile":{"background-color":"","background-image":"","background-repeat":"repeat","background-position":"center center","background-size":"auto","background-attachment":"scroll","background-type":"","background-media":"","overlay-type":"","overlay-color":"","overlay-opacity":"","overlay-gradient":""}},"ast-content-background-meta":{"desktop":{"background-color":"var(--ast-global-color-5)","background-image":"","background-repeat":"repeat","background-position":"center center","background-size":"auto","background-attachment":"scroll","background-type":"","background-media":"","overlay-type":"","overlay-color":"","overlay-opacity":"","overlay-gradient":""},"tablet":{"background-color":"var(--ast-global-color-5)","background-image":"","background-repeat":"repeat","background-position":"center center","background-size":"auto","background-attachment":"scroll","background-type":"","background-media":"","overlay-type":"","overlay-color":"","overlay-opacity":"","overlay-gradient":""},"mobile":{"background-color":"var(--ast-global-color-5)","background-image":"","background-repeat":"repeat","background-position":"center center","background-size":"auto","background-attachment":"scroll","background-type":"","background-media":"","overlay-type":"","overlay-color":"","overlay-opacity":"","overlay-gradient":""}}},"product_brand":[],"product_cat":[29017],"product_tag":[],"pa_brand_name":[34250],"class_list":{"0":"post-120616","1":"product","2":"type-product","3":"status-publish","4":"has-post-thumbnail","6":"product_cat-winter-tires-studdable","7":"pa_brand_name-gt-radial-2","8":"desktop-align-left","9":"tablet-align-left","10":"mobile-align-left","12":"first","13":"outofstock","14":"taxable","15":"shipping-taxable","16":"purchasable","17":"product-type-simple"},"_links":{"self":[{"href":"https:\/\/shop.rettum.ee\/en\/wp-json\/wp\/v2\/product\/120616","targetHints":{"allow":["GET"]}}],"collection":[{"href":"https:\/\/shop.rettum.ee\/en\/wp-json\/wp\/v2\/product"}],"about":[{"href":"https:\/\/shop.rettum.ee\/en\/wp-json\/wp\/v2\/types\/product"}],"version-history":[{"count":1,"href":"https:\/\/shop.rettum.ee\/en\/wp-json\/wp\/v2\/product\/120616\/revisions"}],"predecessor-version":[{"id":125867,"href":"https:\/\/shop.rettum.ee\/en\/wp-json\/wp\/v2\/product\/120616\/revisions\/125867"}],"wp:featuredmedia":[{"embeddable":true,"href":"https:\/\/shop.rettum.ee\/en\/wp-json\/wp\/v2\/media\/123893"}],"wp:attachment":[{"href":"https:\/\/shop.rettum.ee\/en\/wp-json\/wp\/v2\/media?parent=120616"}],"wp:term":[{"taxonomy":"product_brand","embeddable":true,"href":"https:\/\/shop.rettum.ee\/en\/wp-json\/wp\/v2\/product_brand?post=120616"},{"taxonomy":"product_cat","embeddable":true,"href":"https:\/\/shop.rettum.ee\/en\/wp-json\/wp\/v2\/product_cat?post=120616"},{"taxonomy":"product_tag","embeddable":true,"href":"https:\/\/shop.rettum.ee\/en\/wp-json\/wp\/v2\/product_tag?post=120616"},{"taxonomy":"pa_brand_name","embeddable":true,"href":"https:\/\/shop.rettum.ee\/en\/wp-json\/wp\/v2\/pa_brand_name?post=120616"}],"curies":[{"name":"wp","href":"https:\/\/api.w.org\/{rel}","templated":true}]}}