{"id":120617,"date":"2025-03-31T03:04:23","date_gmt":"2025-03-31T00:04:23","guid":{"rendered":"https:\/\/shop.rettum.ee\/toode\/205-55r16-triangle-effexsport-th202-91v-rp-cbb71-ms\/"},"modified":"2026-03-22T03:05:20","modified_gmt":"2026-03-22T01:05:20","slug":"205-55r16-triangle-effexsport-th202-91v-rp-cbb71-ms","status":"publish","type":"product","link":"https:\/\/shop.rettum.ee\/en\/product\/205-55r16-triangle-effexsport-th202-91v-rp-cbb71-ms\/","title":{"rendered":"205\/55R16 TRIANGLE EFFEXSPORT (TH202) 91V RP CBB71 M+S"},"content":{"rendered":"<p>Triangle EFFEXSPORT (TH202) rehvid m\u00f5\u00f5duga 205\/55R16 pakuvad erakordset tasakaalu s\u00f5idumugavuse, ohutuse ja vastupidavuse vahel. Rehvi k\u00f5rge 91 koormusindeks ja V kiirusklass tagavad, et see peab vastu ka kiiretele ja n\u00f5udlikumatele teek\u00e4ikudele, pakkudes samas kindlat ja stabiilset s\u00f5idujoonist nii kuival kui ka m\u00e4rjal teel. <\/p>\n<p>Innovatiivne RP tehnoloogia lisab rehvile t\u00e4iendava j\u00f5udluse ning tugevdab selle konstruktsiooni, v\u00f5imaldades s\u00f5itu ka n\u00f5udlikumates oludes. M+S (mud and snow) m\u00e4rgistus osutab rehvi suurep\u00e4rasusele ka muutlike ilmastikutingimuste korral \u2013 olgu teekate libe v\u00f5i lumine, Triangle EFFEXSPORT (TH202) tagab usaldusv\u00e4\u00e4rse haarduvuse ja kindla pidamise. <\/p>\n<p>T\u00e4iustatud CBB71 mustril\u00f5ige ja insenertehnoloogilised lahendused loovad ideaalse tasakaalu looduslike s\u00f5idutingimuste ja t\u00e4navamaailma vahel, muutes rehvi sobivaks igap\u00e4evaseks ning ka hooajalisteks s\u00f5itudeks. Investeeri Triangle EFFEXSPORT rehvidesse ja naudi turvalist, mugavat ning stabiilset s\u00f5idu- ja juhitavuskogemust igas olukorras!<\/p>","protected":false},"excerpt":{"rendered":"<p>Triangle EFFEXSPORT (TH202) rehvid m\u00f5\u00f5duga 205\/55R16 pakuvad erakordset tasakaalu s\u00f5idumugavuse, ohutuse ja vastupidavuse vahel. Rehvi k\u00f5rge 91 koormusindeks ja V kiirusklass tagavad, et see peab vastu ka kiiretele ja n\u00f5udlikumatele teek\u00e4ikudele, pakkudes samas kindlat ja stabiilset s\u00f5idujoonist nii kuival kui ka m\u00e4rjal teel. Innovatiivne RP tehnoloogia lisab rehvile t\u00e4iendava j\u00f5udluse ning tugevdab selle konstruktsiooni, v\u00f5imaldades [&hellip;]<\/p>\n","protected":false},"featured_media":123892,"template":"","meta":{"site-sidebar-layout":"default","site-content-layout":"","ast-site-content-layout":"","site-content-style":"default","site-sidebar-style":"default","ast-global-header-display":"","ast-banner-title-visibility":"","ast-main-header-display":"","ast-hfb-above-header-display":"","ast-hfb-below-header-display":"","ast-hfb-mobile-header-display":"","site-post-title":"","ast-breadcrumbs-content":"","ast-featured-img":"","footer-sml-layout":"","theme-transparent-header-meta":"","adv-header-id-meta":"","stick-header-meta":"","header-above-stick-meta":"","header-main-stick-meta":"","header-below-stick-meta":"","astra-migrate-meta-layouts":"default","ast-page-background-enabled":"default","ast-page-background-meta":{"desktop":{"background-color":"","background-image":"","background-repeat":"repeat","background-position":"center center","background-size":"auto","background-attachment":"scroll","background-type":"","background-media":"","overlay-type":"","overlay-color":"","overlay-opacity":"","overlay-gradient":""},"tablet":{"background-color":"","background-image":"","background-repeat":"repeat","background-position":"center center","background-size":"auto","background-attachment":"scroll","background-type":"","background-media":"","overlay-type":"","overlay-color":"","overlay-opacity":"","overlay-gradient":""},"mobile":{"background-color":"","background-image":"","background-repeat":"repeat","background-position":"center center","background-size":"auto","background-attachment":"scroll","background-type":"","background-media":"","overlay-type":"","overlay-color":"","overlay-opacity":"","overlay-gradient":""}},"ast-content-background-meta":{"desktop":{"background-color":"var(--ast-global-color-5)","background-image":"","background-repeat":"repeat","background-position":"center center","background-size":"auto","background-attachment":"scroll","background-type":"","background-media":"","overlay-type":"","overlay-color":"","overlay-opacity":"","overlay-gradient":""},"tablet":{"background-color":"var(--ast-global-color-5)","background-image":"","background-repeat":"repeat","background-position":"center center","background-size":"auto","background-attachment":"scroll","background-type":"","background-media":"","overlay-type":"","overlay-color":"","overlay-opacity":"","overlay-gradient":""},"mobile":{"background-color":"var(--ast-global-color-5)","background-image":"","background-repeat":"repeat","background-position":"center center","background-size":"auto","background-attachment":"scroll","background-type":"","background-media":"","overlay-type":"","overlay-color":"","overlay-opacity":"","overlay-gradient":""}}},"product_brand":[],"product_cat":[34225],"product_tag":[],"pa_brand_name":[16873],"class_list":{"0":"post-120617","1":"product","2":"type-product","3":"status-publish","4":"has-post-thumbnail","6":"product_cat-summer-tires-pv","7":"pa_brand_name-triangle","8":"desktop-align-left","9":"tablet-align-left","10":"mobile-align-left","12":"first","13":"outofstock","14":"taxable","15":"shipping-taxable","16":"purchasable","17":"product-type-simple"},"_links":{"self":[{"href":"https:\/\/shop.rettum.ee\/en\/wp-json\/wp\/v2\/product\/120617","targetHints":{"allow":["GET"]}}],"collection":[{"href":"https:\/\/shop.rettum.ee\/en\/wp-json\/wp\/v2\/product"}],"about":[{"href":"https:\/\/shop.rettum.ee\/en\/wp-json\/wp\/v2\/types\/product"}],"version-history":[{"count":1,"href":"https:\/\/shop.rettum.ee\/en\/wp-json\/wp\/v2\/product\/120617\/revisions"}],"predecessor-version":[{"id":125865,"href":"https:\/\/shop.rettum.ee\/en\/wp-json\/wp\/v2\/product\/120617\/revisions\/125865"}],"wp:featuredmedia":[{"embeddable":true,"href":"https:\/\/shop.rettum.ee\/en\/wp-json\/wp\/v2\/media\/123892"}],"wp:attachment":[{"href":"https:\/\/shop.rettum.ee\/en\/wp-json\/wp\/v2\/media?parent=120617"}],"wp:term":[{"taxonomy":"product_brand","embeddable":true,"href":"https:\/\/shop.rettum.ee\/en\/wp-json\/wp\/v2\/product_brand?post=120617"},{"taxonomy":"product_cat","embeddable":true,"href":"https:\/\/shop.rettum.ee\/en\/wp-json\/wp\/v2\/product_cat?post=120617"},{"taxonomy":"product_tag","embeddable":true,"href":"https:\/\/shop.rettum.ee\/en\/wp-json\/wp\/v2\/product_tag?post=120617"},{"taxonomy":"pa_brand_name","embeddable":true,"href":"https:\/\/shop.rettum.ee\/en\/wp-json\/wp\/v2\/pa_brand_name?post=120617"}],"curies":[{"name":"wp","href":"https:\/\/api.w.org\/{rel}","templated":true}]}}