{"id":120618,"date":"2025-03-31T03:04:23","date_gmt":"2025-03-31T00:04:23","guid":{"rendered":"https:\/\/shop.rettum.ee\/toode\/205-55r16-gt-radial-climateactive-94v-xl-elect-caa69-3pmsf\/"},"modified":"2026-03-10T02:45:26","modified_gmt":"2026-03-10T00:45:26","slug":"205-55r16-gt-radial-climateactive-94v-xl-elect-caa69-3pmsf","status":"publish","type":"product","link":"https:\/\/shop.rettum.ee\/en\/product\/205-55r16-gt-radial-climateactive-94v-xl-elect-caa69-3pmsf\/","title":{"rendered":"205\/55R16 GT RADIAL CLIMATEACTIVE 94V XL Elect CAA69 3PMSF"},"content":{"rendered":"<p>205\/55R16 GT RADIAL CLIMATEACTIVE 94V XL Elect CAA69 on innovatiivne rehv, mis tagab turvalise ja stabiilse s\u00f5idu igasugustes ilmastikutingimustes. Selle l\u00e4bi m\u00f5eldud disain ja j\u00e4rgmise p\u00f5lvkonna Climateactive tehnoloogia v\u00f5imaldavad rehvil t\u00e4iuslikult reageerida nii kuival, m\u00e4rgel kui ka lumisel teel, pakkudes suurt pidamist ja kvaliteetset juhitavust.<\/p>\n<p>Rehv on varustatud 3PMSF m\u00e4rgisega, mis kinnitab selle v\u00f5imekust karmides talveoludes. XL-Kategooria tagab suurema koormusv\u00f5ime, v\u00f5imaldades seda kasutada nii igap\u00e4evasel s\u00f5idukil kui raskema koorma korral. 94V indikatsioon kombineerib k\u00f5rge koormusindeksi ja kiire s\u00f5iduomadused, mis sobivad eriti h\u00e4sti neile, kes hindavad nii vastupidavust kui ka sportlikku s\u00f5idukogemust.<\/p>\n<p>205\/55R16 GT RADIAL CLIMATEACTIVE on ideaalne valik juhtidele, kes otsivad rehvivahetusega investeeringut, mis tagab usaldusv\u00e4\u00e4rsuse ja optimaalse j\u00f5udluse muutuvates ilmastikuoludes. Toteeri see innovatsioon oma s\u00f5idukile ja naudi ohutut ning kindlat s\u00f5itu igal teekonnal.<\/p>","protected":false},"excerpt":{"rendered":"<p>205\/55R16 GT RADIAL CLIMATEACTIVE 94V XL Elect CAA69 on innovatiivne rehv, mis tagab turvalise ja stabiilse s\u00f5idu igasugustes ilmastikutingimustes. Selle l\u00e4bi m\u00f5eldud disain ja j\u00e4rgmise p\u00f5lvkonna Climateactive tehnoloogia v\u00f5imaldavad rehvil t\u00e4iuslikult reageerida nii kuival, m\u00e4rgel kui ka lumisel teel, pakkudes suurt pidamist ja kvaliteetset juhitavust. Rehv on varustatud 3PMSF m\u00e4rgisega, mis kinnitab selle v\u00f5imekust karmides [&hellip;]<\/p>\n","protected":false},"featured_media":57211,"template":"","meta":{"site-sidebar-layout":"default","site-content-layout":"","ast-site-content-layout":"","site-content-style":"default","site-sidebar-style":"default","ast-global-header-display":"","ast-banner-title-visibility":"","ast-main-header-display":"","ast-hfb-above-header-display":"","ast-hfb-below-header-display":"","ast-hfb-mobile-header-display":"","site-post-title":"","ast-breadcrumbs-content":"","ast-featured-img":"","footer-sml-layout":"","theme-transparent-header-meta":"","adv-header-id-meta":"","stick-header-meta":"","header-above-stick-meta":"","header-main-stick-meta":"","header-below-stick-meta":"","astra-migrate-meta-layouts":"default","ast-page-background-enabled":"default","ast-page-background-meta":{"desktop":{"background-color":"","background-image":"","background-repeat":"repeat","background-position":"center center","background-size":"auto","background-attachment":"scroll","background-type":"","background-media":"","overlay-type":"","overlay-color":"","overlay-opacity":"","overlay-gradient":""},"tablet":{"background-color":"","background-image":"","background-repeat":"repeat","background-position":"center center","background-size":"auto","background-attachment":"scroll","background-type":"","background-media":"","overlay-type":"","overlay-color":"","overlay-opacity":"","overlay-gradient":""},"mobile":{"background-color":"","background-image":"","background-repeat":"repeat","background-position":"center center","background-size":"auto","background-attachment":"scroll","background-type":"","background-media":"","overlay-type":"","overlay-color":"","overlay-opacity":"","overlay-gradient":""}},"ast-content-background-meta":{"desktop":{"background-color":"var(--ast-global-color-5)","background-image":"","background-repeat":"repeat","background-position":"center center","background-size":"auto","background-attachment":"scroll","background-type":"","background-media":"","overlay-type":"","overlay-color":"","overlay-opacity":"","overlay-gradient":""},"tablet":{"background-color":"var(--ast-global-color-5)","background-image":"","background-repeat":"repeat","background-position":"center center","background-size":"auto","background-attachment":"scroll","background-type":"","background-media":"","overlay-type":"","overlay-color":"","overlay-opacity":"","overlay-gradient":""},"mobile":{"background-color":"var(--ast-global-color-5)","background-image":"","background-repeat":"repeat","background-position":"center center","background-size":"auto","background-attachment":"scroll","background-type":"","background-media":"","overlay-type":"","overlay-color":"","overlay-opacity":"","overlay-gradient":""}}},"product_brand":[],"product_cat":[34230],"product_tag":[],"pa_brand_name":[34250],"class_list":{"0":"post-120618","1":"product","2":"type-product","3":"status-publish","4":"has-post-thumbnail","6":"product_cat-all-season-pcr-2","7":"pa_brand_name-gt-radial-2","8":"desktop-align-left","9":"tablet-align-left","10":"mobile-align-left","12":"first","13":"outofstock","14":"taxable","15":"shipping-taxable","16":"purchasable","17":"product-type-simple"},"_links":{"self":[{"href":"https:\/\/shop.rettum.ee\/en\/wp-json\/wp\/v2\/product\/120618","targetHints":{"allow":["GET"]}}],"collection":[{"href":"https:\/\/shop.rettum.ee\/en\/wp-json\/wp\/v2\/product"}],"about":[{"href":"https:\/\/shop.rettum.ee\/en\/wp-json\/wp\/v2\/types\/product"}],"version-history":[{"count":1,"href":"https:\/\/shop.rettum.ee\/en\/wp-json\/wp\/v2\/product\/120618\/revisions"}],"predecessor-version":[{"id":125866,"href":"https:\/\/shop.rettum.ee\/en\/wp-json\/wp\/v2\/product\/120618\/revisions\/125866"}],"wp:featuredmedia":[{"embeddable":true,"href":"https:\/\/shop.rettum.ee\/en\/wp-json\/wp\/v2\/media\/57211"}],"wp:attachment":[{"href":"https:\/\/shop.rettum.ee\/en\/wp-json\/wp\/v2\/media?parent=120618"}],"wp:term":[{"taxonomy":"product_brand","embeddable":true,"href":"https:\/\/shop.rettum.ee\/en\/wp-json\/wp\/v2\/product_brand?post=120618"},{"taxonomy":"product_cat","embeddable":true,"href":"https:\/\/shop.rettum.ee\/en\/wp-json\/wp\/v2\/product_cat?post=120618"},{"taxonomy":"product_tag","embeddable":true,"href":"https:\/\/shop.rettum.ee\/en\/wp-json\/wp\/v2\/product_tag?post=120618"},{"taxonomy":"pa_brand_name","embeddable":true,"href":"https:\/\/shop.rettum.ee\/en\/wp-json\/wp\/v2\/pa_brand_name?post=120618"}],"curies":[{"name":"wp","href":"https:\/\/api.w.org\/{rel}","templated":true}]}}