{"id":120621,"date":"2025-03-31T03:04:25","date_gmt":"2025-03-31T00:04:25","guid":{"rendered":"https:\/\/shop.rettum.ee\/toode\/800-45r26-5-ascenso-ftr170-174d-sb-tl\/"},"modified":"2025-07-30T02:51:36","modified_gmt":"2025-07-29T23:51:36","slug":"800-45r26-5-ascenso-ftr170-174d-sb-tl","status":"publish","type":"product","link":"https:\/\/shop.rettum.ee\/en\/product\/800-45r26-5-ascenso-ftr170-174d-sb-tl\/","title":{"rendered":"800\/45R26.5 Ascenso FTR170 174D SB TL"},"content":{"rendered":"<p>800\/45R26.5 Ascenso FTR170 174D SB TL on k\u00f5rgtehnoloogiline maastikurehv, mis on loodud n\u00f5udlike t\u00f6\u00f6tingimuste jaoks. Selle rehv on m\u00f5eldud raskeveoki ja spetsiaalse s\u00f5iduki rakendusteks, pakkudes usaldusv\u00e4\u00e4rset haarduvust ja stabiilsust erinevatel teeoludel. T\u00e4nu enda optimeeritud mustrile ja innovatiivsele disainile tagab see minimaalsete kulumisomadustega t\u00f6\u00f6kindla j\u00f5udluse nii kuival kui ka m\u00e4rjal teel.<\/p>\n<p>Rehvi tunnuslik m\u00f5\u00f5t 800\/45R26.5 v\u00f5imaldab saavutada suurep\u00e4rase koormustaluvuse, s\u00e4ilitades samal ajal kvaliteetse s\u00f5idu ja ohutuse. Lisaks SB TL \u2013 isekinnitava ning toruvaba tehnoloogia kasutamine aitab tagada parem randmepinda ja madalama energiakulu, v\u00f5imaldades seel\u00e4bi pikemat kasutusiga ning soodustades keskkonnas\u00e4\u00e4stlikku s\u00f5idukit\u00f6\u00f6d.<\/p>\n<p>Ascenso FTR170 174D on ideaalne valik neile, kes otsivad t\u00f6\u00f6kindlat ja vastupidavat rehvihaldust, et tagada maksimaalne j\u00f5udlus igas olukorras. See rehv pakub tipptasemel turvalisust ja j\u00f5udlust, muutes selle usaldusv\u00e4\u00e4rseks partneriks igap\u00e4evases s\u00f5idukit\u00f6\u00f6s.<\/p>","protected":false},"excerpt":{"rendered":"<p>800\/45R26.5 Ascenso FTR170 174D SB TL on k\u00f5rgtehnoloogiline maastikurehv, mis on loodud n\u00f5udlike t\u00f6\u00f6tingimuste jaoks. Selle rehv on m\u00f5eldud raskeveoki ja spetsiaalse s\u00f5iduki rakendusteks, pakkudes usaldusv\u00e4\u00e4rset haarduvust ja stabiilsust erinevatel teeoludel. T\u00e4nu enda optimeeritud mustrile ja innovatiivsele disainile tagab see minimaalsete kulumisomadustega t\u00f6\u00f6kindla j\u00f5udluse nii kuival kui ka m\u00e4rjal teel. Rehvi tunnuslik m\u00f5\u00f5t 800\/45R26.5 v\u00f5imaldab [&hellip;]<\/p>\n","protected":false},"featured_media":123655,"template":"","meta":{"site-sidebar-layout":"default","site-content-layout":"","ast-site-content-layout":"","site-content-style":"default","site-sidebar-style":"default","ast-global-header-display":"","ast-banner-title-visibility":"","ast-main-header-display":"","ast-hfb-above-header-display":"","ast-hfb-below-header-display":"","ast-hfb-mobile-header-display":"","site-post-title":"","ast-breadcrumbs-content":"","ast-featured-img":"","footer-sml-layout":"","theme-transparent-header-meta":"","adv-header-id-meta":"","stick-header-meta":"","header-above-stick-meta":"","header-main-stick-meta":"","header-below-stick-meta":"","astra-migrate-meta-layouts":"default","ast-page-background-enabled":"default","ast-page-background-meta":{"desktop":{"background-color":"","background-image":"","background-repeat":"repeat","background-position":"center center","background-size":"auto","background-attachment":"scroll","background-type":"","background-media":"","overlay-type":"","overlay-color":"","overlay-opacity":"","overlay-gradient":""},"tablet":{"background-color":"","background-image":"","background-repeat":"repeat","background-position":"center center","background-size":"auto","background-attachment":"scroll","background-type":"","background-media":"","overlay-type":"","overlay-color":"","overlay-opacity":"","overlay-gradient":""},"mobile":{"background-color":"","background-image":"","background-repeat":"repeat","background-position":"center center","background-size":"auto","background-attachment":"scroll","background-type":"","background-media":"","overlay-type":"","overlay-color":"","overlay-opacity":"","overlay-gradient":""}},"ast-content-background-meta":{"desktop":{"background-color":"var(--ast-global-color-5)","background-image":"","background-repeat":"repeat","background-position":"center center","background-size":"auto","background-attachment":"scroll","background-type":"","background-media":"","overlay-type":"","overlay-color":"","overlay-opacity":"","overlay-gradient":""},"tablet":{"background-color":"var(--ast-global-color-5)","background-image":"","background-repeat":"repeat","background-position":"center center","background-size":"auto","background-attachment":"scroll","background-type":"","background-media":"","overlay-type":"","overlay-color":"","overlay-opacity":"","overlay-gradient":""},"mobile":{"background-color":"var(--ast-global-color-5)","background-image":"","background-repeat":"repeat","background-position":"center center","background-size":"auto","background-attachment":"scroll","background-type":"","background-media":"","overlay-type":"","overlay-color":"","overlay-opacity":"","overlay-gradient":""}}},"product_brand":[],"product_cat":[34221],"product_tag":[],"pa_brand_name":[],"class_list":{"0":"post-120621","1":"product","2":"type-product","3":"status-publish","4":"has-post-thumbnail","6":"product_cat-tractor","7":"desktop-align-left","8":"tablet-align-left","9":"mobile-align-left","11":"first","12":"outofstock","13":"taxable","14":"shipping-taxable","15":"purchasable","16":"product-type-simple"},"_links":{"self":[{"href":"https:\/\/shop.rettum.ee\/en\/wp-json\/wp\/v2\/product\/120621","targetHints":{"allow":["GET"]}}],"collection":[{"href":"https:\/\/shop.rettum.ee\/en\/wp-json\/wp\/v2\/product"}],"about":[{"href":"https:\/\/shop.rettum.ee\/en\/wp-json\/wp\/v2\/types\/product"}],"version-history":[{"count":1,"href":"https:\/\/shop.rettum.ee\/en\/wp-json\/wp\/v2\/product\/120621\/revisions"}],"predecessor-version":[{"id":125863,"href":"https:\/\/shop.rettum.ee\/en\/wp-json\/wp\/v2\/product\/120621\/revisions\/125863"}],"wp:featuredmedia":[{"embeddable":true,"href":"https:\/\/shop.rettum.ee\/en\/wp-json\/wp\/v2\/media\/123655"}],"wp:attachment":[{"href":"https:\/\/shop.rettum.ee\/en\/wp-json\/wp\/v2\/media?parent=120621"}],"wp:term":[{"taxonomy":"product_brand","embeddable":true,"href":"https:\/\/shop.rettum.ee\/en\/wp-json\/wp\/v2\/product_brand?post=120621"},{"taxonomy":"product_cat","embeddable":true,"href":"https:\/\/shop.rettum.ee\/en\/wp-json\/wp\/v2\/product_cat?post=120621"},{"taxonomy":"product_tag","embeddable":true,"href":"https:\/\/shop.rettum.ee\/en\/wp-json\/wp\/v2\/product_tag?post=120621"},{"taxonomy":"pa_brand_name","embeddable":true,"href":"https:\/\/shop.rettum.ee\/en\/wp-json\/wp\/v2\/pa_brand_name?post=120621"}],"curies":[{"name":"wp","href":"https:\/\/api.w.org\/{rel}","templated":true}]}}