{"id":120622,"date":"2025-03-31T03:04:26","date_gmt":"2025-03-31T00:04:26","guid":{"rendered":"https:\/\/shop.rettum.ee\/toode\/vf650-60r34-ascenso-vdr2000-168d-nro-sb-tl\/"},"modified":"2026-03-11T02:45:28","modified_gmt":"2026-03-11T00:45:28","slug":"vf650-60r34-ascenso-vdr2000-168d-nro-sb-tl","status":"publish","type":"product","link":"https:\/\/shop.rettum.ee\/en\/product\/vf650-60r34-ascenso-vdr2000-168d-nro-sb-tl\/","title":{"rendered":"VF650\/60R34 Ascenso VDR2000 168D NRO SB TL"},"content":{"rendered":"<p>Tutvustame uut VF650\/60R34 Ascenso VDR2000 168D NRO SB TL rehvi \u2013 ideaalne lahendus n\u00f5udlike t\u00f6\u00f6tingimuste ja igap\u00e4evasuse ohutuse tagamiseks. Rehvi modernne disain ja kvaliteetne tootmine tagavad usaldusv\u00e4\u00e4rse haarduvuse nii kuivadel kui ka m\u00e4rgadel pindadel, pakkudes suurep\u00e4rast stabiilsust ja t\u00e4pset juhitavust keerulistes olukordades.<\/p>\n<p>Ascenso VDR2000 168D NRO SB TL on spetsiaalselt loodud vastama k\u00f5rgetele j\u00f5udlusn\u00f5uetele, v\u00e4hendades kulumist ja tagades \u00fchtlase j\u00f5udluse ka k\u00f5ige n\u00f5udlikumates t\u00f6\u00f6tingimustes. Selle tugev ja innovatiivne kirbit\u00f5mm on ideaalne lahendus nii t\u00f6\u00f6masinatele kui ka s\u00f5idukitele, kus ohutus ning t\u00f6\u00f6kindlus on esmat\u00e4htsad.<\/p>\n<p>Valides selle rehvi, investeerid nii oma t\u00f6\u00f6protsesside efektiivsusesse kui ka turvalisusesse. VF650\/60R34 Ascenso VDR2000 168D NRO SB TL on parim valik neile, kes hindavad kvaliteeti, vastupidavust ja usaldusv\u00e4\u00e4rset j\u00f5udlust igas olukorras.<\/p>","protected":false},"excerpt":{"rendered":"<p>Tutvustame uut VF650\/60R34 Ascenso VDR2000 168D NRO SB TL rehvi \u2013 ideaalne lahendus n\u00f5udlike t\u00f6\u00f6tingimuste ja igap\u00e4evasuse ohutuse tagamiseks. Rehvi modernne disain ja kvaliteetne tootmine tagavad usaldusv\u00e4\u00e4rse haarduvuse nii kuivadel kui ka m\u00e4rgadel pindadel, pakkudes suurep\u00e4rast stabiilsust ja t\u00e4pset juhitavust keerulistes olukordades. Ascenso VDR2000 168D NRO SB TL on spetsiaalselt loodud vastama k\u00f5rgetele j\u00f5udlusn\u00f5uetele, v\u00e4hendades [&hellip;]<\/p>\n","protected":false},"featured_media":123440,"template":"","meta":{"site-sidebar-layout":"default","site-content-layout":"","ast-site-content-layout":"","site-content-style":"default","site-sidebar-style":"default","ast-global-header-display":"","ast-banner-title-visibility":"","ast-main-header-display":"","ast-hfb-above-header-display":"","ast-hfb-below-header-display":"","ast-hfb-mobile-header-display":"","site-post-title":"","ast-breadcrumbs-content":"","ast-featured-img":"","footer-sml-layout":"","theme-transparent-header-meta":"","adv-header-id-meta":"","stick-header-meta":"","header-above-stick-meta":"","header-main-stick-meta":"","header-below-stick-meta":"","astra-migrate-meta-layouts":"default","ast-page-background-enabled":"default","ast-page-background-meta":{"desktop":{"background-color":"","background-image":"","background-repeat":"repeat","background-position":"center center","background-size":"auto","background-attachment":"scroll","background-type":"","background-media":"","overlay-type":"","overlay-color":"","overlay-opacity":"","overlay-gradient":""},"tablet":{"background-color":"","background-image":"","background-repeat":"repeat","background-position":"center center","background-size":"auto","background-attachment":"scroll","background-type":"","background-media":"","overlay-type":"","overlay-color":"","overlay-opacity":"","overlay-gradient":""},"mobile":{"background-color":"","background-image":"","background-repeat":"repeat","background-position":"center center","background-size":"auto","background-attachment":"scroll","background-type":"","background-media":"","overlay-type":"","overlay-color":"","overlay-opacity":"","overlay-gradient":""}},"ast-content-background-meta":{"desktop":{"background-color":"var(--ast-global-color-5)","background-image":"","background-repeat":"repeat","background-position":"center center","background-size":"auto","background-attachment":"scroll","background-type":"","background-media":"","overlay-type":"","overlay-color":"","overlay-opacity":"","overlay-gradient":""},"tablet":{"background-color":"var(--ast-global-color-5)","background-image":"","background-repeat":"repeat","background-position":"center center","background-size":"auto","background-attachment":"scroll","background-type":"","background-media":"","overlay-type":"","overlay-color":"","overlay-opacity":"","overlay-gradient":""},"mobile":{"background-color":"var(--ast-global-color-5)","background-image":"","background-repeat":"repeat","background-position":"center center","background-size":"auto","background-attachment":"scroll","background-type":"","background-media":"","overlay-type":"","overlay-color":"","overlay-opacity":"","overlay-gradient":""}}},"product_brand":[],"product_cat":[34221],"product_tag":[],"pa_brand_name":[16520],"class_list":{"0":"post-120622","1":"product","2":"type-product","3":"status-publish","4":"has-post-thumbnail","6":"product_cat-tractor","7":"pa_brand_name-ascenso","8":"desktop-align-left","9":"tablet-align-left","10":"mobile-align-left","12":"first","13":"outofstock","14":"taxable","15":"shipping-taxable","16":"purchasable","17":"product-type-simple"},"_links":{"self":[{"href":"https:\/\/shop.rettum.ee\/en\/wp-json\/wp\/v2\/product\/120622","targetHints":{"allow":["GET"]}}],"collection":[{"href":"https:\/\/shop.rettum.ee\/en\/wp-json\/wp\/v2\/product"}],"about":[{"href":"https:\/\/shop.rettum.ee\/en\/wp-json\/wp\/v2\/types\/product"}],"version-history":[{"count":1,"href":"https:\/\/shop.rettum.ee\/en\/wp-json\/wp\/v2\/product\/120622\/revisions"}],"predecessor-version":[{"id":125861,"href":"https:\/\/shop.rettum.ee\/en\/wp-json\/wp\/v2\/product\/120622\/revisions\/125861"}],"wp:featuredmedia":[{"embeddable":true,"href":"https:\/\/shop.rettum.ee\/en\/wp-json\/wp\/v2\/media\/123440"}],"wp:attachment":[{"href":"https:\/\/shop.rettum.ee\/en\/wp-json\/wp\/v2\/media?parent=120622"}],"wp:term":[{"taxonomy":"product_brand","embeddable":true,"href":"https:\/\/shop.rettum.ee\/en\/wp-json\/wp\/v2\/product_brand?post=120622"},{"taxonomy":"product_cat","embeddable":true,"href":"https:\/\/shop.rettum.ee\/en\/wp-json\/wp\/v2\/product_cat?post=120622"},{"taxonomy":"product_tag","embeddable":true,"href":"https:\/\/shop.rettum.ee\/en\/wp-json\/wp\/v2\/product_tag?post=120622"},{"taxonomy":"pa_brand_name","embeddable":true,"href":"https:\/\/shop.rettum.ee\/en\/wp-json\/wp\/v2\/pa_brand_name?post=120622"}],"curies":[{"name":"wp","href":"https:\/\/api.w.org\/{rel}","templated":true}]}}