{"id":120628,"date":"2025-03-31T03:04:30","date_gmt":"2025-03-31T00:04:30","guid":{"rendered":"https:\/\/shop.rettum.ee\/toode\/90-100-14-mitas-terra-force-mx-mh-rg-49m-tt-cross-intermed-rear-medium-hard-terrain-nhs\/"},"modified":"2026-03-22T03:05:21","modified_gmt":"2026-03-22T01:05:21","slug":"90-100-14-mitas-terra-force-mx-mh-rg-49m-tt-cross-intermed-rear-medium-hard-terrain-nhs","status":"publish","type":"product","link":"https:\/\/shop.rettum.ee\/en\/product\/90-100-14-mitas-terra-force-mx-mh-rg-49m-tt-cross-intermed-rear-medium-hard-terrain-nhs\/","title":{"rendered":"90\/100-14 Mitas TERRA FORCE-MX MH RG 49M TT CROSS INTERMED Rear MEDIUM HARD TERRAIN NHS"},"content":{"rendered":"<p>Tutvustame Mitas TERRA FORCE-MX MH RG 49M TT CROSS INTERMED tagarehvi, mis on spetsiaalselt loodud keskmise raskusega maastikele ja keerukates s\u00f5iduoludes kindlaks haardumiseks ning t\u00e4pseks juhitavuseks. Rehvi m\u00f5\u00f5t 90\/100-14 paneb aluse ideaalsele sobivusele tagas\u00f5idaks, pakkudes stabiilset ja ohutut k\u00fctusekulu v\u00e4hendavat s\u00f5iduelamust ka n\u00f5udlikul pinnasel.<\/p>\n<p>Innovatiivne mustrikujundus ja spetsiaalselt v\u00e4lja t\u00f6\u00f6tatud sidepinda tehnoloogia tagavad maksimaalse kontaktpinna ning v\u00e4hendavad libisemise riski, v\u00f5imaldades s\u00f5ita nii kivistel radadel kui ka rasketel ilmastikutingimustel enesekindlalt edasi. Kvaliteetsed materjalid ja t\u00e4helepanelikult optimeeritud konstruktsioon tagavad pika eluea ning stabiilse soorituse igas olukorras.<\/p>\n<p>Mitas TERRA FORCE-MX on ideaalne valik neile, kes hindavad t\u00f6\u00f6kindlust ja turvalist s\u00f5idukogemust keerulistel maastikel. Valige see tagarehv, et kogeda usaldusv\u00e4\u00e4rset j\u00f5udlust ja nautida s\u00f5itu igal teekonnal \u2013 olgu see igap\u00e4evane t\u00f6\u00f6 v\u00f5i seikluslik maastikus\u00f5it.<\/p>","protected":false},"excerpt":{"rendered":"<p>Tutvustame Mitas TERRA FORCE-MX MH RG 49M TT CROSS INTERMED tagarehvi, mis on spetsiaalselt loodud keskmise raskusega maastikele ja keerukates s\u00f5iduoludes kindlaks haardumiseks ning t\u00e4pseks juhitavuseks. Rehvi m\u00f5\u00f5t 90\/100-14 paneb aluse ideaalsele sobivusele tagas\u00f5idaks, pakkudes stabiilset ja ohutut k\u00fctusekulu v\u00e4hendavat s\u00f5iduelamust ka n\u00f5udlikul pinnasel. Innovatiivne mustrikujundus ja spetsiaalselt v\u00e4lja t\u00f6\u00f6tatud sidepinda tehnoloogia tagavad maksimaalse kontaktpinna [&hellip;]<\/p>\n","protected":false},"featured_media":123871,"template":"","meta":{"site-sidebar-layout":"default","site-content-layout":"","ast-site-content-layout":"","site-content-style":"default","site-sidebar-style":"default","ast-global-header-display":"","ast-banner-title-visibility":"","ast-main-header-display":"","ast-hfb-above-header-display":"","ast-hfb-below-header-display":"","ast-hfb-mobile-header-display":"","site-post-title":"","ast-breadcrumbs-content":"","ast-featured-img":"","footer-sml-layout":"","theme-transparent-header-meta":"","adv-header-id-meta":"","stick-header-meta":"","header-above-stick-meta":"","header-main-stick-meta":"","header-below-stick-meta":"","astra-migrate-meta-layouts":"default","ast-page-background-enabled":"default","ast-page-background-meta":{"desktop":{"background-color":"","background-image":"","background-repeat":"repeat","background-position":"center center","background-size":"auto","background-attachment":"scroll","background-type":"","background-media":"","overlay-type":"","overlay-color":"","overlay-opacity":"","overlay-gradient":""},"tablet":{"background-color":"","background-image":"","background-repeat":"repeat","background-position":"center center","background-size":"auto","background-attachment":"scroll","background-type":"","background-media":"","overlay-type":"","overlay-color":"","overlay-opacity":"","overlay-gradient":""},"mobile":{"background-color":"","background-image":"","background-repeat":"repeat","background-position":"center center","background-size":"auto","background-attachment":"scroll","background-type":"","background-media":"","overlay-type":"","overlay-color":"","overlay-opacity":"","overlay-gradient":""}},"ast-content-background-meta":{"desktop":{"background-color":"var(--ast-global-color-5)","background-image":"","background-repeat":"repeat","background-position":"center center","background-size":"auto","background-attachment":"scroll","background-type":"","background-media":"","overlay-type":"","overlay-color":"","overlay-opacity":"","overlay-gradient":""},"tablet":{"background-color":"var(--ast-global-color-5)","background-image":"","background-repeat":"repeat","background-position":"center center","background-size":"auto","background-attachment":"scroll","background-type":"","background-media":"","overlay-type":"","overlay-color":"","overlay-opacity":"","overlay-gradient":""},"mobile":{"background-color":"var(--ast-global-color-5)","background-image":"","background-repeat":"repeat","background-position":"center center","background-size":"auto","background-attachment":"scroll","background-type":"","background-media":"","overlay-type":"","overlay-color":"","overlay-opacity":"","overlay-gradient":""}}},"product_brand":[],"product_cat":[34223],"product_tag":[],"pa_brand_name":[17290],"class_list":{"0":"post-120628","1":"product","2":"type-product","3":"status-publish","4":"has-post-thumbnail","6":"product_cat-mc-tires","7":"pa_brand_name-mitas","8":"desktop-align-left","9":"tablet-align-left","10":"mobile-align-left","12":"first","13":"outofstock","14":"taxable","15":"shipping-taxable","16":"purchasable","17":"product-type-simple"},"_links":{"self":[{"href":"https:\/\/shop.rettum.ee\/en\/wp-json\/wp\/v2\/product\/120628","targetHints":{"allow":["GET"]}}],"collection":[{"href":"https:\/\/shop.rettum.ee\/en\/wp-json\/wp\/v2\/product"}],"about":[{"href":"https:\/\/shop.rettum.ee\/en\/wp-json\/wp\/v2\/types\/product"}],"version-history":[{"count":1,"href":"https:\/\/shop.rettum.ee\/en\/wp-json\/wp\/v2\/product\/120628\/revisions"}],"predecessor-version":[{"id":125856,"href":"https:\/\/shop.rettum.ee\/en\/wp-json\/wp\/v2\/product\/120628\/revisions\/125856"}],"wp:featuredmedia":[{"embeddable":true,"href":"https:\/\/shop.rettum.ee\/en\/wp-json\/wp\/v2\/media\/123871"}],"wp:attachment":[{"href":"https:\/\/shop.rettum.ee\/en\/wp-json\/wp\/v2\/media?parent=120628"}],"wp:term":[{"taxonomy":"product_brand","embeddable":true,"href":"https:\/\/shop.rettum.ee\/en\/wp-json\/wp\/v2\/product_brand?post=120628"},{"taxonomy":"product_cat","embeddable":true,"href":"https:\/\/shop.rettum.ee\/en\/wp-json\/wp\/v2\/product_cat?post=120628"},{"taxonomy":"product_tag","embeddable":true,"href":"https:\/\/shop.rettum.ee\/en\/wp-json\/wp\/v2\/product_tag?post=120628"},{"taxonomy":"pa_brand_name","embeddable":true,"href":"https:\/\/shop.rettum.ee\/en\/wp-json\/wp\/v2\/pa_brand_name?post=120628"}],"curies":[{"name":"wp","href":"https:\/\/api.w.org\/{rel}","templated":true}]}}