{"id":120629,"date":"2025-03-31T03:04:31","date_gmt":"2025-03-31T00:04:31","guid":{"rendered":"https:\/\/shop.rettum.ee\/toode\/130-80b17-mitas-enduro-trail-xt-e-09-65s-tl-enduro-off-road-rear-ms\/"},"modified":"2026-03-22T03:05:21","modified_gmt":"2026-03-22T01:05:21","slug":"130-80b17-mitas-enduro-trail-xt-e-09-65s-tl-enduro-off-road-rear-ms","status":"publish","type":"product","link":"https:\/\/shop.rettum.ee\/en\/product\/130-80b17-mitas-enduro-trail-xt-e-09-65s-tl-enduro-off-road-rear-ms\/","title":{"rendered":"130\/80B17 Mitas ENDURO TRAIL XT+ (E-09) 65S TL ENDURO OFF ROAD Rear M+S"},"content":{"rendered":"<p>Mitas ENDURO TRAIL XT+ (E-09) 65S TL on spetsiaalselt loodud t\u00f5eliselt n\u00f5udlikuks off-road s\u00f5iduks. Rehvi m\u00f5\u00f5tmed 130\/80B17 tagavad optimaalse sobivuse ning selle innovatiivne mustriga disain tagab suurep\u00e4rase haarduvuse nii kuival, m\u00e4rjal kui ka lumisel pinnal (M+S klassifikatsioon). Spetsiaalselt kavandatud veeretav profiil ja s\u00fcgavad kanalid v\u00f5imaldavad efektiivselt h\u00fcdroplaneerumist v\u00e4ltida ning kindlustavad j\u00e4tkuva s\u00f5idu stabiilsuse ja juhitavuse ka k\u00f5ige karmimates tingimustes.<\/p>\n<p>Rehvi vastupidav konstruktsioon on m\u00f5eldud taluma rasket maastikut ja pidevat kasutust, pakkudes samas ka mugavust ja turvatunnet igas s\u00f5idus. See on ideaalne valik enduro ja trail s\u00f5pradele, kes otsivad usaldusv\u00e4\u00e4rset ning kvaliteetset rehvi, mis toetab nende seikluslikku eluviisi ning tagab maksimaalse j\u00f5udluse igal teel.<\/p>\n<p>Investeeri Mitas ENDURO TRAIL XT+ rehvisse ja naudi midagi enamat kui lihtsalt s\u00f5itu \u2013 kogeta t\u00f5elist vabadust ja enesekindlust igas seikluses!<\/p>","protected":false},"excerpt":{"rendered":"<p>Mitas ENDURO TRAIL XT+ (E-09) 65S TL on spetsiaalselt loodud t\u00f5eliselt n\u00f5udlikuks off-road s\u00f5iduks. Rehvi m\u00f5\u00f5tmed 130\/80B17 tagavad optimaalse sobivuse ning selle innovatiivne mustriga disain tagab suurep\u00e4rase haarduvuse nii kuival, m\u00e4rjal kui ka lumisel pinnal (M+S klassifikatsioon). Spetsiaalselt kavandatud veeretav profiil ja s\u00fcgavad kanalid v\u00f5imaldavad efektiivselt h\u00fcdroplaneerumist v\u00e4ltida ning kindlustavad j\u00e4tkuva s\u00f5idu stabiilsuse ja juhitavuse [&hellip;]<\/p>\n","protected":false},"featured_media":123868,"template":"","meta":{"site-sidebar-layout":"default","site-content-layout":"","ast-site-content-layout":"default","site-content-style":"default","site-sidebar-style":"default","ast-global-header-display":"","ast-banner-title-visibility":"","ast-main-header-display":"","ast-hfb-above-header-display":"","ast-hfb-below-header-display":"","ast-hfb-mobile-header-display":"","site-post-title":"","ast-breadcrumbs-content":"","ast-featured-img":"","footer-sml-layout":"","theme-transparent-header-meta":"default","adv-header-id-meta":"","stick-header-meta":"","header-above-stick-meta":"","header-main-stick-meta":"","header-below-stick-meta":"","astra-migrate-meta-layouts":"set","ast-page-background-enabled":"default","ast-page-background-meta":{"desktop":{"background-color":"","background-image":"","background-repeat":"repeat","background-position":"center center","background-size":"auto","background-attachment":"scroll","background-type":"","background-media":"","overlay-type":"","overlay-color":"","overlay-opacity":"","overlay-gradient":""},"tablet":{"background-color":"","background-image":"","background-repeat":"repeat","background-position":"center center","background-size":"auto","background-attachment":"scroll","background-type":"","background-media":"","overlay-type":"","overlay-color":"","overlay-opacity":"","overlay-gradient":""},"mobile":{"background-color":"","background-image":"","background-repeat":"repeat","background-position":"center center","background-size":"auto","background-attachment":"scroll","background-type":"","background-media":"","overlay-type":"","overlay-color":"","overlay-opacity":"","overlay-gradient":""}},"ast-content-background-meta":{"desktop":{"background-color":"var(--ast-global-color-5)","background-image":"","background-repeat":"repeat","background-position":"center center","background-size":"auto","background-attachment":"scroll","background-type":"","background-media":"","overlay-type":"","overlay-color":"","overlay-opacity":"","overlay-gradient":""},"tablet":{"background-color":"var(--ast-global-color-5)","background-image":"","background-repeat":"repeat","background-position":"center center","background-size":"auto","background-attachment":"scroll","background-type":"","background-media":"","overlay-type":"","overlay-color":"","overlay-opacity":"","overlay-gradient":""},"mobile":{"background-color":"var(--ast-global-color-5)","background-image":"","background-repeat":"repeat","background-position":"center center","background-size":"auto","background-attachment":"scroll","background-type":"","background-media":"","overlay-type":"","overlay-color":"","overlay-opacity":"","overlay-gradient":""}}},"product_brand":[],"product_cat":[34223],"product_tag":[],"pa_brand_name":[17290],"class_list":{"0":"post-120629","1":"product","2":"type-product","3":"status-publish","4":"has-post-thumbnail","6":"product_cat-mc-tires","7":"pa_brand_name-mitas","8":"desktop-align-left","9":"tablet-align-left","10":"mobile-align-left","12":"first","13":"outofstock","14":"taxable","15":"shipping-taxable","16":"purchasable","17":"product-type-simple"},"_links":{"self":[{"href":"https:\/\/shop.rettum.ee\/en\/wp-json\/wp\/v2\/product\/120629","targetHints":{"allow":["GET"]}}],"collection":[{"href":"https:\/\/shop.rettum.ee\/en\/wp-json\/wp\/v2\/product"}],"about":[{"href":"https:\/\/shop.rettum.ee\/en\/wp-json\/wp\/v2\/types\/product"}],"version-history":[{"count":3,"href":"https:\/\/shop.rettum.ee\/en\/wp-json\/wp\/v2\/product\/120629\/revisions"}],"predecessor-version":[{"id":129405,"href":"https:\/\/shop.rettum.ee\/en\/wp-json\/wp\/v2\/product\/120629\/revisions\/129405"}],"wp:featuredmedia":[{"embeddable":true,"href":"https:\/\/shop.rettum.ee\/en\/wp-json\/wp\/v2\/media\/123868"}],"wp:attachment":[{"href":"https:\/\/shop.rettum.ee\/en\/wp-json\/wp\/v2\/media?parent=120629"}],"wp:term":[{"taxonomy":"product_brand","embeddable":true,"href":"https:\/\/shop.rettum.ee\/en\/wp-json\/wp\/v2\/product_brand?post=120629"},{"taxonomy":"product_cat","embeddable":true,"href":"https:\/\/shop.rettum.ee\/en\/wp-json\/wp\/v2\/product_cat?post=120629"},{"taxonomy":"product_tag","embeddable":true,"href":"https:\/\/shop.rettum.ee\/en\/wp-json\/wp\/v2\/product_tag?post=120629"},{"taxonomy":"pa_brand_name","embeddable":true,"href":"https:\/\/shop.rettum.ee\/en\/wp-json\/wp\/v2\/pa_brand_name?post=120629"}],"curies":[{"name":"wp","href":"https:\/\/api.w.org\/{rel}","templated":true}]}}