{"id":120630,"date":"2025-03-31T03:04:31","date_gmt":"2025-03-31T00:04:31","guid":{"rendered":"https:\/\/shop.rettum.ee\/toode\/140-80b17-mitas-enduro-trail-xt-e-10-69h-tl-enduro-off-road-rear-ms\/"},"modified":"2026-03-22T03:05:21","modified_gmt":"2026-03-22T01:05:21","slug":"140-80b17-mitas-enduro-trail-xt-e-10-69h-tl-enduro-off-road-rear-ms","status":"publish","type":"product","link":"https:\/\/shop.rettum.ee\/en\/product\/140-80b17-mitas-enduro-trail-xt-e-10-69h-tl-enduro-off-road-rear-ms\/","title":{"rendered":"140\/80B17 Mitas ENDURO TRAIL XT (E-10) 69H TL ENDURO OFF ROAD Rear M+S"},"content":{"rendered":"<p>Tutvustame Mitas ENDURO TRAIL XT (E-10) 69H TL \u2013 t\u00e4iuslikku valikut kirglikele enduro-s\u00f5itjatele ja t\u00f5elistele off-road entusiastidele. Rehvil m\u00f5\u00f5tmetega 140\/80B17 on m\u00f5eldud spetsiaalselt tagarehvina, pakkudes erakordset haarduvust ja kontrolli erinevatel maastikutingimustel.<\/p>\n<p>Eriti silmapaistev on rehvi M+S klassifikatsioon, mis tagab suurep\u00e4rase j\u00f5udluse niiskel, mudasel v\u00f5i isegi lumisel pinnal. Rehvi kaasaegne disain ja E-10 tehnoloogia optimeerivad p\u00f6\u00f6retsperspektiivi ning tagavad \u00fchtlase kuumenemise, mis omakorda suurendab stabiilsust ja vastupidavust intensiivsete s\u00f5idutingimuste korral. H kiirusklass annab lisatunnistuse selle kvaliteedile, pakkudes kindlustunnet nii igap\u00e4evasel s\u00f5idul kui ka ekstreemsetes off-road seiklustes.<\/p>\n<p>Mitas ENDURO TRAIL XT (E-10) 69H TL on loodud pakkuma maksimaalset kontrolli, turvalisust ja s\u00f5idunautssu \u00fchtlase maastikuolukorra korral. See rehvil on usaldusv\u00e4\u00e4rne partner, kes viib Teie seiklused j\u00e4rgmisele tasemele isegi k\u00f5ige n\u00f5udlikumates tingimustes.<\/p>","protected":false},"excerpt":{"rendered":"<p>Tutvustame Mitas ENDURO TRAIL XT (E-10) 69H TL \u2013 t\u00e4iuslikku valikut kirglikele enduro-s\u00f5itjatele ja t\u00f5elistele off-road entusiastidele. Rehvil m\u00f5\u00f5tmetega 140\/80B17 on m\u00f5eldud spetsiaalselt tagarehvina, pakkudes erakordset haarduvust ja kontrolli erinevatel maastikutingimustel. Eriti silmapaistev on rehvi M+S klassifikatsioon, mis tagab suurep\u00e4rase j\u00f5udluse niiskel, mudasel v\u00f5i isegi lumisel pinnal. Rehvi kaasaegne disain ja E-10 tehnoloogia optimeerivad p\u00f6\u00f6retsperspektiivi [&hellip;]<\/p>\n","protected":false},"featured_media":123862,"template":"","meta":{"site-sidebar-layout":"default","site-content-layout":"","ast-site-content-layout":"","site-content-style":"default","site-sidebar-style":"default","ast-global-header-display":"","ast-banner-title-visibility":"","ast-main-header-display":"","ast-hfb-above-header-display":"","ast-hfb-below-header-display":"","ast-hfb-mobile-header-display":"","site-post-title":"","ast-breadcrumbs-content":"","ast-featured-img":"","footer-sml-layout":"","theme-transparent-header-meta":"","adv-header-id-meta":"","stick-header-meta":"","header-above-stick-meta":"","header-main-stick-meta":"","header-below-stick-meta":"","astra-migrate-meta-layouts":"default","ast-page-background-enabled":"default","ast-page-background-meta":{"desktop":{"background-color":"","background-image":"","background-repeat":"repeat","background-position":"center center","background-size":"auto","background-attachment":"scroll","background-type":"","background-media":"","overlay-type":"","overlay-color":"","overlay-opacity":"","overlay-gradient":""},"tablet":{"background-color":"","background-image":"","background-repeat":"repeat","background-position":"center center","background-size":"auto","background-attachment":"scroll","background-type":"","background-media":"","overlay-type":"","overlay-color":"","overlay-opacity":"","overlay-gradient":""},"mobile":{"background-color":"","background-image":"","background-repeat":"repeat","background-position":"center center","background-size":"auto","background-attachment":"scroll","background-type":"","background-media":"","overlay-type":"","overlay-color":"","overlay-opacity":"","overlay-gradient":""}},"ast-content-background-meta":{"desktop":{"background-color":"var(--ast-global-color-5)","background-image":"","background-repeat":"repeat","background-position":"center center","background-size":"auto","background-attachment":"scroll","background-type":"","background-media":"","overlay-type":"","overlay-color":"","overlay-opacity":"","overlay-gradient":""},"tablet":{"background-color":"var(--ast-global-color-5)","background-image":"","background-repeat":"repeat","background-position":"center center","background-size":"auto","background-attachment":"scroll","background-type":"","background-media":"","overlay-type":"","overlay-color":"","overlay-opacity":"","overlay-gradient":""},"mobile":{"background-color":"var(--ast-global-color-5)","background-image":"","background-repeat":"repeat","background-position":"center center","background-size":"auto","background-attachment":"scroll","background-type":"","background-media":"","overlay-type":"","overlay-color":"","overlay-opacity":"","overlay-gradient":""}}},"product_brand":[],"product_cat":[34223],"product_tag":[],"pa_brand_name":[17290],"class_list":{"0":"post-120630","1":"product","2":"type-product","3":"status-publish","4":"has-post-thumbnail","6":"product_cat-mc-tires","7":"pa_brand_name-mitas","8":"desktop-align-left","9":"tablet-align-left","10":"mobile-align-left","12":"first","13":"outofstock","14":"taxable","15":"shipping-taxable","16":"purchasable","17":"product-type-simple"},"_links":{"self":[{"href":"https:\/\/shop.rettum.ee\/en\/wp-json\/wp\/v2\/product\/120630","targetHints":{"allow":["GET"]}}],"collection":[{"href":"https:\/\/shop.rettum.ee\/en\/wp-json\/wp\/v2\/product"}],"about":[{"href":"https:\/\/shop.rettum.ee\/en\/wp-json\/wp\/v2\/types\/product"}],"version-history":[{"count":1,"href":"https:\/\/shop.rettum.ee\/en\/wp-json\/wp\/v2\/product\/120630\/revisions"}],"predecessor-version":[{"id":125854,"href":"https:\/\/shop.rettum.ee\/en\/wp-json\/wp\/v2\/product\/120630\/revisions\/125854"}],"wp:featuredmedia":[{"embeddable":true,"href":"https:\/\/shop.rettum.ee\/en\/wp-json\/wp\/v2\/media\/123862"}],"wp:attachment":[{"href":"https:\/\/shop.rettum.ee\/en\/wp-json\/wp\/v2\/media?parent=120630"}],"wp:term":[{"taxonomy":"product_brand","embeddable":true,"href":"https:\/\/shop.rettum.ee\/en\/wp-json\/wp\/v2\/product_brand?post=120630"},{"taxonomy":"product_cat","embeddable":true,"href":"https:\/\/shop.rettum.ee\/en\/wp-json\/wp\/v2\/product_cat?post=120630"},{"taxonomy":"product_tag","embeddable":true,"href":"https:\/\/shop.rettum.ee\/en\/wp-json\/wp\/v2\/product_tag?post=120630"},{"taxonomy":"pa_brand_name","embeddable":true,"href":"https:\/\/shop.rettum.ee\/en\/wp-json\/wp\/v2\/pa_brand_name?post=120630"}],"curies":[{"name":"wp","href":"https:\/\/api.w.org\/{rel}","templated":true}]}}