{"id":120631,"date":"2025-03-31T03:04:32","date_gmt":"2025-03-31T00:04:32","guid":{"rendered":"https:\/\/shop.rettum.ee\/toode\/150-70b17-mitas-enduro-trail-xt-e-09-yy-69t-tl-enduro-off-road-rear-dakar-ms\/"},"modified":"2025-07-31T02:45:40","modified_gmt":"2025-07-30T23:45:40","slug":"150-70b17-mitas-enduro-trail-xt-e-09-yy-69t-tl-enduro-off-road-rear-dakar-ms","status":"publish","type":"product","link":"https:\/\/shop.rettum.ee\/en\/product\/150-70b17-mitas-enduro-trail-xt-e-09-yy-69t-tl-enduro-off-road-rear-dakar-ms\/","title":{"rendered":"150\/70B17 Mitas ENDURO TRAIL XT+ (E-09) YY 69T TL ENDURO OFF ROAD Rear DAKAR M+S"},"content":{"rendered":"<p>Tutvustame Mitas ENDURO TRAIL XT+ (E-09) YY 69T TL rehvi, mis on loodud t\u00f5elisteks off-road seiklusteks. See 150\/70B17 m\u00f5\u00f5duga tagarehv on spetsiaalselt v\u00e4ljakutsetele vastuv\u00f5tmiseks, pakkudes suurep\u00e4raseid s\u00f5iduomadusi ka n\u00f5udlikel maastikutel ja DAKAR rally rajal. Rehvi spetsiaalne profill disainitud, et tagada maksimaalne haarduvus niisketel ja murdunud pindadel ning M+S m\u00e4rgistus kindlustab selle kvaliteedi ka mudases ja lumises keskkonnas.<\/p>\n<p>TL ehk putketeta tehnoloogia v\u00f5imaldab kiiret ja lihtsat paigaldust, pakkudes lisaks usaldusv\u00e4\u00e4rsust ja turvalisust igas s\u00f5idutingimuses. Rehvi konstruktsioon ja k\u00f5rgekvaliteedilised materjalid tagavad suurep\u00e4rase vastupidavuse ja s\u00e4ilitavad optimaalse j\u00f5udluse isegi karmimates tingimustes. Mitas ENDURO TRAIL XT+ on ideaalne valik neile, kes hindavad ohutust, stabiilsust ja tipptasemel j\u00f5udlust nii teel kui ka maastikul.<\/p>","protected":false},"excerpt":{"rendered":"<p>Tutvustame Mitas ENDURO TRAIL XT+ (E-09) YY 69T TL rehvi, mis on loodud t\u00f5elisteks off-road seiklusteks. See 150\/70B17 m\u00f5\u00f5duga tagarehv on spetsiaalselt v\u00e4ljakutsetele vastuv\u00f5tmiseks, pakkudes suurep\u00e4raseid s\u00f5iduomadusi ka n\u00f5udlikel maastikutel ja DAKAR rally rajal. Rehvi spetsiaalne profill disainitud, et tagada maksimaalne haarduvus niisketel ja murdunud pindadel ning M+S m\u00e4rgistus kindlustab selle kvaliteedi ka mudases ja [&hellip;]<\/p>\n","protected":false},"featured_media":123860,"template":"","meta":{"site-sidebar-layout":"default","site-content-layout":"","ast-site-content-layout":"","site-content-style":"default","site-sidebar-style":"default","ast-global-header-display":"","ast-banner-title-visibility":"","ast-main-header-display":"","ast-hfb-above-header-display":"","ast-hfb-below-header-display":"","ast-hfb-mobile-header-display":"","site-post-title":"","ast-breadcrumbs-content":"","ast-featured-img":"","footer-sml-layout":"","theme-transparent-header-meta":"","adv-header-id-meta":"","stick-header-meta":"","header-above-stick-meta":"","header-main-stick-meta":"","header-below-stick-meta":"","astra-migrate-meta-layouts":"default","ast-page-background-enabled":"default","ast-page-background-meta":{"desktop":{"background-color":"","background-image":"","background-repeat":"repeat","background-position":"center center","background-size":"auto","background-attachment":"scroll","background-type":"","background-media":"","overlay-type":"","overlay-color":"","overlay-opacity":"","overlay-gradient":""},"tablet":{"background-color":"","background-image":"","background-repeat":"repeat","background-position":"center center","background-size":"auto","background-attachment":"scroll","background-type":"","background-media":"","overlay-type":"","overlay-color":"","overlay-opacity":"","overlay-gradient":""},"mobile":{"background-color":"","background-image":"","background-repeat":"repeat","background-position":"center center","background-size":"auto","background-attachment":"scroll","background-type":"","background-media":"","overlay-type":"","overlay-color":"","overlay-opacity":"","overlay-gradient":""}},"ast-content-background-meta":{"desktop":{"background-color":"var(--ast-global-color-5)","background-image":"","background-repeat":"repeat","background-position":"center center","background-size":"auto","background-attachment":"scroll","background-type":"","background-media":"","overlay-type":"","overlay-color":"","overlay-opacity":"","overlay-gradient":""},"tablet":{"background-color":"var(--ast-global-color-5)","background-image":"","background-repeat":"repeat","background-position":"center center","background-size":"auto","background-attachment":"scroll","background-type":"","background-media":"","overlay-type":"","overlay-color":"","overlay-opacity":"","overlay-gradient":""},"mobile":{"background-color":"var(--ast-global-color-5)","background-image":"","background-repeat":"repeat","background-position":"center center","background-size":"auto","background-attachment":"scroll","background-type":"","background-media":"","overlay-type":"","overlay-color":"","overlay-opacity":"","overlay-gradient":""}}},"product_brand":[],"product_cat":[34223],"product_tag":[],"pa_brand_name":[17290],"class_list":{"0":"post-120631","1":"product","2":"type-product","3":"status-publish","4":"has-post-thumbnail","6":"product_cat-mc-tires","7":"pa_brand_name-mitas","8":"desktop-align-left","9":"tablet-align-left","10":"mobile-align-left","12":"first","13":"outofstock","14":"taxable","15":"shipping-taxable","16":"purchasable","17":"product-type-simple"},"_links":{"self":[{"href":"https:\/\/shop.rettum.ee\/en\/wp-json\/wp\/v2\/product\/120631","targetHints":{"allow":["GET"]}}],"collection":[{"href":"https:\/\/shop.rettum.ee\/en\/wp-json\/wp\/v2\/product"}],"about":[{"href":"https:\/\/shop.rettum.ee\/en\/wp-json\/wp\/v2\/types\/product"}],"version-history":[{"count":1,"href":"https:\/\/shop.rettum.ee\/en\/wp-json\/wp\/v2\/product\/120631\/revisions"}],"predecessor-version":[{"id":125852,"href":"https:\/\/shop.rettum.ee\/en\/wp-json\/wp\/v2\/product\/120631\/revisions\/125852"}],"wp:featuredmedia":[{"embeddable":true,"href":"https:\/\/shop.rettum.ee\/en\/wp-json\/wp\/v2\/media\/123860"}],"wp:attachment":[{"href":"https:\/\/shop.rettum.ee\/en\/wp-json\/wp\/v2\/media?parent=120631"}],"wp:term":[{"taxonomy":"product_brand","embeddable":true,"href":"https:\/\/shop.rettum.ee\/en\/wp-json\/wp\/v2\/product_brand?post=120631"},{"taxonomy":"product_cat","embeddable":true,"href":"https:\/\/shop.rettum.ee\/en\/wp-json\/wp\/v2\/product_cat?post=120631"},{"taxonomy":"product_tag","embeddable":true,"href":"https:\/\/shop.rettum.ee\/en\/wp-json\/wp\/v2\/product_tag?post=120631"},{"taxonomy":"pa_brand_name","embeddable":true,"href":"https:\/\/shop.rettum.ee\/en\/wp-json\/wp\/v2\/pa_brand_name?post=120631"}],"curies":[{"name":"wp","href":"https:\/\/api.w.org\/{rel}","templated":true}]}}