{"id":120632,"date":"2025-03-31T03:04:32","date_gmt":"2025-03-31T00:04:32","guid":{"rendered":"https:\/\/shop.rettum.ee\/toode\/150-70b17-mitas-enduro-trail-xt-e-10-69h-tl-enduro-off-road-rear-ms\/"},"modified":"2026-03-24T02:45:27","modified_gmt":"2026-03-24T00:45:27","slug":"150-70b17-mitas-enduro-trail-xt-e-10-69h-tl-enduro-off-road-rear-ms","status":"publish","type":"product","link":"https:\/\/shop.rettum.ee\/en\/product\/150-70b17-mitas-enduro-trail-xt-e-10-69h-tl-enduro-off-road-rear-ms\/","title":{"rendered":"150\/70B17 Mitas ENDURO TRAIL XT (E-10) 69H TL ENDURO OFF ROAD Rear M+S"},"content":{"rendered":"<p>Mitas ENDURO TRAIL XT (E-10) 69H TL on innovaatiline tagarehvit\u00fc\u00fcp, mis on loodud spetsiaalselt off-road s\u00f5iduks karmil maastikul. Rehvi m\u00f5\u00f5tmed 150\/70B17 tagavad optimaalse kontakti nii kuivadel kui ka libedatel pindadel. T\u00e4nu M+S (mud and snow) mustrile omab see erakordset haarduvust nii mudas kui lumel, pakkudes seel\u00e4bi kindlust ja stabiilsust igas olukorras.<\/p>\n<p>Tubeless (TL) tehnoloogia lihtsustab paigaldust ja v\u00e4hendab publikaatorit rongitud vigastuste riski, v\u00f5imaldades s\u00f5idul olla sujuv ja katkestusteta. Rehvi 69H klassi s\u00fcmboliseerib selle optimaalseid j\u00f5udlusomadusi ja kandev\u00f5imet, mis tagavad ohutu s\u00f5idu ka k\u00f5rgetel kiirustel ja n\u00f5udlikus maastikus.<\/p>\n<p>Enduro off-road disain \u00fchendab vastupidavuse ja j\u00f5udluse, muutes selle rehvi ideaalseks nii adrenaliiniotsijatele kui igap\u00e4evastele seiklemetele. Mitas ENDURO TRAIL XT rehvid pakuvad usaldusv\u00e4\u00e4rset k\u00e4itumist, kindlat pidamist ning erakordset man\u00f6\u00f6verdusv\u00f5imet, muutes iga s\u00f5idu meeldej\u00e4\u00e4vaks ja turvaliseks.<\/p>","protected":false},"excerpt":{"rendered":"<p>Mitas ENDURO TRAIL XT (E-10) 69H TL on innovaatiline tagarehvit\u00fc\u00fcp, mis on loodud spetsiaalselt off-road s\u00f5iduks karmil maastikul. Rehvi m\u00f5\u00f5tmed 150\/70B17 tagavad optimaalse kontakti nii kuivadel kui ka libedatel pindadel. T\u00e4nu M+S (mud and snow) mustrile omab see erakordset haarduvust nii mudas kui lumel, pakkudes seel\u00e4bi kindlust ja stabiilsust igas olukorras. Tubeless (TL) tehnoloogia lihtsustab [&hellip;]<\/p>\n","protected":false},"featured_media":123862,"template":"","meta":{"site-sidebar-layout":"default","site-content-layout":"","ast-site-content-layout":"","site-content-style":"default","site-sidebar-style":"default","ast-global-header-display":"","ast-banner-title-visibility":"","ast-main-header-display":"","ast-hfb-above-header-display":"","ast-hfb-below-header-display":"","ast-hfb-mobile-header-display":"","site-post-title":"","ast-breadcrumbs-content":"","ast-featured-img":"","footer-sml-layout":"","theme-transparent-header-meta":"","adv-header-id-meta":"","stick-header-meta":"","header-above-stick-meta":"","header-main-stick-meta":"","header-below-stick-meta":"","astra-migrate-meta-layouts":"default","ast-page-background-enabled":"default","ast-page-background-meta":{"desktop":{"background-color":"","background-image":"","background-repeat":"repeat","background-position":"center center","background-size":"auto","background-attachment":"scroll","background-type":"","background-media":"","overlay-type":"","overlay-color":"","overlay-opacity":"","overlay-gradient":""},"tablet":{"background-color":"","background-image":"","background-repeat":"repeat","background-position":"center center","background-size":"auto","background-attachment":"scroll","background-type":"","background-media":"","overlay-type":"","overlay-color":"","overlay-opacity":"","overlay-gradient":""},"mobile":{"background-color":"","background-image":"","background-repeat":"repeat","background-position":"center center","background-size":"auto","background-attachment":"scroll","background-type":"","background-media":"","overlay-type":"","overlay-color":"","overlay-opacity":"","overlay-gradient":""}},"ast-content-background-meta":{"desktop":{"background-color":"var(--ast-global-color-5)","background-image":"","background-repeat":"repeat","background-position":"center center","background-size":"auto","background-attachment":"scroll","background-type":"","background-media":"","overlay-type":"","overlay-color":"","overlay-opacity":"","overlay-gradient":""},"tablet":{"background-color":"var(--ast-global-color-5)","background-image":"","background-repeat":"repeat","background-position":"center center","background-size":"auto","background-attachment":"scroll","background-type":"","background-media":"","overlay-type":"","overlay-color":"","overlay-opacity":"","overlay-gradient":""},"mobile":{"background-color":"var(--ast-global-color-5)","background-image":"","background-repeat":"repeat","background-position":"center center","background-size":"auto","background-attachment":"scroll","background-type":"","background-media":"","overlay-type":"","overlay-color":"","overlay-opacity":"","overlay-gradient":""}}},"product_brand":[],"product_cat":[34223],"product_tag":[],"pa_brand_name":[17290],"class_list":{"0":"post-120632","1":"product","2":"type-product","3":"status-publish","4":"has-post-thumbnail","6":"product_cat-mc-tires","7":"pa_brand_name-mitas","8":"desktop-align-left","9":"tablet-align-left","10":"mobile-align-left","12":"first","13":"outofstock","14":"taxable","15":"shipping-taxable","16":"purchasable","17":"product-type-simple"},"_links":{"self":[{"href":"https:\/\/shop.rettum.ee\/en\/wp-json\/wp\/v2\/product\/120632","targetHints":{"allow":["GET"]}}],"collection":[{"href":"https:\/\/shop.rettum.ee\/en\/wp-json\/wp\/v2\/product"}],"about":[{"href":"https:\/\/shop.rettum.ee\/en\/wp-json\/wp\/v2\/types\/product"}],"version-history":[{"count":2,"href":"https:\/\/shop.rettum.ee\/en\/wp-json\/wp\/v2\/product\/120632\/revisions"}],"predecessor-version":[{"id":125884,"href":"https:\/\/shop.rettum.ee\/en\/wp-json\/wp\/v2\/product\/120632\/revisions\/125884"}],"wp:featuredmedia":[{"embeddable":true,"href":"https:\/\/shop.rettum.ee\/en\/wp-json\/wp\/v2\/media\/123862"}],"wp:attachment":[{"href":"https:\/\/shop.rettum.ee\/en\/wp-json\/wp\/v2\/media?parent=120632"}],"wp:term":[{"taxonomy":"product_brand","embeddable":true,"href":"https:\/\/shop.rettum.ee\/en\/wp-json\/wp\/v2\/product_brand?post=120632"},{"taxonomy":"product_cat","embeddable":true,"href":"https:\/\/shop.rettum.ee\/en\/wp-json\/wp\/v2\/product_cat?post=120632"},{"taxonomy":"product_tag","embeddable":true,"href":"https:\/\/shop.rettum.ee\/en\/wp-json\/wp\/v2\/product_tag?post=120632"},{"taxonomy":"pa_brand_name","embeddable":true,"href":"https:\/\/shop.rettum.ee\/en\/wp-json\/wp\/v2\/pa_brand_name?post=120632"}],"curies":[{"name":"wp","href":"https:\/\/api.w.org\/{rel}","templated":true}]}}