{"id":120634,"date":"2025-03-31T03:04:34","date_gmt":"2025-03-31T00:04:34","guid":{"rendered":"https:\/\/shop.rettum.ee\/toode\/140-80b18-mitas-enduro-trail-e-07-70h-tl-enduro-on-off-rear-ms\/"},"modified":"2025-07-30T02:51:35","modified_gmt":"2025-07-29T23:51:35","slug":"140-80b18-mitas-enduro-trail-e-07-70h-tl-enduro-on-off-rear-ms","status":"publish","type":"product","link":"https:\/\/shop.rettum.ee\/en\/product\/140-80b18-mitas-enduro-trail-e-07-70h-tl-enduro-on-off-rear-ms\/","title":{"rendered":"140\/80B18 Mitas ENDURO TRAIL (E-07) 70H TL ENDURO ON\/OFF Rear M+S"},"content":{"rendered":"<p>Tutvustame Mitas ENDURO TRAIL (E-07) 140\/80B18 \u2013 rehvi, mis on loodud pakkuma maksimaalset j\u00f5udlust ja ohutust nii maanteel kui ka karmis off-road tingimustes. See taharehvi disain on hoolikalt arendatud, et tagada stabiilsus ja m\u00e4rkimisv\u00e4\u00e4rne haardumine erinevatel teedel, olgu need niisad, mudased v\u00f5i lumised.<\/p>\n<p>Rehvi m\u00f5\u00f5tmed 140\/80B18 annavad t\u00e4pse proportsiooni, mis tagab optimaalse kontaktala ja sideme teega. 70H kiirusindeks ning TL (tubeless) tehnoloogia lisavad rehvile kaasaegset j\u00f5udlust ja mugavust, v\u00f5imaldades kiiret ja ohutut s\u00f5itu ka intensiivses kasutuses. M+S m\u00e4rgistus kinnitab, et see on ideaalne valik s\u00f5itjatele, kes v\u00e4\u00e4rtustavad turvalist ja enesekindlat s\u00f5idukogemust igas olukorras.<\/p>\n<p>Mitas ENDURO TRAIL pakub universaalset sobivust, olles m\u00f5eldud spetsiaalselt tagarehviks, mis n\u00f5uab t\u00e4pset ja surevat reageerimist nii igap\u00e4evases s\u00f5idus kui ka seikluslikel maastikutedel. Investeeri kvaliteeti ja usaldusv\u00e4\u00e4rsusse \u2013 vali Mitas ENDURO TRAIL ja koge \u00fcletamatut s\u00f5idu nautimist igal teel.<\/p>","protected":false},"excerpt":{"rendered":"<p>Tutvustame Mitas ENDURO TRAIL (E-07) 140\/80B18 \u2013 rehvi, mis on loodud pakkuma maksimaalset j\u00f5udlust ja ohutust nii maanteel kui ka karmis off-road tingimustes. See taharehvi disain on hoolikalt arendatud, et tagada stabiilsus ja m\u00e4rkimisv\u00e4\u00e4rne haardumine erinevatel teedel, olgu need niisad, mudased v\u00f5i lumised. Rehvi m\u00f5\u00f5tmed 140\/80B18 annavad t\u00e4pse proportsiooni, mis tagab optimaalse kontaktala ja sideme [&hellip;]<\/p>\n","protected":false},"featured_media":123852,"template":"","meta":{"site-sidebar-layout":"default","site-content-layout":"","ast-site-content-layout":"","site-content-style":"default","site-sidebar-style":"default","ast-global-header-display":"","ast-banner-title-visibility":"","ast-main-header-display":"","ast-hfb-above-header-display":"","ast-hfb-below-header-display":"","ast-hfb-mobile-header-display":"","site-post-title":"","ast-breadcrumbs-content":"","ast-featured-img":"","footer-sml-layout":"","theme-transparent-header-meta":"","adv-header-id-meta":"","stick-header-meta":"","header-above-stick-meta":"","header-main-stick-meta":"","header-below-stick-meta":"","astra-migrate-meta-layouts":"default","ast-page-background-enabled":"default","ast-page-background-meta":{"desktop":{"background-color":"","background-image":"","background-repeat":"repeat","background-position":"center center","background-size":"auto","background-attachment":"scroll","background-type":"","background-media":"","overlay-type":"","overlay-color":"","overlay-opacity":"","overlay-gradient":""},"tablet":{"background-color":"","background-image":"","background-repeat":"repeat","background-position":"center center","background-size":"auto","background-attachment":"scroll","background-type":"","background-media":"","overlay-type":"","overlay-color":"","overlay-opacity":"","overlay-gradient":""},"mobile":{"background-color":"","background-image":"","background-repeat":"repeat","background-position":"center center","background-size":"auto","background-attachment":"scroll","background-type":"","background-media":"","overlay-type":"","overlay-color":"","overlay-opacity":"","overlay-gradient":""}},"ast-content-background-meta":{"desktop":{"background-color":"var(--ast-global-color-5)","background-image":"","background-repeat":"repeat","background-position":"center center","background-size":"auto","background-attachment":"scroll","background-type":"","background-media":"","overlay-type":"","overlay-color":"","overlay-opacity":"","overlay-gradient":""},"tablet":{"background-color":"var(--ast-global-color-5)","background-image":"","background-repeat":"repeat","background-position":"center center","background-size":"auto","background-attachment":"scroll","background-type":"","background-media":"","overlay-type":"","overlay-color":"","overlay-opacity":"","overlay-gradient":""},"mobile":{"background-color":"var(--ast-global-color-5)","background-image":"","background-repeat":"repeat","background-position":"center center","background-size":"auto","background-attachment":"scroll","background-type":"","background-media":"","overlay-type":"","overlay-color":"","overlay-opacity":"","overlay-gradient":""}}},"product_brand":[],"product_cat":[34223],"product_tag":[],"pa_brand_name":[17290],"class_list":{"0":"post-120634","1":"product","2":"type-product","3":"status-publish","4":"has-post-thumbnail","6":"product_cat-mc-tires","7":"pa_brand_name-mitas","8":"desktop-align-left","9":"tablet-align-left","10":"mobile-align-left","12":"first","13":"outofstock","14":"taxable","15":"shipping-taxable","16":"purchasable","17":"product-type-simple"},"_links":{"self":[{"href":"https:\/\/shop.rettum.ee\/en\/wp-json\/wp\/v2\/product\/120634","targetHints":{"allow":["GET"]}}],"collection":[{"href":"https:\/\/shop.rettum.ee\/en\/wp-json\/wp\/v2\/product"}],"about":[{"href":"https:\/\/shop.rettum.ee\/en\/wp-json\/wp\/v2\/types\/product"}],"version-history":[{"count":2,"href":"https:\/\/shop.rettum.ee\/en\/wp-json\/wp\/v2\/product\/120634\/revisions"}],"predecessor-version":[{"id":125851,"href":"https:\/\/shop.rettum.ee\/en\/wp-json\/wp\/v2\/product\/120634\/revisions\/125851"}],"wp:featuredmedia":[{"embeddable":true,"href":"https:\/\/shop.rettum.ee\/en\/wp-json\/wp\/v2\/media\/123852"}],"wp:attachment":[{"href":"https:\/\/shop.rettum.ee\/en\/wp-json\/wp\/v2\/media?parent=120634"}],"wp:term":[{"taxonomy":"product_brand","embeddable":true,"href":"https:\/\/shop.rettum.ee\/en\/wp-json\/wp\/v2\/product_brand?post=120634"},{"taxonomy":"product_cat","embeddable":true,"href":"https:\/\/shop.rettum.ee\/en\/wp-json\/wp\/v2\/product_cat?post=120634"},{"taxonomy":"product_tag","embeddable":true,"href":"https:\/\/shop.rettum.ee\/en\/wp-json\/wp\/v2\/product_tag?post=120634"},{"taxonomy":"pa_brand_name","embeddable":true,"href":"https:\/\/shop.rettum.ee\/en\/wp-json\/wp\/v2\/pa_brand_name?post=120634"}],"curies":[{"name":"wp","href":"https:\/\/api.w.org\/{rel}","templated":true}]}}