{"id":120635,"date":"2025-03-31T03:04:34","date_gmt":"2025-03-31T00:04:34","guid":{"rendered":"https:\/\/shop.rettum.ee\/toode\/70-100-19-mitas-terra-force-mx-sm-ry-42m-tt-cross-mid-soft-front-soft-medium-terrain-nhs\/"},"modified":"2026-03-27T02:47:11","modified_gmt":"2026-03-27T00:47:11","slug":"70-100-19-mitas-terra-force-mx-sm-ry-42m-tt-cross-mid-soft-front-soft-medium-terrain-nhs","status":"publish","type":"product","link":"https:\/\/shop.rettum.ee\/en\/product\/70-100-19-mitas-terra-force-mx-sm-ry-42m-tt-cross-mid-soft-front-soft-medium-terrain-nhs\/","title":{"rendered":"70\/100-19 Mitas TERRA FORCE-MX SM RY 42M TT CROSS MID SOFT Front SOFT MEDIUM TERRAIN NHS"},"content":{"rendered":"<p>Tutvu uue Mitas TERRA FORCE-MX SM RY 42M TT CROSS MID SOFT rehviga, mis on loodud pakkuma \u00fclimat s\u00f5idumugavust ja stabiilsust erinevatel maastikel. Selle m\u00f5\u00f5dukas 70\/100-19 suurus tagab optimaalse kontaktpinna, v\u00f5imaldades s\u00f5ita enesekindlalt nii kuivadel kui ka m\u00e4rgadel teedel. Esik\u00fcljel paistetav pehme disain ja keskmise haardega mustrid tagavad suurep\u00e4rase veoj\u00f5u ning kiire vee \u00e4ravoolu, v\u00e4hendades aquaplaning&#8217;i v\u00f5imalust ja parandades s\u00f5iduohutust.<\/p>\n<p>Kasutades uusimaid tehnoloogilisi lahendusi ja kvaliteetseid materjale, on see Mitas rehv ideaalne sportliku ja maastikulise s\u00f5idu entusiastidele, kes hindavad nii j\u00f5udlust kui ka k\u00fctuses\u00e4\u00e4stlikkust. TERA FORCE-MX on loodud l\u00e4bima karmid ilmastikutingimused ja pakkuma usaldusv\u00e4\u00e4rset j\u00f5udlust igas olukorras. Valides selle rehvi, investeerid tipptasemel s\u00f5iduturvalisusse ja maksimaalsesse mugavusse nii igap\u00e4evases kui ka keerukamas s\u00f5idustiilis.<\/p>","protected":false},"excerpt":{"rendered":"<p>Tutvu uue Mitas TERRA FORCE-MX SM RY 42M TT CROSS MID SOFT rehviga, mis on loodud pakkuma \u00fclimat s\u00f5idumugavust ja stabiilsust erinevatel maastikel. Selle m\u00f5\u00f5dukas 70\/100-19 suurus tagab optimaalse kontaktpinna, v\u00f5imaldades s\u00f5ita enesekindlalt nii kuivadel kui ka m\u00e4rgadel teedel. Esik\u00fcljel paistetav pehme disain ja keskmise haardega mustrid tagavad suurep\u00e4rase veoj\u00f5u ning kiire vee \u00e4ravoolu, v\u00e4hendades [&hellip;]<\/p>\n","protected":false},"featured_media":123854,"template":"","meta":{"site-sidebar-layout":"default","site-content-layout":"","ast-site-content-layout":"","site-content-style":"default","site-sidebar-style":"default","ast-global-header-display":"","ast-banner-title-visibility":"","ast-main-header-display":"","ast-hfb-above-header-display":"","ast-hfb-below-header-display":"","ast-hfb-mobile-header-display":"","site-post-title":"","ast-breadcrumbs-content":"","ast-featured-img":"","footer-sml-layout":"","theme-transparent-header-meta":"","adv-header-id-meta":"","stick-header-meta":"","header-above-stick-meta":"","header-main-stick-meta":"","header-below-stick-meta":"","astra-migrate-meta-layouts":"default","ast-page-background-enabled":"default","ast-page-background-meta":{"desktop":{"background-color":"","background-image":"","background-repeat":"repeat","background-position":"center center","background-size":"auto","background-attachment":"scroll","background-type":"","background-media":"","overlay-type":"","overlay-color":"","overlay-opacity":"","overlay-gradient":""},"tablet":{"background-color":"","background-image":"","background-repeat":"repeat","background-position":"center center","background-size":"auto","background-attachment":"scroll","background-type":"","background-media":"","overlay-type":"","overlay-color":"","overlay-opacity":"","overlay-gradient":""},"mobile":{"background-color":"","background-image":"","background-repeat":"repeat","background-position":"center center","background-size":"auto","background-attachment":"scroll","background-type":"","background-media":"","overlay-type":"","overlay-color":"","overlay-opacity":"","overlay-gradient":""}},"ast-content-background-meta":{"desktop":{"background-color":"var(--ast-global-color-5)","background-image":"","background-repeat":"repeat","background-position":"center center","background-size":"auto","background-attachment":"scroll","background-type":"","background-media":"","overlay-type":"","overlay-color":"","overlay-opacity":"","overlay-gradient":""},"tablet":{"background-color":"var(--ast-global-color-5)","background-image":"","background-repeat":"repeat","background-position":"center center","background-size":"auto","background-attachment":"scroll","background-type":"","background-media":"","overlay-type":"","overlay-color":"","overlay-opacity":"","overlay-gradient":""},"mobile":{"background-color":"var(--ast-global-color-5)","background-image":"","background-repeat":"repeat","background-position":"center center","background-size":"auto","background-attachment":"scroll","background-type":"","background-media":"","overlay-type":"","overlay-color":"","overlay-opacity":"","overlay-gradient":""}}},"product_brand":[],"product_cat":[34223],"product_tag":[],"pa_brand_name":[17290],"class_list":{"0":"post-120635","1":"product","2":"type-product","3":"status-publish","4":"has-post-thumbnail","6":"product_cat-mc-tires","7":"pa_brand_name-mitas","8":"desktop-align-left","9":"tablet-align-left","10":"mobile-align-left","12":"first","13":"instock","14":"taxable","15":"shipping-taxable","16":"purchasable","17":"product-type-simple"},"_links":{"self":[{"href":"https:\/\/shop.rettum.ee\/en\/wp-json\/wp\/v2\/product\/120635","targetHints":{"allow":["GET"]}}],"collection":[{"href":"https:\/\/shop.rettum.ee\/en\/wp-json\/wp\/v2\/product"}],"about":[{"href":"https:\/\/shop.rettum.ee\/en\/wp-json\/wp\/v2\/types\/product"}],"version-history":[{"count":1,"href":"https:\/\/shop.rettum.ee\/en\/wp-json\/wp\/v2\/product\/120635\/revisions"}],"predecessor-version":[{"id":125882,"href":"https:\/\/shop.rettum.ee\/en\/wp-json\/wp\/v2\/product\/120635\/revisions\/125882"}],"wp:featuredmedia":[{"embeddable":true,"href":"https:\/\/shop.rettum.ee\/en\/wp-json\/wp\/v2\/media\/123854"}],"wp:attachment":[{"href":"https:\/\/shop.rettum.ee\/en\/wp-json\/wp\/v2\/media?parent=120635"}],"wp:term":[{"taxonomy":"product_brand","embeddable":true,"href":"https:\/\/shop.rettum.ee\/en\/wp-json\/wp\/v2\/product_brand?post=120635"},{"taxonomy":"product_cat","embeddable":true,"href":"https:\/\/shop.rettum.ee\/en\/wp-json\/wp\/v2\/product_cat?post=120635"},{"taxonomy":"product_tag","embeddable":true,"href":"https:\/\/shop.rettum.ee\/en\/wp-json\/wp\/v2\/product_tag?post=120635"},{"taxonomy":"pa_brand_name","embeddable":true,"href":"https:\/\/shop.rettum.ee\/en\/wp-json\/wp\/v2\/pa_brand_name?post=120635"}],"curies":[{"name":"wp","href":"https:\/\/api.w.org\/{rel}","templated":true}]}}