{"id":120637,"date":"2025-03-31T03:04:36","date_gmt":"2025-03-31T00:04:36","guid":{"rendered":"https:\/\/shop.rettum.ee\/toode\/90-90-21-mitas-enduro-trail-rally-mh-y-54r-tt-enduro-off-road-front-super-ms\/"},"modified":"2026-03-22T03:05:23","modified_gmt":"2026-03-22T01:05:23","slug":"90-90-21-mitas-enduro-trail-rally-mh-y-54r-tt-enduro-off-road-front-super-ms","status":"publish","type":"product","link":"https:\/\/shop.rettum.ee\/en\/product\/90-90-21-mitas-enduro-trail-rally-mh-y-54r-tt-enduro-off-road-front-super-ms\/","title":{"rendered":"90\/90-21 Mitas ENDURO TRAIL-RALLY MH Y 54R TT ENDURO OFF ROAD Front SUPER M+S"},"content":{"rendered":"<p>Tutvustame uut 90\/90-21 Mitas ENDURO TRAIL-RALLY MH Y 54R TT ENDURO OFF ROAD Front rehvi \u2013 usaldusv\u00e4\u00e4rset partnerit rasketele maastikuoludele. See esirehvi on loodud spetsiaalselt enduro- ja rally-s\u00f5iduks, pakkudes erakordset haarduvust ja stabiilsust ka k\u00f5ige n\u00f5udlikumates off-road tingimustes. Rehvi innovatiivne mustri disain ja kvaliteetne koostis tagavad suurep\u00e4rase juhitavuse ning optimaalse j\u00f5udluse mudas, lumes ja kivises maastikus.<\/p>\n<p>M+S tehnoloogia (Mud &amp; Snow) lisab rehvile mitmek\u00fclgsust, v\u00f5imaldades sellel edukalt toime tulla erinevate ilmastikuolude ja maastikut\u00fc\u00fcpidega. Mitas ENDURO TRAIL-RALLY mudel on testitud ja kinnitanud oma t\u00f6\u00f6kindlust ning vastupidavust, mist\u00f5ttu on see ideaalne valik neile, kes otsivad usaldusv\u00e4\u00e4rset ja k\u00f5rgetasemelist esirehvi seiklushimulikele s\u00f5itjatele.<\/p>\n<p>V\u00e4\u00e4rtusta oma s\u00f5iduelamust ja too oma s\u00f5idukile lisaks turvalisust ning sportlikku j\u00f5udlust selle kvaliteetse rehvi abil. Uuri ja veendu ise \u2013 Mitas ENDURO on \u00f5ige valik t\u00f5eliselt kurnavaks off-road kogemuseks!<\/p>","protected":false},"excerpt":{"rendered":"<p>Tutvustame uut 90\/90-21 Mitas ENDURO TRAIL-RALLY MH Y 54R TT ENDURO OFF ROAD Front rehvi \u2013 usaldusv\u00e4\u00e4rset partnerit rasketele maastikuoludele. See esirehvi on loodud spetsiaalselt enduro- ja rally-s\u00f5iduks, pakkudes erakordset haarduvust ja stabiilsust ka k\u00f5ige n\u00f5udlikumates off-road tingimustes. Rehvi innovatiivne mustri disain ja kvaliteetne koostis tagavad suurep\u00e4rase juhitavuse ning optimaalse j\u00f5udluse mudas, lumes ja kivises [&hellip;]<\/p>\n","protected":false},"featured_media":124889,"template":"","meta":{"site-sidebar-layout":"default","site-content-layout":"","ast-site-content-layout":"","site-content-style":"default","site-sidebar-style":"default","ast-global-header-display":"","ast-banner-title-visibility":"","ast-main-header-display":"","ast-hfb-above-header-display":"","ast-hfb-below-header-display":"","ast-hfb-mobile-header-display":"","site-post-title":"","ast-breadcrumbs-content":"","ast-featured-img":"","footer-sml-layout":"","theme-transparent-header-meta":"","adv-header-id-meta":"","stick-header-meta":"","header-above-stick-meta":"","header-main-stick-meta":"","header-below-stick-meta":"","astra-migrate-meta-layouts":"default","ast-page-background-enabled":"default","ast-page-background-meta":{"desktop":{"background-color":"","background-image":"","background-repeat":"repeat","background-position":"center center","background-size":"auto","background-attachment":"scroll","background-type":"","background-media":"","overlay-type":"","overlay-color":"","overlay-opacity":"","overlay-gradient":""},"tablet":{"background-color":"","background-image":"","background-repeat":"repeat","background-position":"center center","background-size":"auto","background-attachment":"scroll","background-type":"","background-media":"","overlay-type":"","overlay-color":"","overlay-opacity":"","overlay-gradient":""},"mobile":{"background-color":"","background-image":"","background-repeat":"repeat","background-position":"center center","background-size":"auto","background-attachment":"scroll","background-type":"","background-media":"","overlay-type":"","overlay-color":"","overlay-opacity":"","overlay-gradient":""}},"ast-content-background-meta":{"desktop":{"background-color":"var(--ast-global-color-5)","background-image":"","background-repeat":"repeat","background-position":"center center","background-size":"auto","background-attachment":"scroll","background-type":"","background-media":"","overlay-type":"","overlay-color":"","overlay-opacity":"","overlay-gradient":""},"tablet":{"background-color":"var(--ast-global-color-5)","background-image":"","background-repeat":"repeat","background-position":"center center","background-size":"auto","background-attachment":"scroll","background-type":"","background-media":"","overlay-type":"","overlay-color":"","overlay-opacity":"","overlay-gradient":""},"mobile":{"background-color":"var(--ast-global-color-5)","background-image":"","background-repeat":"repeat","background-position":"center center","background-size":"auto","background-attachment":"scroll","background-type":"","background-media":"","overlay-type":"","overlay-color":"","overlay-opacity":"","overlay-gradient":""}}},"product_brand":[],"product_cat":[34223],"product_tag":[],"pa_brand_name":[17290],"class_list":{"0":"post-120637","1":"product","2":"type-product","3":"status-publish","4":"has-post-thumbnail","6":"product_cat-mc-tires","7":"pa_brand_name-mitas","8":"desktop-align-left","9":"tablet-align-left","10":"mobile-align-left","12":"first","13":"outofstock","14":"taxable","15":"shipping-taxable","16":"purchasable","17":"product-type-simple"},"_links":{"self":[{"href":"https:\/\/shop.rettum.ee\/en\/wp-json\/wp\/v2\/product\/120637","targetHints":{"allow":["GET"]}}],"collection":[{"href":"https:\/\/shop.rettum.ee\/en\/wp-json\/wp\/v2\/product"}],"about":[{"href":"https:\/\/shop.rettum.ee\/en\/wp-json\/wp\/v2\/types\/product"}],"version-history":[{"count":2,"href":"https:\/\/shop.rettum.ee\/en\/wp-json\/wp\/v2\/product\/120637\/revisions"}],"predecessor-version":[{"id":125847,"href":"https:\/\/shop.rettum.ee\/en\/wp-json\/wp\/v2\/product\/120637\/revisions\/125847"}],"wp:featuredmedia":[{"embeddable":true,"href":"https:\/\/shop.rettum.ee\/en\/wp-json\/wp\/v2\/media\/124889"}],"wp:attachment":[{"href":"https:\/\/shop.rettum.ee\/en\/wp-json\/wp\/v2\/media?parent=120637"}],"wp:term":[{"taxonomy":"product_brand","embeddable":true,"href":"https:\/\/shop.rettum.ee\/en\/wp-json\/wp\/v2\/product_brand?post=120637"},{"taxonomy":"product_cat","embeddable":true,"href":"https:\/\/shop.rettum.ee\/en\/wp-json\/wp\/v2\/product_cat?post=120637"},{"taxonomy":"product_tag","embeddable":true,"href":"https:\/\/shop.rettum.ee\/en\/wp-json\/wp\/v2\/product_tag?post=120637"},{"taxonomy":"pa_brand_name","embeddable":true,"href":"https:\/\/shop.rettum.ee\/en\/wp-json\/wp\/v2\/pa_brand_name?post=120637"}],"curies":[{"name":"wp","href":"https:\/\/api.w.org\/{rel}","templated":true}]}}