{"id":120638,"date":"2025-03-31T03:04:36","date_gmt":"2025-03-31T00:04:36","guid":{"rendered":"https:\/\/shop.rettum.ee\/toode\/265-50r19-goodyear-ultra-grip-arctic-2-suv-110t-xl-fp-dot22-studded-3pmsf-ms\/"},"modified":"2026-03-22T03:05:24","modified_gmt":"2026-03-22T01:05:24","slug":"265-50r19-goodyear-ultra-grip-arctic-2-suv-110t-xl-fp-dot22-studded-3pmsf-ms","status":"publish","type":"product","link":"https:\/\/shop.rettum.ee\/en\/product\/265-50r19-goodyear-ultra-grip-arctic-2-suv-110t-xl-fp-dot22-studded-3pmsf-ms\/","title":{"rendered":"265\/50R19 GOODYEAR ULTRA GRIP ARCTIC 2 SUV 110T XL FP DOT22 Studded 3PMSF M+S"},"content":{"rendered":"<p>GOODYEAR ULTRA GRIP ARCTIC 2 SUV on tipptasemel rehvivalu, mis on loodud n\u00f5udlikeks talvisteks tingimusteks. Selle m\u00f5\u00f5tmed \u2013 265 mm laiune, 50 protsendi k\u00fclje k\u00f5rgusega ja 19-tollise diameetriga \u2013 tagavad ideaalse sobivuse SUV-s\u00f5idukitele, pakkudes suurep\u00e4rast stabiilsust ja mugavust. XL versioon ja k\u00f5rge 110 koormusindeks v\u00f5imaldavad rehviga ohutult s\u00f5ita ka raskema s\u00f5iduki korral, s\u00e4ilitades t\u00f6\u00f6kindluse ka \u00e4\u00e4rmuslikes olukordades.<\/p>\n<p>Rehvi patenditud DOT22 m\u00e4rgisega ja radiaalkonstruktsioon lisavad usaldusv\u00e4\u00e4rsust ning pikaealisust. Erilist t\u00e4helepanu on p\u00f6\u00f6ratud talvistele haardumistingimustele: studedega disain koos 3PMSF (Three Peak Mountain Snowflake) ja M+S klassifikatsiooniga tagab suurep\u00e4rase pidamise lumel, j\u00e4\u00e4l ja ka mudas, mis teeb sellest ideaalse valiku keerulisteks talvisteks teekondadeks. <\/p>\n<p>GOODYEAR ULTRA GRIP ARCTIC 2 SUV pakub s\u00f5iduohutust ja usaldusv\u00e4\u00e4rsust, olles kindel partner nii linnaliikluses kui maastikuoludes. See rehv on parim kombinatsioon kvaliteedist, vastupidavusest ja innovatsioonist, vastates k\u00f5ige rangematele talvis\u00f5idu n\u00f5uetele.<\/p>","protected":false},"excerpt":{"rendered":"<p>GOODYEAR ULTRA GRIP ARCTIC 2 SUV on tipptasemel rehvivalu, mis on loodud n\u00f5udlikeks talvisteks tingimusteks. Selle m\u00f5\u00f5tmed \u2013 265 mm laiune, 50 protsendi k\u00fclje k\u00f5rgusega ja 19-tollise diameetriga \u2013 tagavad ideaalse sobivuse SUV-s\u00f5idukitele, pakkudes suurep\u00e4rast stabiilsust ja mugavust. XL versioon ja k\u00f5rge 110 koormusindeks v\u00f5imaldavad rehviga ohutult s\u00f5ita ka raskema s\u00f5iduki korral, s\u00e4ilitades t\u00f6\u00f6kindluse ka [&hellip;]<\/p>\n","protected":false},"featured_media":122088,"template":"","meta":{"site-sidebar-layout":"default","site-content-layout":"","ast-site-content-layout":"","site-content-style":"default","site-sidebar-style":"default","ast-global-header-display":"","ast-banner-title-visibility":"","ast-main-header-display":"","ast-hfb-above-header-display":"","ast-hfb-below-header-display":"","ast-hfb-mobile-header-display":"","site-post-title":"","ast-breadcrumbs-content":"","ast-featured-img":"","footer-sml-layout":"","theme-transparent-header-meta":"","adv-header-id-meta":"","stick-header-meta":"","header-above-stick-meta":"","header-main-stick-meta":"","header-below-stick-meta":"","astra-migrate-meta-layouts":"default","ast-page-background-enabled":"default","ast-page-background-meta":{"desktop":{"background-color":"","background-image":"","background-repeat":"repeat","background-position":"center center","background-size":"auto","background-attachment":"scroll","background-type":"","background-media":"","overlay-type":"","overlay-color":"","overlay-opacity":"","overlay-gradient":""},"tablet":{"background-color":"","background-image":"","background-repeat":"repeat","background-position":"center center","background-size":"auto","background-attachment":"scroll","background-type":"","background-media":"","overlay-type":"","overlay-color":"","overlay-opacity":"","overlay-gradient":""},"mobile":{"background-color":"","background-image":"","background-repeat":"repeat","background-position":"center center","background-size":"auto","background-attachment":"scroll","background-type":"","background-media":"","overlay-type":"","overlay-color":"","overlay-opacity":"","overlay-gradient":""}},"ast-content-background-meta":{"desktop":{"background-color":"var(--ast-global-color-5)","background-image":"","background-repeat":"repeat","background-position":"center center","background-size":"auto","background-attachment":"scroll","background-type":"","background-media":"","overlay-type":"","overlay-color":"","overlay-opacity":"","overlay-gradient":""},"tablet":{"background-color":"var(--ast-global-color-5)","background-image":"","background-repeat":"repeat","background-position":"center center","background-size":"auto","background-attachment":"scroll","background-type":"","background-media":"","overlay-type":"","overlay-color":"","overlay-opacity":"","overlay-gradient":""},"mobile":{"background-color":"var(--ast-global-color-5)","background-image":"","background-repeat":"repeat","background-position":"center center","background-size":"auto","background-attachment":"scroll","background-type":"","background-media":"","overlay-type":"","overlay-color":"","overlay-opacity":"","overlay-gradient":""}}},"product_brand":[],"product_cat":[34229],"product_tag":[],"pa_brand_name":[17979],"class_list":{"0":"post-120638","1":"product","2":"type-product","3":"status-publish","4":"has-post-thumbnail","6":"product_cat-winter-tires-with-studs","7":"pa_brand_name-goodyear","8":"desktop-align-left","9":"tablet-align-left","10":"mobile-align-left","12":"first","13":"outofstock","14":"taxable","15":"shipping-taxable","16":"purchasable","17":"product-type-simple"},"_links":{"self":[{"href":"https:\/\/shop.rettum.ee\/en\/wp-json\/wp\/v2\/product\/120638","targetHints":{"allow":["GET"]}}],"collection":[{"href":"https:\/\/shop.rettum.ee\/en\/wp-json\/wp\/v2\/product"}],"about":[{"href":"https:\/\/shop.rettum.ee\/en\/wp-json\/wp\/v2\/types\/product"}],"version-history":[{"count":2,"href":"https:\/\/shop.rettum.ee\/en\/wp-json\/wp\/v2\/product\/120638\/revisions"}],"predecessor-version":[{"id":125849,"href":"https:\/\/shop.rettum.ee\/en\/wp-json\/wp\/v2\/product\/120638\/revisions\/125849"}],"wp:featuredmedia":[{"embeddable":true,"href":"https:\/\/shop.rettum.ee\/en\/wp-json\/wp\/v2\/media\/122088"}],"wp:attachment":[{"href":"https:\/\/shop.rettum.ee\/en\/wp-json\/wp\/v2\/media?parent=120638"}],"wp:term":[{"taxonomy":"product_brand","embeddable":true,"href":"https:\/\/shop.rettum.ee\/en\/wp-json\/wp\/v2\/product_brand?post=120638"},{"taxonomy":"product_cat","embeddable":true,"href":"https:\/\/shop.rettum.ee\/en\/wp-json\/wp\/v2\/product_cat?post=120638"},{"taxonomy":"product_tag","embeddable":true,"href":"https:\/\/shop.rettum.ee\/en\/wp-json\/wp\/v2\/product_tag?post=120638"},{"taxonomy":"pa_brand_name","embeddable":true,"href":"https:\/\/shop.rettum.ee\/en\/wp-json\/wp\/v2\/pa_brand_name?post=120638"}],"curies":[{"name":"wp","href":"https:\/\/api.w.org\/{rel}","templated":true}]}}