{"id":120651,"date":"2025-03-31T03:04:45","date_gmt":"2025-03-31T00:04:45","guid":{"rendered":"https:\/\/shop.rettum.ee\/toode\/185-60r14-dynamo-snow-h-mwh01-82t-studless-edb70-3pmsf-ms\/"},"modified":"2026-03-28T02:50:47","modified_gmt":"2026-03-28T00:50:47","slug":"185-60r14-dynamo-snow-h-mwh01-82t-studless-edb70-3pmsf-ms","status":"publish","type":"product","link":"https:\/\/shop.rettum.ee\/en\/product\/185-60r14-dynamo-snow-h-mwh01-82t-studless-edb70-3pmsf-ms\/","title":{"rendered":"185\/60R14 DYNAMO SNOW-H MWH01 82T Studless EDB70 3PMSF M+S"},"content":{"rendered":"<p>DYNAMO SNOW-H MWH01 talverehv m\u00f5\u00f5tudega 185\/60R14 on ideaalne valik n\u00f5udlikele s\u00f5itjatele, kes hindavad turvalisust ja kindlat haarduvust karmides talveoludes. Rehvil on load index 82T, mis tagab piisava kandev\u00f5ime ning vastupidavuse igap\u00e4evaseks kasutamiseks. T\u00e4nu uuenduslikule Studless EDB70 tehnoloogiale pakub see rehv suurep\u00e4rast veoj\u00f5udu ning stabiilsust nii lumel kui ka j\u00e4isel pinnal, ilma traditsiooniliste naeladeta. <\/p>\n<p>Rehvi 3PMSF (Three Peak Mountain Snow Flake) klassifikatsioon kinnitab, et see on vastuv\u00f5etud raskete lumetingimuste jaoks, v\u00f5imaldades turvalist s\u00f5itu igasuguses talveilmaga. M+S (mud and snow) m\u00e4rgis lisab veelgi kindlustunnet, r\u00f5hutades rehvi mitmek\u00fclgset j\u00f5udlust niisketel ja lumistel teedel. <\/p>\n<p>DYNAMO SNOW-H MWH01 on usaldusv\u00e4\u00e4rne ja kvaliteetne talverehv, mis sobib ideaalselt nii linnat\u00e4navatele kui ka maastikule, pakkudes s\u00f5idumugavust ja ohutust igal teekonnal.<\/p>","protected":false},"excerpt":{"rendered":"<p>DYNAMO SNOW-H MWH01 talverehv m\u00f5\u00f5tudega 185\/60R14 on ideaalne valik n\u00f5udlikele s\u00f5itjatele, kes hindavad turvalisust ja kindlat haarduvust karmides talveoludes. Rehvil on load index 82T, mis tagab piisava kandev\u00f5ime ning vastupidavuse igap\u00e4evaseks kasutamiseks. T\u00e4nu uuenduslikule Studless EDB70 tehnoloogiale pakub see rehv suurep\u00e4rast veoj\u00f5udu ning stabiilsust nii lumel kui ka j\u00e4isel pinnal, ilma traditsiooniliste naeladeta. Rehvi 3PMSF [&hellip;]<\/p>\n","protected":false},"featured_media":123804,"template":"","meta":{"site-sidebar-layout":"default","site-content-layout":"","ast-site-content-layout":"","site-content-style":"default","site-sidebar-style":"default","ast-global-header-display":"","ast-banner-title-visibility":"","ast-main-header-display":"","ast-hfb-above-header-display":"","ast-hfb-below-header-display":"","ast-hfb-mobile-header-display":"","site-post-title":"","ast-breadcrumbs-content":"","ast-featured-img":"","footer-sml-layout":"","theme-transparent-header-meta":"","adv-header-id-meta":"","stick-header-meta":"","header-above-stick-meta":"","header-main-stick-meta":"","header-below-stick-meta":"","astra-migrate-meta-layouts":"default","ast-page-background-enabled":"default","ast-page-background-meta":{"desktop":{"background-color":"","background-image":"","background-repeat":"repeat","background-position":"center center","background-size":"auto","background-attachment":"scroll","background-type":"","background-media":"","overlay-type":"","overlay-color":"","overlay-opacity":"","overlay-gradient":""},"tablet":{"background-color":"","background-image":"","background-repeat":"repeat","background-position":"center center","background-size":"auto","background-attachment":"scroll","background-type":"","background-media":"","overlay-type":"","overlay-color":"","overlay-opacity":"","overlay-gradient":""},"mobile":{"background-color":"","background-image":"","background-repeat":"repeat","background-position":"center center","background-size":"auto","background-attachment":"scroll","background-type":"","background-media":"","overlay-type":"","overlay-color":"","overlay-opacity":"","overlay-gradient":""}},"ast-content-background-meta":{"desktop":{"background-color":"var(--ast-global-color-5)","background-image":"","background-repeat":"repeat","background-position":"center center","background-size":"auto","background-attachment":"scroll","background-type":"","background-media":"","overlay-type":"","overlay-color":"","overlay-opacity":"","overlay-gradient":""},"tablet":{"background-color":"var(--ast-global-color-5)","background-image":"","background-repeat":"repeat","background-position":"center center","background-size":"auto","background-attachment":"scroll","background-type":"","background-media":"","overlay-type":"","overlay-color":"","overlay-opacity":"","overlay-gradient":""},"mobile":{"background-color":"var(--ast-global-color-5)","background-image":"","background-repeat":"repeat","background-position":"center center","background-size":"auto","background-attachment":"scroll","background-type":"","background-media":"","overlay-type":"","overlay-color":"","overlay-opacity":"","overlay-gradient":""}}},"product_brand":[],"product_cat":[34228],"product_tag":[],"pa_brand_name":[17833],"class_list":{"0":"post-120651","1":"product","2":"type-product","3":"status-publish","4":"has-post-thumbnail","6":"product_cat-winter-tires-friction","7":"pa_brand_name-dynamo","8":"desktop-align-left","9":"tablet-align-left","10":"mobile-align-left","12":"first","13":"instock","14":"taxable","15":"shipping-taxable","16":"purchasable","17":"product-type-simple"},"_links":{"self":[{"href":"https:\/\/shop.rettum.ee\/en\/wp-json\/wp\/v2\/product\/120651","targetHints":{"allow":["GET"]}}],"collection":[{"href":"https:\/\/shop.rettum.ee\/en\/wp-json\/wp\/v2\/product"}],"about":[{"href":"https:\/\/shop.rettum.ee\/en\/wp-json\/wp\/v2\/types\/product"}],"version-history":[{"count":1,"href":"https:\/\/shop.rettum.ee\/en\/wp-json\/wp\/v2\/product\/120651\/revisions"}],"predecessor-version":[{"id":125823,"href":"https:\/\/shop.rettum.ee\/en\/wp-json\/wp\/v2\/product\/120651\/revisions\/125823"}],"wp:featuredmedia":[{"embeddable":true,"href":"https:\/\/shop.rettum.ee\/en\/wp-json\/wp\/v2\/media\/123804"}],"wp:attachment":[{"href":"https:\/\/shop.rettum.ee\/en\/wp-json\/wp\/v2\/media?parent=120651"}],"wp:term":[{"taxonomy":"product_brand","embeddable":true,"href":"https:\/\/shop.rettum.ee\/en\/wp-json\/wp\/v2\/product_brand?post=120651"},{"taxonomy":"product_cat","embeddable":true,"href":"https:\/\/shop.rettum.ee\/en\/wp-json\/wp\/v2\/product_cat?post=120651"},{"taxonomy":"product_tag","embeddable":true,"href":"https:\/\/shop.rettum.ee\/en\/wp-json\/wp\/v2\/product_tag?post=120651"},{"taxonomy":"pa_brand_name","embeddable":true,"href":"https:\/\/shop.rettum.ee\/en\/wp-json\/wp\/v2\/pa_brand_name?post=120651"}],"curies":[{"name":"wp","href":"https:\/\/api.w.org\/{rel}","templated":true}]}}