{"id":120655,"date":"2025-03-31T03:04:48","date_gmt":"2025-03-31T00:04:48","guid":{"rendered":"https:\/\/shop.rettum.ee\/toode\/225-50r17-dynamo-snow-h-msl01-98t-xl-friction-bcb72-3pmsf-ms\/"},"modified":"2026-03-28T02:50:49","modified_gmt":"2026-03-28T00:50:49","slug":"225-50r17-dynamo-snow-h-msl01-98t-xl-friction-bcb72-3pmsf-ms","status":"publish","type":"product","link":"https:\/\/shop.rettum.ee\/en\/product\/225-50r17-dynamo-snow-h-msl01-98t-xl-friction-bcb72-3pmsf-ms\/","title":{"rendered":"225\/50R17 DYNAMO SNOW-H MSL01 98T XL Friction BCB72 3PMSF M+S"},"content":{"rendered":"<p>DYNAMO SNOW-H MSL01 225\/50R17 rehvid on loodud pakkuma usaldusv\u00e4\u00e4rset ja turvalist s\u00f5idukogemust eriti rasketes talvetingimustes. T\u00e4nu uuenduslikule mustrile ja kvaliteetsetele koostisainetele tagavad need rehvid suurep\u00e4rase haarduvuse nii lumel, j\u00e4\u00e4l kui ka mudasel teel. Rehvi 3PMSF sertifikaat kinnitab, et see vastab rangetele lumetalvise s\u00f5idu standarditele, pakkudes suuremat kindlust ja stabiilsust igas olukorras.<\/p>\n<p>M+S m\u00e4rgistus lisab endale universaalsust, v\u00f5imaldades turvalist s\u00f5itu muudel aastaajakingides, kui teedel on niiskeid ja libedaid pindu. Rehvi klassifikaatorid 98T ja XL tagavad suurep\u00e4rase koormustaluvuse ning kiirusv\u00f5ime, muutes selle ideaalseks valikuks nii igap\u00e4evaseks s\u00f5iduks kui ka n\u00f5udlikumateks tingimusteks.<\/p>\n<p>Valides DYNAMO SNOW-H MSL01, on kindel, et olete lapsi oma s\u00f5iduohutusesse ja nautite maksimaalset stabiilsust ning juhitavust igal teekonnal. T\u00e4iustage oma s\u00f5idukogemust selle kvaliteetse rehviga, mis on loodud vastama k\u00f5igile talvise s\u00f5idu v\u00e4ljakutsetele.<\/p>","protected":false},"excerpt":{"rendered":"<p>DYNAMO SNOW-H MSL01 225\/50R17 rehvid on loodud pakkuma usaldusv\u00e4\u00e4rset ja turvalist s\u00f5idukogemust eriti rasketes talvetingimustes. T\u00e4nu uuenduslikule mustrile ja kvaliteetsetele koostisainetele tagavad need rehvid suurep\u00e4rase haarduvuse nii lumel, j\u00e4\u00e4l kui ka mudasel teel. Rehvi 3PMSF sertifikaat kinnitab, et see vastab rangetele lumetalvise s\u00f5idu standarditele, pakkudes suuremat kindlust ja stabiilsust igas olukorras. M+S m\u00e4rgistus lisab endale [&hellip;]<\/p>\n","protected":false},"featured_media":123787,"template":"","meta":{"site-sidebar-layout":"default","site-content-layout":"","ast-site-content-layout":"","site-content-style":"default","site-sidebar-style":"default","ast-global-header-display":"","ast-banner-title-visibility":"","ast-main-header-display":"","ast-hfb-above-header-display":"","ast-hfb-below-header-display":"","ast-hfb-mobile-header-display":"","site-post-title":"","ast-breadcrumbs-content":"","ast-featured-img":"","footer-sml-layout":"","theme-transparent-header-meta":"","adv-header-id-meta":"","stick-header-meta":"","header-above-stick-meta":"","header-main-stick-meta":"","header-below-stick-meta":"","astra-migrate-meta-layouts":"default","ast-page-background-enabled":"default","ast-page-background-meta":{"desktop":{"background-color":"","background-image":"","background-repeat":"repeat","background-position":"center center","background-size":"auto","background-attachment":"scroll","background-type":"","background-media":"","overlay-type":"","overlay-color":"","overlay-opacity":"","overlay-gradient":""},"tablet":{"background-color":"","background-image":"","background-repeat":"repeat","background-position":"center center","background-size":"auto","background-attachment":"scroll","background-type":"","background-media":"","overlay-type":"","overlay-color":"","overlay-opacity":"","overlay-gradient":""},"mobile":{"background-color":"","background-image":"","background-repeat":"repeat","background-position":"center center","background-size":"auto","background-attachment":"scroll","background-type":"","background-media":"","overlay-type":"","overlay-color":"","overlay-opacity":"","overlay-gradient":""}},"ast-content-background-meta":{"desktop":{"background-color":"var(--ast-global-color-5)","background-image":"","background-repeat":"repeat","background-position":"center center","background-size":"auto","background-attachment":"scroll","background-type":"","background-media":"","overlay-type":"","overlay-color":"","overlay-opacity":"","overlay-gradient":""},"tablet":{"background-color":"var(--ast-global-color-5)","background-image":"","background-repeat":"repeat","background-position":"center center","background-size":"auto","background-attachment":"scroll","background-type":"","background-media":"","overlay-type":"","overlay-color":"","overlay-opacity":"","overlay-gradient":""},"mobile":{"background-color":"var(--ast-global-color-5)","background-image":"","background-repeat":"repeat","background-position":"center center","background-size":"auto","background-attachment":"scroll","background-type":"","background-media":"","overlay-type":"","overlay-color":"","overlay-opacity":"","overlay-gradient":""}}},"product_brand":[],"product_cat":[34228],"product_tag":[],"pa_brand_name":[17833],"class_list":{"0":"post-120655","1":"product","2":"type-product","3":"status-publish","4":"has-post-thumbnail","6":"product_cat-winter-tires-friction","7":"pa_brand_name-dynamo","8":"desktop-align-left","9":"tablet-align-left","10":"mobile-align-left","12":"first","13":"instock","14":"taxable","15":"shipping-taxable","16":"purchasable","17":"product-type-simple"},"_links":{"self":[{"href":"https:\/\/shop.rettum.ee\/en\/wp-json\/wp\/v2\/product\/120655","targetHints":{"allow":["GET"]}}],"collection":[{"href":"https:\/\/shop.rettum.ee\/en\/wp-json\/wp\/v2\/product"}],"about":[{"href":"https:\/\/shop.rettum.ee\/en\/wp-json\/wp\/v2\/types\/product"}],"version-history":[{"count":1,"href":"https:\/\/shop.rettum.ee\/en\/wp-json\/wp\/v2\/product\/120655\/revisions"}],"predecessor-version":[{"id":125818,"href":"https:\/\/shop.rettum.ee\/en\/wp-json\/wp\/v2\/product\/120655\/revisions\/125818"}],"wp:featuredmedia":[{"embeddable":true,"href":"https:\/\/shop.rettum.ee\/en\/wp-json\/wp\/v2\/media\/123787"}],"wp:attachment":[{"href":"https:\/\/shop.rettum.ee\/en\/wp-json\/wp\/v2\/media?parent=120655"}],"wp:term":[{"taxonomy":"product_brand","embeddable":true,"href":"https:\/\/shop.rettum.ee\/en\/wp-json\/wp\/v2\/product_brand?post=120655"},{"taxonomy":"product_cat","embeddable":true,"href":"https:\/\/shop.rettum.ee\/en\/wp-json\/wp\/v2\/product_cat?post=120655"},{"taxonomy":"product_tag","embeddable":true,"href":"https:\/\/shop.rettum.ee\/en\/wp-json\/wp\/v2\/product_tag?post=120655"},{"taxonomy":"pa_brand_name","embeddable":true,"href":"https:\/\/shop.rettum.ee\/en\/wp-json\/wp\/v2\/pa_brand_name?post=120655"}],"curies":[{"name":"wp","href":"https:\/\/api.w.org\/{rel}","templated":true}]}}