{"id":120656,"date":"2025-03-31T03:04:48","date_gmt":"2025-03-31T00:04:48","guid":{"rendered":"https:\/\/shop.rettum.ee\/toode\/225-40r18-dynamo-snow-h-msl01-92t-xl-friction-acb72-3pmsf-ms\/"},"modified":"2025-08-05T02:45:40","modified_gmt":"2025-08-04T23:45:40","slug":"225-40r18-dynamo-snow-h-msl01-92t-xl-friction-acb72-3pmsf-ms","status":"publish","type":"product","link":"https:\/\/shop.rettum.ee\/en\/product\/225-40r18-dynamo-snow-h-msl01-92t-xl-friction-acb72-3pmsf-ms\/","title":{"rendered":"225\/40R18 DYNAMO SNOW-H MSL01 92T XL Friction ACB72 3PMSF M+S"},"content":{"rendered":"<p>225\/40R18 DYNAMO SNOW-H MSL01 on tipptasemel talverehv, mis on loodud kindlaks s\u00f5idukogemuseks isegi k\u00f5ige n\u00f5udlikumates ilmastikutingimustes. See XL-rehv tagab t\u00e4iendava koormusv\u00f5ime ja stabiilsuse, pakkudes s\u00f5idule usaldusv\u00e4\u00e4rsust nii kiirel kui ka ohutul s\u00f5idul. Rehvi unikaalne Friction tehnoloogia tagab silmapaistva pidamise m\u00e4rgadel, lumistel ja libedal teel, minimeerides pidurdusmaad ja suurendades turvalisust.<\/p>\n<p>Lisaks on mud ja lumi s\u00fcmboliseeriv M+S m\u00e4rgistus ning \u00fclemaailmne 3PMSF sertifikaat garanteerimas rehvi suurep\u00e4rast j\u00f5udlust talvises kliimas. DYNAMO SNOW-H MSL01 on disainitud pakkuma optimaalset haarduvust ning stabiilsust, muutes selle ideaalseks valikuks nii igap\u00e4evasteks s\u00f5itudeks kui ka n\u00f5udlikeks talvisteks tingimusteks. Valides selle rehvi, tagad oma s\u00f5idukile kvaliteetse ja innovaatilise lahenduse, mis toetab ohutut ja mugavat teekonda igas olukorras.<\/p>","protected":false},"excerpt":{"rendered":"<p>225\/40R18 DYNAMO SNOW-H MSL01 on tipptasemel talverehv, mis on loodud kindlaks s\u00f5idukogemuseks isegi k\u00f5ige n\u00f5udlikumates ilmastikutingimustes. See XL-rehv tagab t\u00e4iendava koormusv\u00f5ime ja stabiilsuse, pakkudes s\u00f5idule usaldusv\u00e4\u00e4rsust nii kiirel kui ka ohutul s\u00f5idul. Rehvi unikaalne Friction tehnoloogia tagab silmapaistva pidamise m\u00e4rgadel, lumistel ja libedal teel, minimeerides pidurdusmaad ja suurendades turvalisust. Lisaks on mud ja lumi s\u00fcmboliseeriv [&hellip;]<\/p>\n","protected":false},"featured_media":123787,"template":"","meta":{"site-sidebar-layout":"default","site-content-layout":"","ast-site-content-layout":"","site-content-style":"default","site-sidebar-style":"default","ast-global-header-display":"","ast-banner-title-visibility":"","ast-main-header-display":"","ast-hfb-above-header-display":"","ast-hfb-below-header-display":"","ast-hfb-mobile-header-display":"","site-post-title":"","ast-breadcrumbs-content":"","ast-featured-img":"","footer-sml-layout":"","theme-transparent-header-meta":"","adv-header-id-meta":"","stick-header-meta":"","header-above-stick-meta":"","header-main-stick-meta":"","header-below-stick-meta":"","astra-migrate-meta-layouts":"default","ast-page-background-enabled":"default","ast-page-background-meta":{"desktop":{"background-color":"","background-image":"","background-repeat":"repeat","background-position":"center center","background-size":"auto","background-attachment":"scroll","background-type":"","background-media":"","overlay-type":"","overlay-color":"","overlay-opacity":"","overlay-gradient":""},"tablet":{"background-color":"","background-image":"","background-repeat":"repeat","background-position":"center center","background-size":"auto","background-attachment":"scroll","background-type":"","background-media":"","overlay-type":"","overlay-color":"","overlay-opacity":"","overlay-gradient":""},"mobile":{"background-color":"","background-image":"","background-repeat":"repeat","background-position":"center center","background-size":"auto","background-attachment":"scroll","background-type":"","background-media":"","overlay-type":"","overlay-color":"","overlay-opacity":"","overlay-gradient":""}},"ast-content-background-meta":{"desktop":{"background-color":"var(--ast-global-color-5)","background-image":"","background-repeat":"repeat","background-position":"center center","background-size":"auto","background-attachment":"scroll","background-type":"","background-media":"","overlay-type":"","overlay-color":"","overlay-opacity":"","overlay-gradient":""},"tablet":{"background-color":"var(--ast-global-color-5)","background-image":"","background-repeat":"repeat","background-position":"center center","background-size":"auto","background-attachment":"scroll","background-type":"","background-media":"","overlay-type":"","overlay-color":"","overlay-opacity":"","overlay-gradient":""},"mobile":{"background-color":"var(--ast-global-color-5)","background-image":"","background-repeat":"repeat","background-position":"center center","background-size":"auto","background-attachment":"scroll","background-type":"","background-media":"","overlay-type":"","overlay-color":"","overlay-opacity":"","overlay-gradient":""}}},"product_brand":[],"product_cat":[34228],"product_tag":[],"pa_brand_name":[17833],"class_list":{"0":"post-120656","1":"product","2":"type-product","3":"status-publish","4":"has-post-thumbnail","6":"product_cat-winter-tires-friction","7":"pa_brand_name-dynamo","8":"desktop-align-left","9":"tablet-align-left","10":"mobile-align-left","12":"first","13":"outofstock","14":"taxable","15":"shipping-taxable","16":"purchasable","17":"product-type-simple"},"_links":{"self":[{"href":"https:\/\/shop.rettum.ee\/en\/wp-json\/wp\/v2\/product\/120656","targetHints":{"allow":["GET"]}}],"collection":[{"href":"https:\/\/shop.rettum.ee\/en\/wp-json\/wp\/v2\/product"}],"about":[{"href":"https:\/\/shop.rettum.ee\/en\/wp-json\/wp\/v2\/types\/product"}],"version-history":[{"count":1,"href":"https:\/\/shop.rettum.ee\/en\/wp-json\/wp\/v2\/product\/120656\/revisions"}],"predecessor-version":[{"id":125819,"href":"https:\/\/shop.rettum.ee\/en\/wp-json\/wp\/v2\/product\/120656\/revisions\/125819"}],"wp:featuredmedia":[{"embeddable":true,"href":"https:\/\/shop.rettum.ee\/en\/wp-json\/wp\/v2\/media\/123787"}],"wp:attachment":[{"href":"https:\/\/shop.rettum.ee\/en\/wp-json\/wp\/v2\/media?parent=120656"}],"wp:term":[{"taxonomy":"product_brand","embeddable":true,"href":"https:\/\/shop.rettum.ee\/en\/wp-json\/wp\/v2\/product_brand?post=120656"},{"taxonomy":"product_cat","embeddable":true,"href":"https:\/\/shop.rettum.ee\/en\/wp-json\/wp\/v2\/product_cat?post=120656"},{"taxonomy":"product_tag","embeddable":true,"href":"https:\/\/shop.rettum.ee\/en\/wp-json\/wp\/v2\/product_tag?post=120656"},{"taxonomy":"pa_brand_name","embeddable":true,"href":"https:\/\/shop.rettum.ee\/en\/wp-json\/wp\/v2\/pa_brand_name?post=120656"}],"curies":[{"name":"wp","href":"https:\/\/api.w.org\/{rel}","templated":true}]}}