{"id":120658,"date":"2025-03-31T03:04:50","date_gmt":"2025-03-31T00:04:50","guid":{"rendered":"https:\/\/shop.rettum.ee\/toode\/185-75r16c-dynamo-snow-h-mwc01-104-102r-studless-dcb71-3pmsf-ms\/"},"modified":"2026-03-28T02:50:50","modified_gmt":"2026-03-28T00:50:50","slug":"185-75r16c-dynamo-snow-h-mwc01-104-102r-studless-dcb71-3pmsf-ms","status":"publish","type":"product","link":"https:\/\/shop.rettum.ee\/en\/product\/185-75r16c-dynamo-snow-h-mwc01-104-102r-studless-dcb71-3pmsf-ms\/","title":{"rendered":"185\/75R16C DYNAMO SNOW-H MWC01 104\/102R Studless DCB71 3PMSF M+S"},"content":{"rendered":"<p>185\/75R16C DYNAMO SNOW-H MWC01 on usaldusv\u00e4\u00e4rne ja mitmek\u00fclgne talverehv, mis tagab turvalise s\u00f5idu keerulistes talveoludes. Selle rehvi m\u00f5\u00f5tmed ja tugevad tehnilised n\u00e4itajad (104\/102R koormusindeksid) tagavad stabiilsuse ning vastupidavuse ka n\u00f5udlikes maastikutingimustes. DYNAMO SNOW-H on varustatud uuendusliku Studless tehnoloogiaga, mis v\u00f5imaldab suurep\u00e4rast veoj\u00f5udu ilma klassikaliste naelreideta, pakkudes seega sujuvamat ja vaiksemat s\u00f5itu. <\/p>\n<p>Rehvi 3PMSF s\u00fcmbol ja M+S m\u00e4rgistus kinnitavad selle sobivust nii lumiste, j\u00e4\u00e4srate kui ka mudaoludega teedel. DYNAMO SNOW-H keskendub s\u00f5iduohutusele ja maksimaalsele haarduvusele, mis on eriti oluline k\u00fclmadel talvep\u00e4evadel ja ootamatult muutuvates ilmastikutingimustes. Rehv on disainitud pakkuma suurep\u00e4rast pidamist ning optimeeritud seisakulu, muutes selle ideaalseks lahenduseks nii isiklikuks kui ka kommertss\u00f5idukiks. Avasta maksimaalne turvalisus ja kindel s\u00f5idukogemus ka k\u00f5ige karmimates talveoludes DYNAMO SNOW-H abil.<\/p>","protected":false},"excerpt":{"rendered":"<p>185\/75R16C DYNAMO SNOW-H MWC01 on usaldusv\u00e4\u00e4rne ja mitmek\u00fclgne talverehv, mis tagab turvalise s\u00f5idu keerulistes talveoludes. Selle rehvi m\u00f5\u00f5tmed ja tugevad tehnilised n\u00e4itajad (104\/102R koormusindeksid) tagavad stabiilsuse ning vastupidavuse ka n\u00f5udlikes maastikutingimustes. DYNAMO SNOW-H on varustatud uuendusliku Studless tehnoloogiaga, mis v\u00f5imaldab suurep\u00e4rast veoj\u00f5udu ilma klassikaliste naelreideta, pakkudes seega sujuvamat ja vaiksemat s\u00f5itu. Rehvi 3PMSF s\u00fcmbol ja [&hellip;]<\/p>\n","protected":false},"featured_media":123779,"template":"","meta":{"site-sidebar-layout":"default","site-content-layout":"","ast-site-content-layout":"","site-content-style":"default","site-sidebar-style":"default","ast-global-header-display":"","ast-banner-title-visibility":"","ast-main-header-display":"","ast-hfb-above-header-display":"","ast-hfb-below-header-display":"","ast-hfb-mobile-header-display":"","site-post-title":"","ast-breadcrumbs-content":"","ast-featured-img":"","footer-sml-layout":"","theme-transparent-header-meta":"","adv-header-id-meta":"","stick-header-meta":"","header-above-stick-meta":"","header-main-stick-meta":"","header-below-stick-meta":"","astra-migrate-meta-layouts":"default","ast-page-background-enabled":"default","ast-page-background-meta":{"desktop":{"background-color":"","background-image":"","background-repeat":"repeat","background-position":"center center","background-size":"auto","background-attachment":"scroll","background-type":"","background-media":"","overlay-type":"","overlay-color":"","overlay-opacity":"","overlay-gradient":""},"tablet":{"background-color":"","background-image":"","background-repeat":"repeat","background-position":"center center","background-size":"auto","background-attachment":"scroll","background-type":"","background-media":"","overlay-type":"","overlay-color":"","overlay-opacity":"","overlay-gradient":""},"mobile":{"background-color":"","background-image":"","background-repeat":"repeat","background-position":"center center","background-size":"auto","background-attachment":"scroll","background-type":"","background-media":"","overlay-type":"","overlay-color":"","overlay-opacity":"","overlay-gradient":""}},"ast-content-background-meta":{"desktop":{"background-color":"var(--ast-global-color-5)","background-image":"","background-repeat":"repeat","background-position":"center center","background-size":"auto","background-attachment":"scroll","background-type":"","background-media":"","overlay-type":"","overlay-color":"","overlay-opacity":"","overlay-gradient":""},"tablet":{"background-color":"var(--ast-global-color-5)","background-image":"","background-repeat":"repeat","background-position":"center center","background-size":"auto","background-attachment":"scroll","background-type":"","background-media":"","overlay-type":"","overlay-color":"","overlay-opacity":"","overlay-gradient":""},"mobile":{"background-color":"var(--ast-global-color-5)","background-image":"","background-repeat":"repeat","background-position":"center center","background-size":"auto","background-attachment":"scroll","background-type":"","background-media":"","overlay-type":"","overlay-color":"","overlay-opacity":"","overlay-gradient":""}}},"product_brand":[],"product_cat":[34227],"product_tag":[],"pa_brand_name":[17833],"class_list":{"0":"post-120658","1":"product","2":"type-product","3":"status-publish","4":"has-post-thumbnail","6":"product_cat-winter-light-truck-friction","7":"pa_brand_name-dynamo","8":"desktop-align-left","9":"tablet-align-left","10":"mobile-align-left","12":"first","13":"instock","14":"taxable","15":"shipping-taxable","16":"purchasable","17":"product-type-simple"},"_links":{"self":[{"href":"https:\/\/shop.rettum.ee\/en\/wp-json\/wp\/v2\/product\/120658","targetHints":{"allow":["GET"]}}],"collection":[{"href":"https:\/\/shop.rettum.ee\/en\/wp-json\/wp\/v2\/product"}],"about":[{"href":"https:\/\/shop.rettum.ee\/en\/wp-json\/wp\/v2\/types\/product"}],"version-history":[{"count":1,"href":"https:\/\/shop.rettum.ee\/en\/wp-json\/wp\/v2\/product\/120658\/revisions"}],"predecessor-version":[{"id":125815,"href":"https:\/\/shop.rettum.ee\/en\/wp-json\/wp\/v2\/product\/120658\/revisions\/125815"}],"wp:featuredmedia":[{"embeddable":true,"href":"https:\/\/shop.rettum.ee\/en\/wp-json\/wp\/v2\/media\/123779"}],"wp:attachment":[{"href":"https:\/\/shop.rettum.ee\/en\/wp-json\/wp\/v2\/media?parent=120658"}],"wp:term":[{"taxonomy":"product_brand","embeddable":true,"href":"https:\/\/shop.rettum.ee\/en\/wp-json\/wp\/v2\/product_brand?post=120658"},{"taxonomy":"product_cat","embeddable":true,"href":"https:\/\/shop.rettum.ee\/en\/wp-json\/wp\/v2\/product_cat?post=120658"},{"taxonomy":"product_tag","embeddable":true,"href":"https:\/\/shop.rettum.ee\/en\/wp-json\/wp\/v2\/product_tag?post=120658"},{"taxonomy":"pa_brand_name","embeddable":true,"href":"https:\/\/shop.rettum.ee\/en\/wp-json\/wp\/v2\/pa_brand_name?post=120658"}],"curies":[{"name":"wp","href":"https:\/\/api.w.org\/{rel}","templated":true}]}}