{"id":120681,"date":"2025-03-31T03:05:06","date_gmt":"2025-03-31T00:05:06","guid":{"rendered":"https:\/\/shop.rettum.ee\/toode\/195-70r15c-hankook-vantra-transit-ra58-104-102r\/"},"modified":"2025-12-05T02:45:23","modified_gmt":"2025-12-05T00:45:23","slug":"195-70r15c-hankook-vantra-transit-ra58-104-102r","status":"publish","type":"product","link":"https:\/\/shop.rettum.ee\/en\/product\/195-70r15c-hankook-vantra-transit-ra58-104-102r\/","title":{"rendered":"195\/70R15C HANKOOK VANTRA TRANSIT (RA58) 104\/102R"},"content":{"rendered":"<p>195\/70R15C HANKOOK VANTRA TRANSIT (RA58) 104\/102R on spetsiaalselt disainitud kommertskasutuseks m\u00f5eldud rehvid, mis tagavad usaldusv\u00e4\u00e4rse j\u00f5udluse ja turvalisuse igas olukorras. Hankooki tipptasemel tehnoloogia rakendamine v\u00f5imaldab saavutada suurep\u00e4rase haarduvuse nii m\u00e4rjal kui ka kuival teel, pakkudes stabiilset ja kindlat s\u00f5idukogemust. Optimeeritud kulumismuster tagab madala veeretakistuse, aidates seel\u00e4bi v\u00e4hendada k\u00fctusekulu ning pikendada rehvi eluea ka n\u00f5udlikes t\u00f6\u00f6tingimustes. <\/p>\n<p>Rehvi suurus 195\/70R15C sobib ideaalselt transpordivanustele, kus n\u00f5utakse k\u00f5rget koormustaluvust ja vastupidavust. M\u00e4rgitud koormusn\u00e4itajad 104\/102R kinnitavad, et tegemist on t\u00f6\u00f6kindla ja mitmek\u00fclgse tootega, mis sobib nii linnat\u00e4navatele kui ka maanteedele. Hankook VANTRA TRANSIT (RA58) rehvid on ideaalne valik ettev\u00f5tetele, kes otsivad kvaliteeti, t\u00f6\u00f6kindlust ja ohutust igap\u00e4evastes transpordiv\u00e4ljakutsetes.<\/p>","protected":false},"excerpt":{"rendered":"<p>195\/70R15C HANKOOK VANTRA TRANSIT (RA58) 104\/102R on spetsiaalselt disainitud kommertskasutuseks m\u00f5eldud rehvid, mis tagavad usaldusv\u00e4\u00e4rse j\u00f5udluse ja turvalisuse igas olukorras. Hankooki tipptasemel tehnoloogia rakendamine v\u00f5imaldab saavutada suurep\u00e4rase haarduvuse nii m\u00e4rjal kui ka kuival teel, pakkudes stabiilset ja kindlat s\u00f5idukogemust. Optimeeritud kulumismuster tagab madala veeretakistuse, aidates seel\u00e4bi v\u00e4hendada k\u00fctusekulu ning pikendada rehvi eluea ka n\u00f5udlikes t\u00f6\u00f6tingimustes. [&hellip;]<\/p>\n","protected":false},"featured_media":124883,"template":"","meta":{"site-sidebar-layout":"default","site-content-layout":"","ast-site-content-layout":"","site-content-style":"default","site-sidebar-style":"default","ast-global-header-display":"","ast-banner-title-visibility":"","ast-main-header-display":"","ast-hfb-above-header-display":"","ast-hfb-below-header-display":"","ast-hfb-mobile-header-display":"","site-post-title":"","ast-breadcrumbs-content":"","ast-featured-img":"","footer-sml-layout":"","theme-transparent-header-meta":"","adv-header-id-meta":"","stick-header-meta":"","header-above-stick-meta":"","header-main-stick-meta":"","header-below-stick-meta":"","astra-migrate-meta-layouts":"default","ast-page-background-enabled":"default","ast-page-background-meta":{"desktop":{"background-color":"","background-image":"","background-repeat":"repeat","background-position":"center center","background-size":"auto","background-attachment":"scroll","background-type":"","background-media":"","overlay-type":"","overlay-color":"","overlay-opacity":"","overlay-gradient":""},"tablet":{"background-color":"","background-image":"","background-repeat":"repeat","background-position":"center center","background-size":"auto","background-attachment":"scroll","background-type":"","background-media":"","overlay-type":"","overlay-color":"","overlay-opacity":"","overlay-gradient":""},"mobile":{"background-color":"","background-image":"","background-repeat":"repeat","background-position":"center center","background-size":"auto","background-attachment":"scroll","background-type":"","background-media":"","overlay-type":"","overlay-color":"","overlay-opacity":"","overlay-gradient":""}},"ast-content-background-meta":{"desktop":{"background-color":"var(--ast-global-color-5)","background-image":"","background-repeat":"repeat","background-position":"center center","background-size":"auto","background-attachment":"scroll","background-type":"","background-media":"","overlay-type":"","overlay-color":"","overlay-opacity":"","overlay-gradient":""},"tablet":{"background-color":"var(--ast-global-color-5)","background-image":"","background-repeat":"repeat","background-position":"center center","background-size":"auto","background-attachment":"scroll","background-type":"","background-media":"","overlay-type":"","overlay-color":"","overlay-opacity":"","overlay-gradient":""},"mobile":{"background-color":"var(--ast-global-color-5)","background-image":"","background-repeat":"repeat","background-position":"center center","background-size":"auto","background-attachment":"scroll","background-type":"","background-media":"","overlay-type":"","overlay-color":"","overlay-opacity":"","overlay-gradient":""}}},"product_brand":[],"product_cat":[34226],"product_tag":[],"pa_brand_name":[17812],"class_list":{"0":"post-120681","1":"product","2":"type-product","3":"status-publish","4":"has-post-thumbnail","6":"product_cat-summer-light-truck","7":"pa_brand_name-hankook","8":"desktop-align-left","9":"tablet-align-left","10":"mobile-align-left","12":"first","13":"outofstock","14":"taxable","15":"shipping-taxable","16":"purchasable","17":"product-type-simple"},"_links":{"self":[{"href":"https:\/\/shop.rettum.ee\/en\/wp-json\/wp\/v2\/product\/120681","targetHints":{"allow":["GET"]}}],"collection":[{"href":"https:\/\/shop.rettum.ee\/en\/wp-json\/wp\/v2\/product"}],"about":[{"href":"https:\/\/shop.rettum.ee\/en\/wp-json\/wp\/v2\/types\/product"}],"version-history":[{"count":1,"href":"https:\/\/shop.rettum.ee\/en\/wp-json\/wp\/v2\/product\/120681\/revisions"}],"predecessor-version":[{"id":125809,"href":"https:\/\/shop.rettum.ee\/en\/wp-json\/wp\/v2\/product\/120681\/revisions\/125809"}],"wp:featuredmedia":[{"embeddable":true,"href":"https:\/\/shop.rettum.ee\/en\/wp-json\/wp\/v2\/media\/124883"}],"wp:attachment":[{"href":"https:\/\/shop.rettum.ee\/en\/wp-json\/wp\/v2\/media?parent=120681"}],"wp:term":[{"taxonomy":"product_brand","embeddable":true,"href":"https:\/\/shop.rettum.ee\/en\/wp-json\/wp\/v2\/product_brand?post=120681"},{"taxonomy":"product_cat","embeddable":true,"href":"https:\/\/shop.rettum.ee\/en\/wp-json\/wp\/v2\/product_cat?post=120681"},{"taxonomy":"product_tag","embeddable":true,"href":"https:\/\/shop.rettum.ee\/en\/wp-json\/wp\/v2\/product_tag?post=120681"},{"taxonomy":"pa_brand_name","embeddable":true,"href":"https:\/\/shop.rettum.ee\/en\/wp-json\/wp\/v2\/pa_brand_name?post=120681"}],"curies":[{"name":"wp","href":"https:\/\/api.w.org\/{rel}","templated":true}]}}