{"id":120688,"date":"2025-03-31T03:05:10","date_gmt":"2025-03-31T00:05:10","guid":{"rendered":"https:\/\/shop.rettum.ee\/toode\/225-65r16c-goodyear-cargo-ultra-grip-2-112-110r-dot22-studded-3pmsf-ms\/"},"modified":"2025-11-12T02:45:57","modified_gmt":"2025-11-12T00:45:57","slug":"225-65r16c-goodyear-cargo-ultra-grip-2-112-110r-dot22-studded-3pmsf-ms","status":"publish","type":"product","link":"https:\/\/shop.rettum.ee\/en\/product\/225-65r16c-goodyear-cargo-ultra-grip-2-112-110r-dot22-studded-3pmsf-ms\/","title":{"rendered":"225\/65R16C GOODYEAR CARGO ULTRA GRIP 2 112\/110R DOT22 Studded 3PMSF M+S"},"content":{"rendered":"<p>Goodyear Cargo Ultra Grip 2 225\/65R16C on spetsiaalselt koormas\u00f5idukite jaoks loodud rehvimudel, mis vastab k\u00f5rgeimatele ohutus- ja j\u00f5udlusstandarditele. Rehvil on m\u00e4rgitud load ning kiirusindeks 112\/110R, mis tagab usaldusv\u00e4\u00e4rse j\u00f5udluse ka raskete koormate all. T\u00e4nu DOT22 m\u00e4rgisele on see tootmine l\u00e4bi viidud range kvaliteedikontrolli tingimustes, pakkudes seel\u00e4bi pikaaegset kasutuskindlust. <\/p>\n<p>Rehvi tunnused 3PMSF ja M+S s\u00fcmbolitega kinnitavad selle v\u00f5imekust talvistes tingimustes, pakkudes turvalist s\u00f5iduk\u00e4sitlust nii lumel, j\u00e4\u00e4l kui ka mudases maastikus. Lisaks tagab erilise mustriga kavandus ja vajadusel ka klambritega varustatud pind \u00fcletamatult head haarduvuse ja stabiilsuse, mis on oluline nii igap\u00e4evasel kui rasketel s\u00f5idutingimustel. <\/p>\n<p>Goodyear Cargo Ultra Grip 2 on ideaalne valik kommerts- ja veoautodele, pakkudes maksimaalset turvalisust, j\u00f5udlust ja kestvust igal teek\u00e4igul.<\/p>","protected":false},"excerpt":{"rendered":"<p>Goodyear Cargo Ultra Grip 2 225\/65R16C on spetsiaalselt koormas\u00f5idukite jaoks loodud rehvimudel, mis vastab k\u00f5rgeimatele ohutus- ja j\u00f5udlusstandarditele. Rehvil on m\u00e4rgitud load ning kiirusindeks 112\/110R, mis tagab usaldusv\u00e4\u00e4rse j\u00f5udluse ka raskete koormate all. T\u00e4nu DOT22 m\u00e4rgisele on see tootmine l\u00e4bi viidud range kvaliteedikontrolli tingimustes, pakkudes seel\u00e4bi pikaaegset kasutuskindlust. Rehvi tunnused 3PMSF ja M+S s\u00fcmbolitega kinnitavad [&hellip;]<\/p>\n","protected":false},"featured_media":123693,"template":"","meta":{"site-sidebar-layout":"default","site-content-layout":"","ast-site-content-layout":"","site-content-style":"default","site-sidebar-style":"default","ast-global-header-display":"","ast-banner-title-visibility":"","ast-main-header-display":"","ast-hfb-above-header-display":"","ast-hfb-below-header-display":"","ast-hfb-mobile-header-display":"","site-post-title":"","ast-breadcrumbs-content":"","ast-featured-img":"","footer-sml-layout":"","theme-transparent-header-meta":"","adv-header-id-meta":"","stick-header-meta":"","header-above-stick-meta":"","header-main-stick-meta":"","header-below-stick-meta":"","astra-migrate-meta-layouts":"default","ast-page-background-enabled":"default","ast-page-background-meta":{"desktop":{"background-color":"","background-image":"","background-repeat":"repeat","background-position":"center center","background-size":"auto","background-attachment":"scroll","background-type":"","background-media":"","overlay-type":"","overlay-color":"","overlay-opacity":"","overlay-gradient":""},"tablet":{"background-color":"","background-image":"","background-repeat":"repeat","background-position":"center center","background-size":"auto","background-attachment":"scroll","background-type":"","background-media":"","overlay-type":"","overlay-color":"","overlay-opacity":"","overlay-gradient":""},"mobile":{"background-color":"","background-image":"","background-repeat":"repeat","background-position":"center center","background-size":"auto","background-attachment":"scroll","background-type":"","background-media":"","overlay-type":"","overlay-color":"","overlay-opacity":"","overlay-gradient":""}},"ast-content-background-meta":{"desktop":{"background-color":"var(--ast-global-color-5)","background-image":"","background-repeat":"repeat","background-position":"center center","background-size":"auto","background-attachment":"scroll","background-type":"","background-media":"","overlay-type":"","overlay-color":"","overlay-opacity":"","overlay-gradient":""},"tablet":{"background-color":"var(--ast-global-color-5)","background-image":"","background-repeat":"repeat","background-position":"center center","background-size":"auto","background-attachment":"scroll","background-type":"","background-media":"","overlay-type":"","overlay-color":"","overlay-opacity":"","overlay-gradient":""},"mobile":{"background-color":"var(--ast-global-color-5)","background-image":"","background-repeat":"repeat","background-position":"center center","background-size":"auto","background-attachment":"scroll","background-type":"","background-media":"","overlay-type":"","overlay-color":"","overlay-opacity":"","overlay-gradient":""}}},"product_brand":[],"product_cat":[34232],"product_tag":[],"pa_brand_name":[17979],"class_list":{"0":"post-120688","1":"product","2":"type-product","3":"status-publish","4":"has-post-thumbnail","6":"product_cat-winter-light-truck-with-studs","7":"pa_brand_name-goodyear","8":"desktop-align-left","9":"tablet-align-left","10":"mobile-align-left","12":"first","13":"outofstock","14":"taxable","15":"shipping-taxable","16":"purchasable","17":"product-type-simple"},"_links":{"self":[{"href":"https:\/\/shop.rettum.ee\/en\/wp-json\/wp\/v2\/product\/120688","targetHints":{"allow":["GET"]}}],"collection":[{"href":"https:\/\/shop.rettum.ee\/en\/wp-json\/wp\/v2\/product"}],"about":[{"href":"https:\/\/shop.rettum.ee\/en\/wp-json\/wp\/v2\/types\/product"}],"version-history":[{"count":1,"href":"https:\/\/shop.rettum.ee\/en\/wp-json\/wp\/v2\/product\/120688\/revisions"}],"predecessor-version":[{"id":125806,"href":"https:\/\/shop.rettum.ee\/en\/wp-json\/wp\/v2\/product\/120688\/revisions\/125806"}],"wp:featuredmedia":[{"embeddable":true,"href":"https:\/\/shop.rettum.ee\/en\/wp-json\/wp\/v2\/media\/123693"}],"wp:attachment":[{"href":"https:\/\/shop.rettum.ee\/en\/wp-json\/wp\/v2\/media?parent=120688"}],"wp:term":[{"taxonomy":"product_brand","embeddable":true,"href":"https:\/\/shop.rettum.ee\/en\/wp-json\/wp\/v2\/product_brand?post=120688"},{"taxonomy":"product_cat","embeddable":true,"href":"https:\/\/shop.rettum.ee\/en\/wp-json\/wp\/v2\/product_cat?post=120688"},{"taxonomy":"product_tag","embeddable":true,"href":"https:\/\/shop.rettum.ee\/en\/wp-json\/wp\/v2\/product_tag?post=120688"},{"taxonomy":"pa_brand_name","embeddable":true,"href":"https:\/\/shop.rettum.ee\/en\/wp-json\/wp\/v2\/pa_brand_name?post=120688"}],"curies":[{"name":"wp","href":"https:\/\/api.w.org\/{rel}","templated":true}]}}