{"id":120691,"date":"2025-03-31T03:05:13","date_gmt":"2025-03-31T00:05:13","guid":{"rendered":"https:\/\/shop.rettum.ee\/toode\/225-50r17-goodyear-ultra-grip-arctic-2-98t-xl-fp-dot22-studded-3pmsf-ms\/"},"modified":"2025-10-08T02:45:30","modified_gmt":"2025-10-07T23:45:30","slug":"225-50r17-goodyear-ultra-grip-arctic-2-98t-xl-fp-dot22-studded-3pmsf-ms","status":"publish","type":"product","link":"https:\/\/shop.rettum.ee\/en\/product\/225-50r17-goodyear-ultra-grip-arctic-2-98t-xl-fp-dot22-studded-3pmsf-ms\/","title":{"rendered":"225\/50R17 GOODYEAR ULTRA GRIP ARCTIC 2 98T XL FP DOT22 Studded 3PMSF M+S"},"content":{"rendered":"<p>Tutvustame uut Goodyear Ultra Grip Arctic 2 rehvi, mis on loodud n\u00f5udlike talveolude ja karmide teede jaoks. 225\/50R17 m\u00f5\u00f5tmetega rehvi 17-tolline diameeter, 225 mm laius ja 50% k\u00fcljeproportsioon tagavad suurep\u00e4rase kontaktpinna ja stabiilsuse ka k\u00f5ige libedamatel teedel. Rehvi tugev koormusindeks 98 ja XL-t\u00e4his tagavad lisakoormustaluvuse, v\u00f5imaldades turvalist s\u00f5itu ka raskemate s\u00f5idukitega.  <\/p>\n<p>T-kiirusindeks annab kindluse, et maksimaalne lubatud s\u00f5idukiirus on kuni 190 km\/h, muutes need rehvid mitte ainult turvaliseks, vaid ka mitmek\u00fclgseks igap\u00e4evaseks kasutamiseks. 3PMSF ja M+S m\u00e4rgised kinnitavad rehvi suurep\u00e4rast haarduvust lumel ja j\u00e4\u00e4l, pakkudes kindlustunnet ka k\u00f5ige karmimatel talvel. DOT22 markatsioon n\u00e4itab, et rehvid on toodetud 2022. aastal, kasutades kaasaegseid tehnoloogiaid parima j\u00f5udluse saavutamiseks.  <\/p>\n<p>Goodyear Ultra Grip Arctic 2 on ideaalne valik neile, kes otsivad usaldusv\u00e4\u00e4rsust ja turvalisust talvisel hooajal. Valides need rehvid, tagate endast ja oma s\u00f5idukist parima v\u00f5imaliku kaitse libedal ja j\u00e4isel teel.<\/p>","protected":false},"excerpt":{"rendered":"<p>Tutvustame uut Goodyear Ultra Grip Arctic 2 rehvi, mis on loodud n\u00f5udlike talveolude ja karmide teede jaoks. 225\/50R17 m\u00f5\u00f5tmetega rehvi 17-tolline diameeter, 225 mm laius ja 50% k\u00fcljeproportsioon tagavad suurep\u00e4rase kontaktpinna ja stabiilsuse ka k\u00f5ige libedamatel teedel. Rehvi tugev koormusindeks 98 ja XL-t\u00e4his tagavad lisakoormustaluvuse, v\u00f5imaldades turvalist s\u00f5itu ka raskemate s\u00f5idukitega. T-kiirusindeks annab kindluse, et [&hellip;]<\/p>\n","protected":false},"featured_media":123685,"template":"","meta":{"site-sidebar-layout":"default","site-content-layout":"","ast-site-content-layout":"","site-content-style":"default","site-sidebar-style":"default","ast-global-header-display":"","ast-banner-title-visibility":"","ast-main-header-display":"","ast-hfb-above-header-display":"","ast-hfb-below-header-display":"","ast-hfb-mobile-header-display":"","site-post-title":"","ast-breadcrumbs-content":"","ast-featured-img":"","footer-sml-layout":"","theme-transparent-header-meta":"","adv-header-id-meta":"","stick-header-meta":"","header-above-stick-meta":"","header-main-stick-meta":"","header-below-stick-meta":"","astra-migrate-meta-layouts":"default","ast-page-background-enabled":"default","ast-page-background-meta":{"desktop":{"background-color":"","background-image":"","background-repeat":"repeat","background-position":"center center","background-size":"auto","background-attachment":"scroll","background-type":"","background-media":"","overlay-type":"","overlay-color":"","overlay-opacity":"","overlay-gradient":""},"tablet":{"background-color":"","background-image":"","background-repeat":"repeat","background-position":"center center","background-size":"auto","background-attachment":"scroll","background-type":"","background-media":"","overlay-type":"","overlay-color":"","overlay-opacity":"","overlay-gradient":""},"mobile":{"background-color":"","background-image":"","background-repeat":"repeat","background-position":"center center","background-size":"auto","background-attachment":"scroll","background-type":"","background-media":"","overlay-type":"","overlay-color":"","overlay-opacity":"","overlay-gradient":""}},"ast-content-background-meta":{"desktop":{"background-color":"var(--ast-global-color-5)","background-image":"","background-repeat":"repeat","background-position":"center center","background-size":"auto","background-attachment":"scroll","background-type":"","background-media":"","overlay-type":"","overlay-color":"","overlay-opacity":"","overlay-gradient":""},"tablet":{"background-color":"var(--ast-global-color-5)","background-image":"","background-repeat":"repeat","background-position":"center center","background-size":"auto","background-attachment":"scroll","background-type":"","background-media":"","overlay-type":"","overlay-color":"","overlay-opacity":"","overlay-gradient":""},"mobile":{"background-color":"var(--ast-global-color-5)","background-image":"","background-repeat":"repeat","background-position":"center center","background-size":"auto","background-attachment":"scroll","background-type":"","background-media":"","overlay-type":"","overlay-color":"","overlay-opacity":"","overlay-gradient":""}}},"product_brand":[],"product_cat":[34229],"product_tag":[],"pa_brand_name":[17979],"class_list":{"0":"post-120691","1":"product","2":"type-product","3":"status-publish","4":"has-post-thumbnail","6":"product_cat-winter-tires-with-studs","7":"pa_brand_name-goodyear","8":"desktop-align-left","9":"tablet-align-left","10":"mobile-align-left","12":"first","13":"outofstock","14":"taxable","15":"shipping-taxable","16":"purchasable","17":"product-type-simple"},"_links":{"self":[{"href":"https:\/\/shop.rettum.ee\/en\/wp-json\/wp\/v2\/product\/120691","targetHints":{"allow":["GET"]}}],"collection":[{"href":"https:\/\/shop.rettum.ee\/en\/wp-json\/wp\/v2\/product"}],"about":[{"href":"https:\/\/shop.rettum.ee\/en\/wp-json\/wp\/v2\/types\/product"}],"version-history":[{"count":1,"href":"https:\/\/shop.rettum.ee\/en\/wp-json\/wp\/v2\/product\/120691\/revisions"}],"predecessor-version":[{"id":125801,"href":"https:\/\/shop.rettum.ee\/en\/wp-json\/wp\/v2\/product\/120691\/revisions\/125801"}],"wp:featuredmedia":[{"embeddable":true,"href":"https:\/\/shop.rettum.ee\/en\/wp-json\/wp\/v2\/media\/123685"}],"wp:attachment":[{"href":"https:\/\/shop.rettum.ee\/en\/wp-json\/wp\/v2\/media?parent=120691"}],"wp:term":[{"taxonomy":"product_brand","embeddable":true,"href":"https:\/\/shop.rettum.ee\/en\/wp-json\/wp\/v2\/product_brand?post=120691"},{"taxonomy":"product_cat","embeddable":true,"href":"https:\/\/shop.rettum.ee\/en\/wp-json\/wp\/v2\/product_cat?post=120691"},{"taxonomy":"product_tag","embeddable":true,"href":"https:\/\/shop.rettum.ee\/en\/wp-json\/wp\/v2\/product_tag?post=120691"},{"taxonomy":"pa_brand_name","embeddable":true,"href":"https:\/\/shop.rettum.ee\/en\/wp-json\/wp\/v2\/pa_brand_name?post=120691"}],"curies":[{"name":"wp","href":"https:\/\/api.w.org\/{rel}","templated":true}]}}