{"id":120693,"date":"2025-03-31T03:05:14","date_gmt":"2025-03-31T00:05:14","guid":{"rendered":"https:\/\/shop.rettum.ee\/toode\/235-40r18-goodyear-ultra-grip-ice-2-95t-xl-fp-dot22-friction-cdb71-3pmsf-ms\/"},"modified":"2026-03-04T02:45:37","modified_gmt":"2026-03-04T00:45:37","slug":"235-40r18-goodyear-ultra-grip-ice-2-95t-xl-fp-dot22-friction-cdb71-3pmsf-ms","status":"publish","type":"product","link":"https:\/\/shop.rettum.ee\/en\/product\/235-40r18-goodyear-ultra-grip-ice-2-95t-xl-fp-dot22-friction-cdb71-3pmsf-ms\/","title":{"rendered":"235\/40R18 GOODYEAR ULTRA GRIP ICE 2 95T XL FP DOT22 Friction CDB71 3PMSF M+S"},"content":{"rendered":"<p>Goodyear Ultra Grip Ice 2 235\/40R18 on tippkvaliteediline talverehv, mis on loodud pakkuma \u00fclimat haarduvust ja stabiilsust libedal teel. Rehvi m\u00f5\u00f5tmed 235\/40R18 tagavad ideaalse sobivuse 18-tolistele velgedele, v\u00f5imaldades maksimaalset j\u00f5udlust ka k\u00f5ige n\u00f5udlikumates oludes. XL-m\u00e4rgistus ja 95T koormusindeks viitavad rehvi v\u00f5imele kannatada suuremaid koormusi, s\u00e4ilitades samal ajal suurep\u00e4rase juhitavuse ja turvalisuse.<\/p>\n<p>DOT22 kood t\u00f5endab rehvitootmise k\u00f5rgeid standardeid, samas kui Friction CDB71 viitab rehvile, mis on ehitatud pakkuma usaldusv\u00e4\u00e4rset pidamist isegi \u00e4\u00e4rmuslikes tingimustes. 3PMSF sertifikaat (Three-Peak Mountain Snowflake) ning M+S m\u00e4rgistus kinnitavad rehvi suurep\u00e4rast talve- ja murdeolukordade saavutust, v\u00f5imaldades s\u00f5ita turvaliselt lumel, j\u00e4\u00e4l ja mudases keskkonnas.<\/p>\n<p>Goodyear Ultra Grip Ice 2 on ideaalne valik k\u00f5igile, kes hindavad kindlat haarduvust ja s\u00f5idumugavust ka k\u00f5ige keerulisemates ilmastikutingimustes.<\/p>","protected":false},"excerpt":{"rendered":"<p>Goodyear Ultra Grip Ice 2 235\/40R18 on tippkvaliteediline talverehv, mis on loodud pakkuma \u00fclimat haarduvust ja stabiilsust libedal teel. Rehvi m\u00f5\u00f5tmed 235\/40R18 tagavad ideaalse sobivuse 18-tolistele velgedele, v\u00f5imaldades maksimaalset j\u00f5udlust ka k\u00f5ige n\u00f5udlikumates oludes. XL-m\u00e4rgistus ja 95T koormusindeks viitavad rehvi v\u00f5imele kannatada suuremaid koormusi, s\u00e4ilitades samal ajal suurep\u00e4rase juhitavuse ja turvalisuse. DOT22 kood t\u00f5endab rehvitootmise [&hellip;]<\/p>\n","protected":false},"featured_media":123675,"template":"","meta":{"site-sidebar-layout":"default","site-content-layout":"","ast-site-content-layout":"","site-content-style":"default","site-sidebar-style":"default","ast-global-header-display":"","ast-banner-title-visibility":"","ast-main-header-display":"","ast-hfb-above-header-display":"","ast-hfb-below-header-display":"","ast-hfb-mobile-header-display":"","site-post-title":"","ast-breadcrumbs-content":"","ast-featured-img":"","footer-sml-layout":"","theme-transparent-header-meta":"","adv-header-id-meta":"","stick-header-meta":"","header-above-stick-meta":"","header-main-stick-meta":"","header-below-stick-meta":"","astra-migrate-meta-layouts":"default","ast-page-background-enabled":"default","ast-page-background-meta":{"desktop":{"background-color":"","background-image":"","background-repeat":"repeat","background-position":"center center","background-size":"auto","background-attachment":"scroll","background-type":"","background-media":"","overlay-type":"","overlay-color":"","overlay-opacity":"","overlay-gradient":""},"tablet":{"background-color":"","background-image":"","background-repeat":"repeat","background-position":"center center","background-size":"auto","background-attachment":"scroll","background-type":"","background-media":"","overlay-type":"","overlay-color":"","overlay-opacity":"","overlay-gradient":""},"mobile":{"background-color":"","background-image":"","background-repeat":"repeat","background-position":"center center","background-size":"auto","background-attachment":"scroll","background-type":"","background-media":"","overlay-type":"","overlay-color":"","overlay-opacity":"","overlay-gradient":""}},"ast-content-background-meta":{"desktop":{"background-color":"var(--ast-global-color-5)","background-image":"","background-repeat":"repeat","background-position":"center center","background-size":"auto","background-attachment":"scroll","background-type":"","background-media":"","overlay-type":"","overlay-color":"","overlay-opacity":"","overlay-gradient":""},"tablet":{"background-color":"var(--ast-global-color-5)","background-image":"","background-repeat":"repeat","background-position":"center center","background-size":"auto","background-attachment":"scroll","background-type":"","background-media":"","overlay-type":"","overlay-color":"","overlay-opacity":"","overlay-gradient":""},"mobile":{"background-color":"var(--ast-global-color-5)","background-image":"","background-repeat":"repeat","background-position":"center center","background-size":"auto","background-attachment":"scroll","background-type":"","background-media":"","overlay-type":"","overlay-color":"","overlay-opacity":"","overlay-gradient":""}}},"product_brand":[],"product_cat":[34228],"product_tag":[],"pa_brand_name":[17979],"class_list":{"0":"post-120693","1":"product","2":"type-product","3":"status-publish","4":"has-post-thumbnail","6":"product_cat-winter-tires-friction","7":"pa_brand_name-goodyear","8":"desktop-align-left","9":"tablet-align-left","10":"mobile-align-left","12":"first","13":"outofstock","14":"taxable","15":"shipping-taxable","16":"purchasable","17":"product-type-simple"},"_links":{"self":[{"href":"https:\/\/shop.rettum.ee\/en\/wp-json\/wp\/v2\/product\/120693","targetHints":{"allow":["GET"]}}],"collection":[{"href":"https:\/\/shop.rettum.ee\/en\/wp-json\/wp\/v2\/product"}],"about":[{"href":"https:\/\/shop.rettum.ee\/en\/wp-json\/wp\/v2\/types\/product"}],"version-history":[{"count":1,"href":"https:\/\/shop.rettum.ee\/en\/wp-json\/wp\/v2\/product\/120693\/revisions"}],"predecessor-version":[{"id":125799,"href":"https:\/\/shop.rettum.ee\/en\/wp-json\/wp\/v2\/product\/120693\/revisions\/125799"}],"wp:featuredmedia":[{"embeddable":true,"href":"https:\/\/shop.rettum.ee\/en\/wp-json\/wp\/v2\/media\/123675"}],"wp:attachment":[{"href":"https:\/\/shop.rettum.ee\/en\/wp-json\/wp\/v2\/media?parent=120693"}],"wp:term":[{"taxonomy":"product_brand","embeddable":true,"href":"https:\/\/shop.rettum.ee\/en\/wp-json\/wp\/v2\/product_brand?post=120693"},{"taxonomy":"product_cat","embeddable":true,"href":"https:\/\/shop.rettum.ee\/en\/wp-json\/wp\/v2\/product_cat?post=120693"},{"taxonomy":"product_tag","embeddable":true,"href":"https:\/\/shop.rettum.ee\/en\/wp-json\/wp\/v2\/product_tag?post=120693"},{"taxonomy":"pa_brand_name","embeddable":true,"href":"https:\/\/shop.rettum.ee\/en\/wp-json\/wp\/v2\/pa_brand_name?post=120693"}],"curies":[{"name":"wp","href":"https:\/\/api.w.org\/{rel}","templated":true}]}}