{"id":120695,"date":"2025-03-31T03:05:15","date_gmt":"2025-03-31T00:05:15","guid":{"rendered":"https:\/\/shop.rettum.ee\/toode\/215-60r16-marshal-mw31-99h-xl-studless-3pmsf-ms\/"},"modified":"2026-03-22T03:05:42","modified_gmt":"2026-03-22T01:05:42","slug":"215-60r16-marshal-mw31-99h-xl-studless-3pmsf-ms","status":"publish","type":"product","link":"https:\/\/shop.rettum.ee\/en\/product\/215-60r16-marshal-mw31-99h-xl-studless-3pmsf-ms\/","title":{"rendered":"215\/60R16 MARSHAL MW31 99H XL Studless 3PMSF M+S"},"content":{"rendered":"<p>Tutvustame uusimat 215\/60R16 MARSHAL MW31 rehvi \u2013 oma innovaatilise disaini ja t\u00e4iusliku j\u00f5udlusega ideaalne partner nii suvisteks s\u00f5itudeks kui ka karmides talvetingimustes. See rehv kantud 99 indeksit ja H kiiruskoodi, pakkudes suurep\u00e4rast koormustaluvust ja stabiilsust k\u00f5rgetel kiirustel. XL tehnoloogia tagab t\u00e4iendava tugevuse ja vastupidavuse, mis on eriti oluline n\u00f5udlike s\u00f5idutingimuste korral.<\/p>\n<p>MARSHAL MW31 omab kaasaegset studless disaini, pakkudes vaikset ja sujuvat s\u00f5idukogemust ilma m\u00fcrarikas metalligeerideta. 3PMSF m\u00e4rgistus kinnitab rehvi v\u00f5imekust karmides lumistes ja m\u00e4gistes oludes, samas kui M+S sertifikaat lisab t\u00e4iendavat tagamist mudas ja lumel. T\u00e4nu nutikatele kavandatud mustritesse, saavutate optimaalse veoj\u00f5u ja parema pidamise, mis paneb aluse turvalisele s\u00f5idule igas olukorras.<\/p>\n<p>See rehv on loodud pakkuma usaldusv\u00e4\u00e4rset ja j\u00e4tkusuutlikku s\u00f5idukogemust, \u00fchendades k\u00f5rge tehnoloogia ja ohutuse \u00fclimat kvaliteeti. 215\/60R16 MARSHAL MW31 on ideaalne valik autojuhile, kes hindab kompromissitut kvaliteeti ja maksimaalset sooritust iga ilmaga.<\/p>","protected":false},"excerpt":{"rendered":"<p>Tutvustame uusimat 215\/60R16 MARSHAL MW31 rehvi \u2013 oma innovaatilise disaini ja t\u00e4iusliku j\u00f5udlusega ideaalne partner nii suvisteks s\u00f5itudeks kui ka karmides talvetingimustes. See rehv kantud 99 indeksit ja H kiiruskoodi, pakkudes suurep\u00e4rast koormustaluvust ja stabiilsust k\u00f5rgetel kiirustel. XL tehnoloogia tagab t\u00e4iendava tugevuse ja vastupidavuse, mis on eriti oluline n\u00f5udlike s\u00f5idutingimuste korral. MARSHAL MW31 omab kaasaegset [&hellip;]<\/p>\n","protected":false},"featured_media":123662,"template":"","meta":{"site-sidebar-layout":"default","site-content-layout":"","ast-site-content-layout":"","site-content-style":"default","site-sidebar-style":"default","ast-global-header-display":"","ast-banner-title-visibility":"","ast-main-header-display":"","ast-hfb-above-header-display":"","ast-hfb-below-header-display":"","ast-hfb-mobile-header-display":"","site-post-title":"","ast-breadcrumbs-content":"","ast-featured-img":"","footer-sml-layout":"","theme-transparent-header-meta":"","adv-header-id-meta":"","stick-header-meta":"","header-above-stick-meta":"","header-main-stick-meta":"","header-below-stick-meta":"","astra-migrate-meta-layouts":"default","ast-page-background-enabled":"default","ast-page-background-meta":{"desktop":{"background-color":"","background-image":"","background-repeat":"repeat","background-position":"center center","background-size":"auto","background-attachment":"scroll","background-type":"","background-media":"","overlay-type":"","overlay-color":"","overlay-opacity":"","overlay-gradient":""},"tablet":{"background-color":"","background-image":"","background-repeat":"repeat","background-position":"center center","background-size":"auto","background-attachment":"scroll","background-type":"","background-media":"","overlay-type":"","overlay-color":"","overlay-opacity":"","overlay-gradient":""},"mobile":{"background-color":"","background-image":"","background-repeat":"repeat","background-position":"center center","background-size":"auto","background-attachment":"scroll","background-type":"","background-media":"","overlay-type":"","overlay-color":"","overlay-opacity":"","overlay-gradient":""}},"ast-content-background-meta":{"desktop":{"background-color":"var(--ast-global-color-5)","background-image":"","background-repeat":"repeat","background-position":"center center","background-size":"auto","background-attachment":"scroll","background-type":"","background-media":"","overlay-type":"","overlay-color":"","overlay-opacity":"","overlay-gradient":""},"tablet":{"background-color":"var(--ast-global-color-5)","background-image":"","background-repeat":"repeat","background-position":"center center","background-size":"auto","background-attachment":"scroll","background-type":"","background-media":"","overlay-type":"","overlay-color":"","overlay-opacity":"","overlay-gradient":""},"mobile":{"background-color":"var(--ast-global-color-5)","background-image":"","background-repeat":"repeat","background-position":"center center","background-size":"auto","background-attachment":"scroll","background-type":"","background-media":"","overlay-type":"","overlay-color":"","overlay-opacity":"","overlay-gradient":""}}},"product_brand":[],"product_cat":[34228],"product_tag":[],"pa_brand_name":[33716],"class_list":{"0":"post-120695","1":"product","2":"type-product","3":"status-publish","4":"has-post-thumbnail","6":"product_cat-winter-tires-friction","7":"pa_brand_name-marshal","8":"desktop-align-left","9":"tablet-align-left","10":"mobile-align-left","12":"first","13":"outofstock","14":"taxable","15":"shipping-taxable","16":"purchasable","17":"product-type-simple"},"_links":{"self":[{"href":"https:\/\/shop.rettum.ee\/en\/wp-json\/wp\/v2\/product\/120695","targetHints":{"allow":["GET"]}}],"collection":[{"href":"https:\/\/shop.rettum.ee\/en\/wp-json\/wp\/v2\/product"}],"about":[{"href":"https:\/\/shop.rettum.ee\/en\/wp-json\/wp\/v2\/types\/product"}],"version-history":[{"count":1,"href":"https:\/\/shop.rettum.ee\/en\/wp-json\/wp\/v2\/product\/120695\/revisions"}],"predecessor-version":[{"id":125798,"href":"https:\/\/shop.rettum.ee\/en\/wp-json\/wp\/v2\/product\/120695\/revisions\/125798"}],"wp:featuredmedia":[{"embeddable":true,"href":"https:\/\/shop.rettum.ee\/en\/wp-json\/wp\/v2\/media\/123662"}],"wp:attachment":[{"href":"https:\/\/shop.rettum.ee\/en\/wp-json\/wp\/v2\/media?parent=120695"}],"wp:term":[{"taxonomy":"product_brand","embeddable":true,"href":"https:\/\/shop.rettum.ee\/en\/wp-json\/wp\/v2\/product_brand?post=120695"},{"taxonomy":"product_cat","embeddable":true,"href":"https:\/\/shop.rettum.ee\/en\/wp-json\/wp\/v2\/product_cat?post=120695"},{"taxonomy":"product_tag","embeddable":true,"href":"https:\/\/shop.rettum.ee\/en\/wp-json\/wp\/v2\/product_tag?post=120695"},{"taxonomy":"pa_brand_name","embeddable":true,"href":"https:\/\/shop.rettum.ee\/en\/wp-json\/wp\/v2\/pa_brand_name?post=120695"}],"curies":[{"name":"wp","href":"https:\/\/api.w.org\/{rel}","templated":true}]}}