{"id":120697,"date":"2025-03-31T03:05:16","date_gmt":"2025-03-31T00:05:16","guid":{"rendered":"https:\/\/shop.rettum.ee\/toode\/205-50r17-marshal-mw51-93v-xl-studless-3pmsf-ms\/"},"modified":"2025-10-17T02:45:26","modified_gmt":"2025-10-16T23:45:26","slug":"205-50r17-marshal-mw51-93v-xl-studless-3pmsf-ms","status":"publish","type":"product","link":"https:\/\/shop.rettum.ee\/en\/product\/205-50r17-marshal-mw51-93v-xl-studless-3pmsf-ms\/","title":{"rendered":"205\/50R17 MARSHAL MW51 93V XL Studless 3PMSF M+S"},"content":{"rendered":"<p>MARSHAL MW51 205\/50R17 rehvid pakuvad t\u00e4nap\u00e4evast innovatsiooni ja usaldusv\u00e4\u00e4rsust n\u00f5udlikes s\u00f5iduoludes. 93V XL klass tagab extra koormustaluvuse ning \u00fchtlase j\u00f5udluse, sobides ideaalselt nii linna t\u00e4navatele kui ka kiirteedele. Rehvi uuenduslik Studless disain v\u00f5imaldab suurep\u00e4rast haardumist ja stabiilsust, pakkudes turvalist s\u00f5idukogemust kuival teel, samas aga kindlat tagavara ka karmides talvetingimustes.<\/p>\n<p>3PMSF s\u00fcmbol kinnitab rehvi v\u00f5imekust toime tulla s\u00fcgava lumega ja k\u00fclmadel teedel, samas kui M+S m\u00e4rgis r\u00f5hutab selle mitmek\u00fclgset sooritust mudasel ja lumisel pinnal. MARSHAL MW51 rehvid on loodud pakkuma optimaalset tasakaalu soorituse ja ohutuse vahel, v\u00f5imaldades s\u00f5ita enesekindlalt igas olukorras.<\/p>\n<p>Valides MARSHAL MW51 rehvid, saate usaldada kvaliteeti, mis toetab nii igap\u00e4evaseid s\u00f5ite kui ka pikemateks seiklusteks \u2013 kindel partner igal teekonnal.<\/p>","protected":false},"excerpt":{"rendered":"<p>MARSHAL MW51 205\/50R17 rehvid pakuvad t\u00e4nap\u00e4evast innovatsiooni ja usaldusv\u00e4\u00e4rsust n\u00f5udlikes s\u00f5iduoludes. 93V XL klass tagab extra koormustaluvuse ning \u00fchtlase j\u00f5udluse, sobides ideaalselt nii linna t\u00e4navatele kui ka kiirteedele. Rehvi uuenduslik Studless disain v\u00f5imaldab suurep\u00e4rast haardumist ja stabiilsust, pakkudes turvalist s\u00f5idukogemust kuival teel, samas aga kindlat tagavara ka karmides talvetingimustes. 3PMSF s\u00fcmbol kinnitab rehvi v\u00f5imekust toime [&hellip;]<\/p>\n","protected":false},"featured_media":123668,"template":"","meta":{"site-sidebar-layout":"default","site-content-layout":"","ast-site-content-layout":"","site-content-style":"default","site-sidebar-style":"default","ast-global-header-display":"","ast-banner-title-visibility":"","ast-main-header-display":"","ast-hfb-above-header-display":"","ast-hfb-below-header-display":"","ast-hfb-mobile-header-display":"","site-post-title":"","ast-breadcrumbs-content":"","ast-featured-img":"","footer-sml-layout":"","theme-transparent-header-meta":"","adv-header-id-meta":"","stick-header-meta":"","header-above-stick-meta":"","header-main-stick-meta":"","header-below-stick-meta":"","astra-migrate-meta-layouts":"default","ast-page-background-enabled":"default","ast-page-background-meta":{"desktop":{"background-color":"","background-image":"","background-repeat":"repeat","background-position":"center center","background-size":"auto","background-attachment":"scroll","background-type":"","background-media":"","overlay-type":"","overlay-color":"","overlay-opacity":"","overlay-gradient":""},"tablet":{"background-color":"","background-image":"","background-repeat":"repeat","background-position":"center center","background-size":"auto","background-attachment":"scroll","background-type":"","background-media":"","overlay-type":"","overlay-color":"","overlay-opacity":"","overlay-gradient":""},"mobile":{"background-color":"","background-image":"","background-repeat":"repeat","background-position":"center center","background-size":"auto","background-attachment":"scroll","background-type":"","background-media":"","overlay-type":"","overlay-color":"","overlay-opacity":"","overlay-gradient":""}},"ast-content-background-meta":{"desktop":{"background-color":"var(--ast-global-color-5)","background-image":"","background-repeat":"repeat","background-position":"center center","background-size":"auto","background-attachment":"scroll","background-type":"","background-media":"","overlay-type":"","overlay-color":"","overlay-opacity":"","overlay-gradient":""},"tablet":{"background-color":"var(--ast-global-color-5)","background-image":"","background-repeat":"repeat","background-position":"center center","background-size":"auto","background-attachment":"scroll","background-type":"","background-media":"","overlay-type":"","overlay-color":"","overlay-opacity":"","overlay-gradient":""},"mobile":{"background-color":"var(--ast-global-color-5)","background-image":"","background-repeat":"repeat","background-position":"center center","background-size":"auto","background-attachment":"scroll","background-type":"","background-media":"","overlay-type":"","overlay-color":"","overlay-opacity":"","overlay-gradient":""}}},"product_brand":[],"product_cat":[34228],"product_tag":[],"pa_brand_name":[33716],"class_list":{"0":"post-120697","1":"product","2":"type-product","3":"status-publish","4":"has-post-thumbnail","6":"product_cat-winter-tires-friction","7":"pa_brand_name-marshal","8":"desktop-align-left","9":"tablet-align-left","10":"mobile-align-left","12":"first","13":"outofstock","14":"taxable","15":"shipping-taxable","16":"purchasable","17":"product-type-simple"},"_links":{"self":[{"href":"https:\/\/shop.rettum.ee\/en\/wp-json\/wp\/v2\/product\/120697","targetHints":{"allow":["GET"]}}],"collection":[{"href":"https:\/\/shop.rettum.ee\/en\/wp-json\/wp\/v2\/product"}],"about":[{"href":"https:\/\/shop.rettum.ee\/en\/wp-json\/wp\/v2\/types\/product"}],"version-history":[{"count":1,"href":"https:\/\/shop.rettum.ee\/en\/wp-json\/wp\/v2\/product\/120697\/revisions"}],"predecessor-version":[{"id":125797,"href":"https:\/\/shop.rettum.ee\/en\/wp-json\/wp\/v2\/product\/120697\/revisions\/125797"}],"wp:featuredmedia":[{"embeddable":true,"href":"https:\/\/shop.rettum.ee\/en\/wp-json\/wp\/v2\/media\/123668"}],"wp:attachment":[{"href":"https:\/\/shop.rettum.ee\/en\/wp-json\/wp\/v2\/media?parent=120697"}],"wp:term":[{"taxonomy":"product_brand","embeddable":true,"href":"https:\/\/shop.rettum.ee\/en\/wp-json\/wp\/v2\/product_brand?post=120697"},{"taxonomy":"product_cat","embeddable":true,"href":"https:\/\/shop.rettum.ee\/en\/wp-json\/wp\/v2\/product_cat?post=120697"},{"taxonomy":"product_tag","embeddable":true,"href":"https:\/\/shop.rettum.ee\/en\/wp-json\/wp\/v2\/product_tag?post=120697"},{"taxonomy":"pa_brand_name","embeddable":true,"href":"https:\/\/shop.rettum.ee\/en\/wp-json\/wp\/v2\/pa_brand_name?post=120697"}],"curies":[{"name":"wp","href":"https:\/\/api.w.org\/{rel}","templated":true}]}}