{"id":120701,"date":"2025-03-31T03:05:19","date_gmt":"2025-03-31T00:05:19","guid":{"rendered":"https:\/\/shop.rettum.ee\/toode\/6-00-16-speedways-gripking-hd-8pr-tt\/"},"modified":"2025-07-30T02:51:35","modified_gmt":"2025-07-29T23:51:35","slug":"6-00-16-speedways-gripking-hd-8pr-tt","status":"publish","type":"product","link":"https:\/\/shop.rettum.ee\/en\/product\/6-00-16-speedways-gripking-hd-8pr-tt\/","title":{"rendered":"6.00-16 Speedways GripKing HD 8PR TT"},"content":{"rendered":"<p>Tutvustame uuenduslikku 6.00-16 Speedways GripKing HD 8PR TT rehvi, mis on loodud pakkuma erakordset haarduvust ja t\u00f6\u00f6kindlust igas s\u00f5idutingimustes. Selle 8-ply konstruktsioon tagab suure koormuskindluse ja vastupidavuse ka k\u00f5ige n\u00f5udlikumates t\u00f6\u00f6oludes, muutes selle ideaalseks t\u00f6\u00f6- ja maastikus\u00f5iduks. GripKing seeria r\u00f5hutab maksimaalset haarduvust t\u00e4nu optimeeritud mustrile, mis tagab stabiilsuse nii kuivadel kui ka m\u00e4rgadel pindadel.<\/p>\n<p>Speedways GripKing HD 8PR TT rehvi on hoolikalt disainitud vastama t\u00e4nap\u00e4evastele n\u00f5udmistele, pakkudes usaldusv\u00e4\u00e4rset j\u00f5udlust ja pikaajalist vastupidavust. See rehv sobib suurep\u00e4raselt kasutamiseks erinevates s\u00f5idutingimustes, kus on vajalik lisaturvalisus ja kindel haarduvus. Valides GripKing HD 8PR TT, investeerid t\u00f6\u00f6kindlusse ja kvaliteeti, mis vastab ka k\u00f5ige n\u00f5udlikumatele t\u00f6\u00f6tingimustele.<\/p>","protected":false},"excerpt":{"rendered":"<p>Tutvustame uuenduslikku 6.00-16 Speedways GripKing HD 8PR TT rehvi, mis on loodud pakkuma erakordset haarduvust ja t\u00f6\u00f6kindlust igas s\u00f5idutingimustes. Selle 8-ply konstruktsioon tagab suure koormuskindluse ja vastupidavuse ka k\u00f5ige n\u00f5udlikumates t\u00f6\u00f6oludes, muutes selle ideaalseks t\u00f6\u00f6- ja maastikus\u00f5iduks. GripKing seeria r\u00f5hutab maksimaalset haarduvust t\u00e4nu optimeeritud mustrile, mis tagab stabiilsuse nii kuivadel kui ka m\u00e4rgadel pindadel. Speedways [&hellip;]<\/p>\n","protected":false},"featured_media":123657,"template":"","meta":{"site-sidebar-layout":"default","site-content-layout":"","ast-site-content-layout":"","site-content-style":"default","site-sidebar-style":"default","ast-global-header-display":"","ast-banner-title-visibility":"","ast-main-header-display":"","ast-hfb-above-header-display":"","ast-hfb-below-header-display":"","ast-hfb-mobile-header-display":"","site-post-title":"","ast-breadcrumbs-content":"","ast-featured-img":"","footer-sml-layout":"","theme-transparent-header-meta":"","adv-header-id-meta":"","stick-header-meta":"","header-above-stick-meta":"","header-main-stick-meta":"","header-below-stick-meta":"","astra-migrate-meta-layouts":"default","ast-page-background-enabled":"default","ast-page-background-meta":{"desktop":{"background-color":"","background-image":"","background-repeat":"repeat","background-position":"center center","background-size":"auto","background-attachment":"scroll","background-type":"","background-media":"","overlay-type":"","overlay-color":"","overlay-opacity":"","overlay-gradient":""},"tablet":{"background-color":"","background-image":"","background-repeat":"repeat","background-position":"center center","background-size":"auto","background-attachment":"scroll","background-type":"","background-media":"","overlay-type":"","overlay-color":"","overlay-opacity":"","overlay-gradient":""},"mobile":{"background-color":"","background-image":"","background-repeat":"repeat","background-position":"center center","background-size":"auto","background-attachment":"scroll","background-type":"","background-media":"","overlay-type":"","overlay-color":"","overlay-opacity":"","overlay-gradient":""}},"ast-content-background-meta":{"desktop":{"background-color":"var(--ast-global-color-5)","background-image":"","background-repeat":"repeat","background-position":"center center","background-size":"auto","background-attachment":"scroll","background-type":"","background-media":"","overlay-type":"","overlay-color":"","overlay-opacity":"","overlay-gradient":""},"tablet":{"background-color":"var(--ast-global-color-5)","background-image":"","background-repeat":"repeat","background-position":"center center","background-size":"auto","background-attachment":"scroll","background-type":"","background-media":"","overlay-type":"","overlay-color":"","overlay-opacity":"","overlay-gradient":""},"mobile":{"background-color":"var(--ast-global-color-5)","background-image":"","background-repeat":"repeat","background-position":"center center","background-size":"auto","background-attachment":"scroll","background-type":"","background-media":"","overlay-type":"","overlay-color":"","overlay-opacity":"","overlay-gradient":""}}},"product_brand":[],"product_cat":[34221],"product_tag":[],"pa_brand_name":[16429],"class_list":{"0":"post-120701","1":"product","2":"type-product","3":"status-publish","4":"has-post-thumbnail","6":"product_cat-tractor","7":"pa_brand_name-speedways","8":"desktop-align-left","9":"tablet-align-left","10":"mobile-align-left","12":"first","13":"outofstock","14":"taxable","15":"shipping-taxable","16":"purchasable","17":"product-type-simple"},"_links":{"self":[{"href":"https:\/\/shop.rettum.ee\/en\/wp-json\/wp\/v2\/product\/120701","targetHints":{"allow":["GET"]}}],"collection":[{"href":"https:\/\/shop.rettum.ee\/en\/wp-json\/wp\/v2\/product"}],"about":[{"href":"https:\/\/shop.rettum.ee\/en\/wp-json\/wp\/v2\/types\/product"}],"version-history":[{"count":1,"href":"https:\/\/shop.rettum.ee\/en\/wp-json\/wp\/v2\/product\/120701\/revisions"}],"predecessor-version":[{"id":125792,"href":"https:\/\/shop.rettum.ee\/en\/wp-json\/wp\/v2\/product\/120701\/revisions\/125792"}],"wp:featuredmedia":[{"embeddable":true,"href":"https:\/\/shop.rettum.ee\/en\/wp-json\/wp\/v2\/media\/123657"}],"wp:attachment":[{"href":"https:\/\/shop.rettum.ee\/en\/wp-json\/wp\/v2\/media?parent=120701"}],"wp:term":[{"taxonomy":"product_brand","embeddable":true,"href":"https:\/\/shop.rettum.ee\/en\/wp-json\/wp\/v2\/product_brand?post=120701"},{"taxonomy":"product_cat","embeddable":true,"href":"https:\/\/shop.rettum.ee\/en\/wp-json\/wp\/v2\/product_cat?post=120701"},{"taxonomy":"product_tag","embeddable":true,"href":"https:\/\/shop.rettum.ee\/en\/wp-json\/wp\/v2\/product_tag?post=120701"},{"taxonomy":"pa_brand_name","embeddable":true,"href":"https:\/\/shop.rettum.ee\/en\/wp-json\/wp\/v2\/pa_brand_name?post=120701"}],"curies":[{"name":"wp","href":"https:\/\/api.w.org\/{rel}","templated":true}]}}