{"id":120702,"date":"2025-03-31T03:05:20","date_gmt":"2025-03-31T00:05:20","guid":{"rendered":"https:\/\/shop.rettum.ee\/toode\/7-50-16-speedways-f-2-8pr-tt\/"},"modified":"2025-09-10T02:45:32","modified_gmt":"2025-09-09T23:45:32","slug":"7-50-16-speedways-f-2-8pr-tt","status":"publish","type":"product","link":"https:\/\/shop.rettum.ee\/en\/product\/7-50-16-speedways-f-2-8pr-tt\/","title":{"rendered":"7.50-16 Speedways F-2 8PR TT"},"content":{"rendered":"<p>Tutvustame uut 7.50-16 Speedways F-2 8PR TT rehvi \u2013 usaldusv\u00e4\u00e4rset ja vastupidavat valikut n\u00f5udlikeks t\u00f6\u00f6tingimusteks. Rehv on varustatud 8-kihilise konstruktsiooniga, mis tagab k\u00f5rge koormustaluvuse ja pikendab rehviga s\u00f5idu elukestust. T\u00e4nu uuenduslikule disainile on tagatud suurep\u00e4rane haarduvus nii kuivadel kui ka m\u00e4rgadel pindadel, v\u00f5imaldades sujuvat ja ohutut s\u00f5itu erinevates maastikes.<\/p>\n<p>Optimeeritud mustriga labade s\u00fcsteem aitab kiirelt vett \u00e4ra viia, v\u00e4hendades akveduktsiooni riski ning parandades pidamist ka keerulistel teeoludel. Rehv on loodud pakkuma stabiilsust ja kindlustunnet nii igap\u00e4evasel s\u00f5idul kui ka intensiivselt koormatud t\u00f6\u00f6tingimustes, kus t\u00f6\u00f6kindlus on esmat\u00e4htis. <\/p>\n<p>Speedways F-2 8PR TT on ideaalne lahendus neile, kes otsivad tugevat ja usaldusv\u00e4\u00e4rset rehvi, olgu selleks p\u00f5llumajandusmasinad, ehitus- v\u00f5i kommertss\u00f5idukid. Valides selle rehviga, tagad endale maksimaalse j\u00f5udluse ja pikaajalise t\u00f6\u00f6kindluse.<\/p>","protected":false},"excerpt":{"rendered":"<p>Tutvustame uut 7.50-16 Speedways F-2 8PR TT rehvi \u2013 usaldusv\u00e4\u00e4rset ja vastupidavat valikut n\u00f5udlikeks t\u00f6\u00f6tingimusteks. Rehv on varustatud 8-kihilise konstruktsiooniga, mis tagab k\u00f5rge koormustaluvuse ja pikendab rehviga s\u00f5idu elukestust. T\u00e4nu uuenduslikule disainile on tagatud suurep\u00e4rane haarduvus nii kuivadel kui ka m\u00e4rgadel pindadel, v\u00f5imaldades sujuvat ja ohutut s\u00f5itu erinevates maastikes. Optimeeritud mustriga labade s\u00fcsteem aitab kiirelt [&hellip;]<\/p>\n","protected":false},"featured_media":124886,"template":"","meta":{"site-sidebar-layout":"default","site-content-layout":"","ast-site-content-layout":"","site-content-style":"default","site-sidebar-style":"default","ast-global-header-display":"","ast-banner-title-visibility":"","ast-main-header-display":"","ast-hfb-above-header-display":"","ast-hfb-below-header-display":"","ast-hfb-mobile-header-display":"","site-post-title":"","ast-breadcrumbs-content":"","ast-featured-img":"","footer-sml-layout":"","theme-transparent-header-meta":"","adv-header-id-meta":"","stick-header-meta":"","header-above-stick-meta":"","header-main-stick-meta":"","header-below-stick-meta":"","astra-migrate-meta-layouts":"default","ast-page-background-enabled":"default","ast-page-background-meta":{"desktop":{"background-color":"","background-image":"","background-repeat":"repeat","background-position":"center center","background-size":"auto","background-attachment":"scroll","background-type":"","background-media":"","overlay-type":"","overlay-color":"","overlay-opacity":"","overlay-gradient":""},"tablet":{"background-color":"","background-image":"","background-repeat":"repeat","background-position":"center center","background-size":"auto","background-attachment":"scroll","background-type":"","background-media":"","overlay-type":"","overlay-color":"","overlay-opacity":"","overlay-gradient":""},"mobile":{"background-color":"","background-image":"","background-repeat":"repeat","background-position":"center center","background-size":"auto","background-attachment":"scroll","background-type":"","background-media":"","overlay-type":"","overlay-color":"","overlay-opacity":"","overlay-gradient":""}},"ast-content-background-meta":{"desktop":{"background-color":"var(--ast-global-color-5)","background-image":"","background-repeat":"repeat","background-position":"center center","background-size":"auto","background-attachment":"scroll","background-type":"","background-media":"","overlay-type":"","overlay-color":"","overlay-opacity":"","overlay-gradient":""},"tablet":{"background-color":"var(--ast-global-color-5)","background-image":"","background-repeat":"repeat","background-position":"center center","background-size":"auto","background-attachment":"scroll","background-type":"","background-media":"","overlay-type":"","overlay-color":"","overlay-opacity":"","overlay-gradient":""},"mobile":{"background-color":"var(--ast-global-color-5)","background-image":"","background-repeat":"repeat","background-position":"center center","background-size":"auto","background-attachment":"scroll","background-type":"","background-media":"","overlay-type":"","overlay-color":"","overlay-opacity":"","overlay-gradient":""}}},"product_brand":[],"product_cat":[34221],"product_tag":[],"pa_brand_name":[16429],"class_list":{"0":"post-120702","1":"product","2":"type-product","3":"status-publish","4":"has-post-thumbnail","6":"product_cat-tractor","7":"pa_brand_name-speedways","8":"desktop-align-left","9":"tablet-align-left","10":"mobile-align-left","12":"first","13":"outofstock","14":"taxable","15":"shipping-taxable","16":"purchasable","17":"product-type-simple"},"_links":{"self":[{"href":"https:\/\/shop.rettum.ee\/en\/wp-json\/wp\/v2\/product\/120702","targetHints":{"allow":["GET"]}}],"collection":[{"href":"https:\/\/shop.rettum.ee\/en\/wp-json\/wp\/v2\/product"}],"about":[{"href":"https:\/\/shop.rettum.ee\/en\/wp-json\/wp\/v2\/types\/product"}],"version-history":[{"count":1,"href":"https:\/\/shop.rettum.ee\/en\/wp-json\/wp\/v2\/product\/120702\/revisions"}],"predecessor-version":[{"id":125790,"href":"https:\/\/shop.rettum.ee\/en\/wp-json\/wp\/v2\/product\/120702\/revisions\/125790"}],"wp:featuredmedia":[{"embeddable":true,"href":"https:\/\/shop.rettum.ee\/en\/wp-json\/wp\/v2\/media\/124886"}],"wp:attachment":[{"href":"https:\/\/shop.rettum.ee\/en\/wp-json\/wp\/v2\/media?parent=120702"}],"wp:term":[{"taxonomy":"product_brand","embeddable":true,"href":"https:\/\/shop.rettum.ee\/en\/wp-json\/wp\/v2\/product_brand?post=120702"},{"taxonomy":"product_cat","embeddable":true,"href":"https:\/\/shop.rettum.ee\/en\/wp-json\/wp\/v2\/product_cat?post=120702"},{"taxonomy":"product_tag","embeddable":true,"href":"https:\/\/shop.rettum.ee\/en\/wp-json\/wp\/v2\/product_tag?post=120702"},{"taxonomy":"pa_brand_name","embeddable":true,"href":"https:\/\/shop.rettum.ee\/en\/wp-json\/wp\/v2\/pa_brand_name?post=120702"}],"curies":[{"name":"wp","href":"https:\/\/api.w.org\/{rel}","templated":true}]}}