{"id":120736,"date":"2025-03-31T03:05:45","date_gmt":"2025-03-31T00:05:45","guid":{"rendered":"https:\/\/shop.rettum.ee\/toode\/235-45r21-hankook-ventus-s1-evo-3-ev-k127e-104t-xl-elect-hl-rp-aaa69\/"},"modified":"2026-01-08T02:46:13","modified_gmt":"2026-01-08T00:46:13","slug":"235-45r21-hankook-ventus-s1-evo-3-ev-k127e-104t-xl-elect-hl-rp-aaa69","status":"publish","type":"product","link":"https:\/\/shop.rettum.ee\/en\/product\/235-45r21-hankook-ventus-s1-evo-3-ev-k127e-104t-xl-elect-hl-rp-aaa69\/","title":{"rendered":"235\/45R21 HANKOOK VENTUS S1 EVO 3 EV (K127E) 104T XL Elect HL RP AAA69"},"content":{"rendered":"<p>Hankook Ventus S1 Evo 3 EV (K127E) rehvid pakuvad tipptasemel sooritust ja turvalisust, olles loodud spetsiaalselt elektris\u00f5idukite n\u00f5udlikule turule. Rehvi m\u00f5\u00f5tmed 235\/45R21 \u00fchendavad kaasaegse tehnoloogia ja innovatiivse disaini, tagades erakordse haarduvuse ja stabiilsuse nii kuivadel kui ka m\u00e4rgadel teedel. XL klass ja 104T kiirusrating toovad esile suure koormuskindluse ning pikema kasutusea, mis kindlustab usaldusv\u00e4\u00e4rse s\u00f5idu igas olukorras.<\/p>\n<p>Erilise Elect HL lahenduse t\u00f5ttu optimeerib see rehvimudel energiatarbimist ning aitab kaasa s\u00f5iduki efektiivsusele, pakkudes samal ajal vaikset ja mugavat s\u00f5iduplaane. Hankook Ventus S1 Evo 3 EV on ideaalne valik neile, kes hindavad tipptasemel ohutust, kestvust ja innovatsiooni \u2013 omadused, mis teevad sellest rehvist ideaalse partneri nii igap\u00e4evasteks kui ka eriolukorra s\u00f5itudeks.<\/p>","protected":false},"excerpt":{"rendered":"<p>Hankook Ventus S1 Evo 3 EV (K127E) rehvid pakuvad tipptasemel sooritust ja turvalisust, olles loodud spetsiaalselt elektris\u00f5idukite n\u00f5udlikule turule. Rehvi m\u00f5\u00f5tmed 235\/45R21 \u00fchendavad kaasaegse tehnoloogia ja innovatiivse disaini, tagades erakordse haarduvuse ja stabiilsuse nii kuivadel kui ka m\u00e4rgadel teedel. XL klass ja 104T kiirusrating toovad esile suure koormuskindluse ning pikema kasutusea, mis kindlustab usaldusv\u00e4\u00e4rse s\u00f5idu [&hellip;]<\/p>\n","protected":false},"featured_media":123563,"template":"","meta":{"site-sidebar-layout":"default","site-content-layout":"","ast-site-content-layout":"","site-content-style":"default","site-sidebar-style":"default","ast-global-header-display":"","ast-banner-title-visibility":"","ast-main-header-display":"","ast-hfb-above-header-display":"","ast-hfb-below-header-display":"","ast-hfb-mobile-header-display":"","site-post-title":"","ast-breadcrumbs-content":"","ast-featured-img":"","footer-sml-layout":"","theme-transparent-header-meta":"","adv-header-id-meta":"","stick-header-meta":"","header-above-stick-meta":"","header-main-stick-meta":"","header-below-stick-meta":"","astra-migrate-meta-layouts":"default","ast-page-background-enabled":"default","ast-page-background-meta":{"desktop":{"background-color":"","background-image":"","background-repeat":"repeat","background-position":"center center","background-size":"auto","background-attachment":"scroll","background-type":"","background-media":"","overlay-type":"","overlay-color":"","overlay-opacity":"","overlay-gradient":""},"tablet":{"background-color":"","background-image":"","background-repeat":"repeat","background-position":"center center","background-size":"auto","background-attachment":"scroll","background-type":"","background-media":"","overlay-type":"","overlay-color":"","overlay-opacity":"","overlay-gradient":""},"mobile":{"background-color":"","background-image":"","background-repeat":"repeat","background-position":"center center","background-size":"auto","background-attachment":"scroll","background-type":"","background-media":"","overlay-type":"","overlay-color":"","overlay-opacity":"","overlay-gradient":""}},"ast-content-background-meta":{"desktop":{"background-color":"var(--ast-global-color-5)","background-image":"","background-repeat":"repeat","background-position":"center center","background-size":"auto","background-attachment":"scroll","background-type":"","background-media":"","overlay-type":"","overlay-color":"","overlay-opacity":"","overlay-gradient":""},"tablet":{"background-color":"var(--ast-global-color-5)","background-image":"","background-repeat":"repeat","background-position":"center center","background-size":"auto","background-attachment":"scroll","background-type":"","background-media":"","overlay-type":"","overlay-color":"","overlay-opacity":"","overlay-gradient":""},"mobile":{"background-color":"var(--ast-global-color-5)","background-image":"","background-repeat":"repeat","background-position":"center center","background-size":"auto","background-attachment":"scroll","background-type":"","background-media":"","overlay-type":"","overlay-color":"","overlay-opacity":"","overlay-gradient":""}}},"product_brand":[],"product_cat":[34225],"product_tag":[],"pa_brand_name":[17812],"class_list":{"0":"post-120736","1":"product","2":"type-product","3":"status-publish","4":"has-post-thumbnail","6":"product_cat-summer-tires-pv","7":"pa_brand_name-hankook","8":"desktop-align-left","9":"tablet-align-left","10":"mobile-align-left","12":"first","13":"outofstock","14":"taxable","15":"shipping-taxable","16":"purchasable","17":"product-type-simple"},"_links":{"self":[{"href":"https:\/\/shop.rettum.ee\/en\/wp-json\/wp\/v2\/product\/120736","targetHints":{"allow":["GET"]}}],"collection":[{"href":"https:\/\/shop.rettum.ee\/en\/wp-json\/wp\/v2\/product"}],"about":[{"href":"https:\/\/shop.rettum.ee\/en\/wp-json\/wp\/v2\/types\/product"}],"version-history":[{"count":1,"href":"https:\/\/shop.rettum.ee\/en\/wp-json\/wp\/v2\/product\/120736\/revisions"}],"predecessor-version":[{"id":125783,"href":"https:\/\/shop.rettum.ee\/en\/wp-json\/wp\/v2\/product\/120736\/revisions\/125783"}],"wp:featuredmedia":[{"embeddable":true,"href":"https:\/\/shop.rettum.ee\/en\/wp-json\/wp\/v2\/media\/123563"}],"wp:attachment":[{"href":"https:\/\/shop.rettum.ee\/en\/wp-json\/wp\/v2\/media?parent=120736"}],"wp:term":[{"taxonomy":"product_brand","embeddable":true,"href":"https:\/\/shop.rettum.ee\/en\/wp-json\/wp\/v2\/product_brand?post=120736"},{"taxonomy":"product_cat","embeddable":true,"href":"https:\/\/shop.rettum.ee\/en\/wp-json\/wp\/v2\/product_cat?post=120736"},{"taxonomy":"product_tag","embeddable":true,"href":"https:\/\/shop.rettum.ee\/en\/wp-json\/wp\/v2\/product_tag?post=120736"},{"taxonomy":"pa_brand_name","embeddable":true,"href":"https:\/\/shop.rettum.ee\/en\/wp-json\/wp\/v2\/pa_brand_name?post=120736"}],"curies":[{"name":"wp","href":"https:\/\/api.w.org\/{rel}","templated":true}]}}