{"id":120746,"date":"2025-03-31T03:05:52","date_gmt":"2025-03-31T00:05:52","guid":{"rendered":"https:\/\/shop.rettum.ee\/toode\/275-60r20-nokian-outpost-at-115h-dot22-3pmsf\/"},"modified":"2026-03-22T03:05:49","modified_gmt":"2026-03-22T01:05:49","slug":"275-60r20-nokian-outpost-at-115h-dot22-3pmsf","status":"publish","type":"product","link":"https:\/\/shop.rettum.ee\/en\/product\/275-60r20-nokian-outpost-at-115h-dot22-3pmsf\/","title":{"rendered":"275\/60R20 NOKIAN OUTPOST AT 115H DOT22 3PMSF"},"content":{"rendered":"<p>Tutvustame NOKIAN OUTPOST AT rehvi \u2013 usaldusv\u00e4\u00e4rne ja mitmek\u00fclgne lahendus n\u00f5udlikuks maastikuks ja talvisteks tingimusteks. Rehvi m\u00f5\u00f5tmed 275\/60R20 tagavad stabiilsuse ja suurep\u00e4rase haarduvuse nii maantee, maa- kui ka j\u00e4iste pindade korral. 115H koormusindeks annab kindlustunde, et rehvid suudavad vastu v\u00f5tta suuremat koormust, pakkudes samal ajal optimaalseid s\u00f5iduomadusi ja ohutust igal kilomeetril.<\/p>\n<p>DOT22 sertifikaat tagab, et rehvid vastavad rangetele tootmisstandarditele, samas kui 3PMSF m\u00e4rgistus kinnitab rehvi sobivuse karmides talvetingimustes \u2013 pakkudes suurep\u00e4rast haarduvust lumel ja j\u00e4\u00e4l. NOKIAN OUTPOST AT on disainitud nii, et see \u00fcletaks ootusi erinevates s\u00f5idutingimustes, pakkudes s\u00f5idumugavust ja kindlustunnet igal teekonnal.<\/p>\n<p>Vali NOKIAN OUTPOST AT, kui hindad kombinatsiooni vastupidavusest, t\u00f6\u00f6kindlusest ja mitmek\u00fclgsest j\u00f5udlusest \u2013 ideaalne valik neile, kes otsivad rehviettev\u00f5tet, mis peab vastu nii m\u00e4gistele teedele kui ka talvistele v\u00e4ljakutsetele.<\/p>","protected":false},"excerpt":{"rendered":"<p>Tutvustame NOKIAN OUTPOST AT rehvi \u2013 usaldusv\u00e4\u00e4rne ja mitmek\u00fclgne lahendus n\u00f5udlikuks maastikuks ja talvisteks tingimusteks. Rehvi m\u00f5\u00f5tmed 275\/60R20 tagavad stabiilsuse ja suurep\u00e4rase haarduvuse nii maantee, maa- kui ka j\u00e4iste pindade korral. 115H koormusindeks annab kindlustunde, et rehvid suudavad vastu v\u00f5tta suuremat koormust, pakkudes samal ajal optimaalseid s\u00f5iduomadusi ja ohutust igal kilomeetril. DOT22 sertifikaat tagab, et [&hellip;]<\/p>\n","protected":false},"featured_media":123527,"template":"","meta":{"site-sidebar-layout":"default","site-content-layout":"","ast-site-content-layout":"","site-content-style":"default","site-sidebar-style":"default","ast-global-header-display":"","ast-banner-title-visibility":"","ast-main-header-display":"","ast-hfb-above-header-display":"","ast-hfb-below-header-display":"","ast-hfb-mobile-header-display":"","site-post-title":"","ast-breadcrumbs-content":"","ast-featured-img":"","footer-sml-layout":"","theme-transparent-header-meta":"","adv-header-id-meta":"","stick-header-meta":"","header-above-stick-meta":"","header-main-stick-meta":"","header-below-stick-meta":"","astra-migrate-meta-layouts":"default","ast-page-background-enabled":"default","ast-page-background-meta":{"desktop":{"background-color":"","background-image":"","background-repeat":"repeat","background-position":"center center","background-size":"auto","background-attachment":"scroll","background-type":"","background-media":"","overlay-type":"","overlay-color":"","overlay-opacity":"","overlay-gradient":""},"tablet":{"background-color":"","background-image":"","background-repeat":"repeat","background-position":"center center","background-size":"auto","background-attachment":"scroll","background-type":"","background-media":"","overlay-type":"","overlay-color":"","overlay-opacity":"","overlay-gradient":""},"mobile":{"background-color":"","background-image":"","background-repeat":"repeat","background-position":"center center","background-size":"auto","background-attachment":"scroll","background-type":"","background-media":"","overlay-type":"","overlay-color":"","overlay-opacity":"","overlay-gradient":""}},"ast-content-background-meta":{"desktop":{"background-color":"var(--ast-global-color-5)","background-image":"","background-repeat":"repeat","background-position":"center center","background-size":"auto","background-attachment":"scroll","background-type":"","background-media":"","overlay-type":"","overlay-color":"","overlay-opacity":"","overlay-gradient":""},"tablet":{"background-color":"var(--ast-global-color-5)","background-image":"","background-repeat":"repeat","background-position":"center center","background-size":"auto","background-attachment":"scroll","background-type":"","background-media":"","overlay-type":"","overlay-color":"","overlay-opacity":"","overlay-gradient":""},"mobile":{"background-color":"var(--ast-global-color-5)","background-image":"","background-repeat":"repeat","background-position":"center center","background-size":"auto","background-attachment":"scroll","background-type":"","background-media":"","overlay-type":"","overlay-color":"","overlay-opacity":"","overlay-gradient":""}}},"product_brand":[],"product_cat":[34225],"product_tag":[],"pa_brand_name":[25032],"class_list":{"0":"post-120746","1":"product","2":"type-product","3":"status-publish","4":"has-post-thumbnail","6":"product_cat-summer-tires-pv","7":"pa_brand_name-nokian","8":"desktop-align-left","9":"tablet-align-left","10":"mobile-align-left","12":"first","13":"outofstock","14":"taxable","15":"shipping-taxable","16":"purchasable","17":"product-type-simple"},"_links":{"self":[{"href":"https:\/\/shop.rettum.ee\/en\/wp-json\/wp\/v2\/product\/120746","targetHints":{"allow":["GET"]}}],"collection":[{"href":"https:\/\/shop.rettum.ee\/en\/wp-json\/wp\/v2\/product"}],"about":[{"href":"https:\/\/shop.rettum.ee\/en\/wp-json\/wp\/v2\/types\/product"}],"version-history":[{"count":1,"href":"https:\/\/shop.rettum.ee\/en\/wp-json\/wp\/v2\/product\/120746\/revisions"}],"predecessor-version":[{"id":125780,"href":"https:\/\/shop.rettum.ee\/en\/wp-json\/wp\/v2\/product\/120746\/revisions\/125780"}],"wp:featuredmedia":[{"embeddable":true,"href":"https:\/\/shop.rettum.ee\/en\/wp-json\/wp\/v2\/media\/123527"}],"wp:attachment":[{"href":"https:\/\/shop.rettum.ee\/en\/wp-json\/wp\/v2\/media?parent=120746"}],"wp:term":[{"taxonomy":"product_brand","embeddable":true,"href":"https:\/\/shop.rettum.ee\/en\/wp-json\/wp\/v2\/product_brand?post=120746"},{"taxonomy":"product_cat","embeddable":true,"href":"https:\/\/shop.rettum.ee\/en\/wp-json\/wp\/v2\/product_cat?post=120746"},{"taxonomy":"product_tag","embeddable":true,"href":"https:\/\/shop.rettum.ee\/en\/wp-json\/wp\/v2\/product_tag?post=120746"},{"taxonomy":"pa_brand_name","embeddable":true,"href":"https:\/\/shop.rettum.ee\/en\/wp-json\/wp\/v2\/pa_brand_name?post=120746"}],"curies":[{"name":"wp","href":"https:\/\/api.w.org\/{rel}","templated":true}]}}