{"id":120747,"date":"2025-03-31T03:05:52","date_gmt":"2025-03-31T00:05:52","guid":{"rendered":"https:\/\/shop.rettum.ee\/toode\/155-65r14-nokian-wr-d4-75t-dot22-studless-cba68-3pmsf-ms\/"},"modified":"2026-03-22T03:05:49","modified_gmt":"2026-03-22T01:05:49","slug":"155-65r14-nokian-wr-d4-75t-dot22-studless-cba68-3pmsf-ms","status":"publish","type":"product","link":"https:\/\/shop.rettum.ee\/en\/product\/155-65r14-nokian-wr-d4-75t-dot22-studless-cba68-3pmsf-ms\/","title":{"rendered":"155\/65R14 NOKIAN WR D4 75T DOT22 Studless CBA68 3PMSF M+S"},"content":{"rendered":"<p>Tutvu Nokiani WR D4 155\/65R14 rehviga, mis on loodud pakkuma \u00fclimat turvalisust ja kindlustunnet ka k\u00f5ige keerulisemates talveoludes. Rehvi innovatiivne studless disain tagab suurep\u00e4rase haardumise j\u00e4\u00e4sel ja lumes ning selle M+S ning 3PMSF sertifikaadid kinnitavad selle reaalset j\u00f5udlust ka k\u00f5ige n\u00f5udlikumates tingimustes. <\/p>\n<p>Rehvi 75T m\u00e4rgistus toob kaasa optimaalse koormus- ja kiirusv\u00f5ime, pakkudes usaldusv\u00e4\u00e4rset s\u00f5idukogemust nii linnat\u00e4navatel kui ka maanteedel. DOT22 ja CBA68 koodid lisavad tootele t\u00e4iendava kvaliteedi ja j\u00e4lgitavuse.  <\/p>\n<p>Nokiani on tuntud oma p\u00fchendumuse poolest tipptasemel insenerit\u00f6\u00f6le ning see rehvir ei ole erand. Optimeeritud mustrid aitavad v\u00e4hendada k\u00fctusekulu ning tagada stabiilse ja kindla k\u00e4ek\u00e4igu ka libedal pinnal. Valides Nokiani WR D4 rehvi, saad investeerida oma s\u00f5iduki turvalisusse ja usaldusv\u00e4\u00e4rsusesse, nautides igal kilomeetril kindlustunnet ja s\u00f5idumugavust.<\/p>","protected":false},"excerpt":{"rendered":"<p>Tutvu Nokiani WR D4 155\/65R14 rehviga, mis on loodud pakkuma \u00fclimat turvalisust ja kindlustunnet ka k\u00f5ige keerulisemates talveoludes. Rehvi innovatiivne studless disain tagab suurep\u00e4rase haardumise j\u00e4\u00e4sel ja lumes ning selle M+S ning 3PMSF sertifikaadid kinnitavad selle reaalset j\u00f5udlust ka k\u00f5ige n\u00f5udlikumates tingimustes. Rehvi 75T m\u00e4rgistus toob kaasa optimaalse koormus- ja kiirusv\u00f5ime, pakkudes usaldusv\u00e4\u00e4rset s\u00f5idukogemust nii [&hellip;]<\/p>\n","protected":false},"featured_media":124880,"template":"","meta":{"site-sidebar-layout":"default","site-content-layout":"","ast-site-content-layout":"","site-content-style":"default","site-sidebar-style":"default","ast-global-header-display":"","ast-banner-title-visibility":"","ast-main-header-display":"","ast-hfb-above-header-display":"","ast-hfb-below-header-display":"","ast-hfb-mobile-header-display":"","site-post-title":"","ast-breadcrumbs-content":"","ast-featured-img":"","footer-sml-layout":"","theme-transparent-header-meta":"","adv-header-id-meta":"","stick-header-meta":"","header-above-stick-meta":"","header-main-stick-meta":"","header-below-stick-meta":"","astra-migrate-meta-layouts":"default","ast-page-background-enabled":"default","ast-page-background-meta":{"desktop":{"background-color":"","background-image":"","background-repeat":"repeat","background-position":"center center","background-size":"auto","background-attachment":"scroll","background-type":"","background-media":"","overlay-type":"","overlay-color":"","overlay-opacity":"","overlay-gradient":""},"tablet":{"background-color":"","background-image":"","background-repeat":"repeat","background-position":"center center","background-size":"auto","background-attachment":"scroll","background-type":"","background-media":"","overlay-type":"","overlay-color":"","overlay-opacity":"","overlay-gradient":""},"mobile":{"background-color":"","background-image":"","background-repeat":"repeat","background-position":"center center","background-size":"auto","background-attachment":"scroll","background-type":"","background-media":"","overlay-type":"","overlay-color":"","overlay-opacity":"","overlay-gradient":""}},"ast-content-background-meta":{"desktop":{"background-color":"var(--ast-global-color-5)","background-image":"","background-repeat":"repeat","background-position":"center center","background-size":"auto","background-attachment":"scroll","background-type":"","background-media":"","overlay-type":"","overlay-color":"","overlay-opacity":"","overlay-gradient":""},"tablet":{"background-color":"var(--ast-global-color-5)","background-image":"","background-repeat":"repeat","background-position":"center center","background-size":"auto","background-attachment":"scroll","background-type":"","background-media":"","overlay-type":"","overlay-color":"","overlay-opacity":"","overlay-gradient":""},"mobile":{"background-color":"var(--ast-global-color-5)","background-image":"","background-repeat":"repeat","background-position":"center center","background-size":"auto","background-attachment":"scroll","background-type":"","background-media":"","overlay-type":"","overlay-color":"","overlay-opacity":"","overlay-gradient":""}}},"product_brand":[],"product_cat":[34228],"product_tag":[],"pa_brand_name":[25032],"class_list":{"0":"post-120747","1":"product","2":"type-product","3":"status-publish","4":"has-post-thumbnail","6":"product_cat-winter-tires-friction","7":"pa_brand_name-nokian","8":"desktop-align-left","9":"tablet-align-left","10":"mobile-align-left","12":"first","13":"outofstock","14":"taxable","15":"shipping-taxable","16":"purchasable","17":"product-type-simple"},"_links":{"self":[{"href":"https:\/\/shop.rettum.ee\/en\/wp-json\/wp\/v2\/product\/120747","targetHints":{"allow":["GET"]}}],"collection":[{"href":"https:\/\/shop.rettum.ee\/en\/wp-json\/wp\/v2\/product"}],"about":[{"href":"https:\/\/shop.rettum.ee\/en\/wp-json\/wp\/v2\/types\/product"}],"version-history":[{"count":1,"href":"https:\/\/shop.rettum.ee\/en\/wp-json\/wp\/v2\/product\/120747\/revisions"}],"predecessor-version":[{"id":125781,"href":"https:\/\/shop.rettum.ee\/en\/wp-json\/wp\/v2\/product\/120747\/revisions\/125781"}],"wp:featuredmedia":[{"embeddable":true,"href":"https:\/\/shop.rettum.ee\/en\/wp-json\/wp\/v2\/media\/124880"}],"wp:attachment":[{"href":"https:\/\/shop.rettum.ee\/en\/wp-json\/wp\/v2\/media?parent=120747"}],"wp:term":[{"taxonomy":"product_brand","embeddable":true,"href":"https:\/\/shop.rettum.ee\/en\/wp-json\/wp\/v2\/product_brand?post=120747"},{"taxonomy":"product_cat","embeddable":true,"href":"https:\/\/shop.rettum.ee\/en\/wp-json\/wp\/v2\/product_cat?post=120747"},{"taxonomy":"product_tag","embeddable":true,"href":"https:\/\/shop.rettum.ee\/en\/wp-json\/wp\/v2\/product_tag?post=120747"},{"taxonomy":"pa_brand_name","embeddable":true,"href":"https:\/\/shop.rettum.ee\/en\/wp-json\/wp\/v2\/pa_brand_name?post=120747"}],"curies":[{"name":"wp","href":"https:\/\/api.w.org\/{rel}","templated":true}]}}