{"id":120751,"date":"2025-03-31T03:05:55","date_gmt":"2025-03-31T00:05:55","guid":{"rendered":"https:\/\/shop.rettum.ee\/toode\/315-80r22-5-ovation-vi-638-156-152l-154-151m-ms-3pmsf-drive-regional-dcb73\/"},"modified":"2026-03-13T02:45:28","modified_gmt":"2026-03-13T00:45:28","slug":"315-80r22-5-ovation-vi-638-156-152l-154-151m-ms-3pmsf-drive-regional-dcb73","status":"publish","type":"product","link":"https:\/\/shop.rettum.ee\/en\/product\/315-80r22-5-ovation-vi-638-156-152l-154-151m-ms-3pmsf-drive-regional-dcb73\/","title":{"rendered":"315\/80R22.5 Ovation VI-638 156\/152L (154\/151M) M+S 3PMSF Drive REGIONAL DCB73"},"content":{"rendered":"<p>315\/80R22.5 Ovation VI-638 on tipptasemel kommertskasutuseks m\u00f5eldud rehv, mis tagab turvalise ja t\u00f6\u00f6kindla s\u00f5idu igas olukorras. Selle rehvi spetsiifilised tehnilised andmed, sealhulgas laadimisindeksid 156\/152L ning variant 154\/151M, v\u00f5imaldavad tal kanda suuri koormusi, muutes selle ideaalseks raskeks veoks ja muudeks n\u00f5udlikeks rakendusteks.<\/p>\n<p>Ovation VI-638 kombinatsioon s\u00fcgava mustri disainist ja M+S ning 3PMSF s\u00fcmbolitega on loodud selleks, et pakkuda suurep\u00e4rast veoj\u00f5udu ja k\u00fclma ilmaga kindlust. Drive REGIONAL DCB73 tehnoloogia tagab t\u00e4pse reageerimise ja optimeeritud teepinna kontakti, mis aitab s\u00e4ilitada s\u00f5iduki stabiilsust ja v\u00e4hendada veeretakistust isegi keerulistel teedel.<\/p>\n<p>See rehv on ideaalne valik neile, kes hindavad vastupidavust, turvalisust ja efektiivset j\u00f5udlust nii suvel kui talvel. Ovation VI-638 on usaldusv\u00e4\u00e4rne partner, mis aitab tagada maksimaalse t\u00f6\u00f6kindluse ja ohutuse ka k\u00f5ige n\u00f5udlikumates s\u00f5iduoludes.<\/p>","protected":false},"excerpt":{"rendered":"<p>315\/80R22.5 Ovation VI-638 on tipptasemel kommertskasutuseks m\u00f5eldud rehv, mis tagab turvalise ja t\u00f6\u00f6kindla s\u00f5idu igas olukorras. Selle rehvi spetsiifilised tehnilised andmed, sealhulgas laadimisindeksid 156\/152L ning variant 154\/151M, v\u00f5imaldavad tal kanda suuri koormusi, muutes selle ideaalseks raskeks veoks ja muudeks n\u00f5udlikeks rakendusteks. Ovation VI-638 kombinatsioon s\u00fcgava mustri disainist ja M+S ning 3PMSF s\u00fcmbolitega on loodud selleks, [&hellip;]<\/p>\n","protected":false},"featured_media":124876,"template":"","meta":{"site-sidebar-layout":"default","site-content-layout":"","ast-site-content-layout":"","site-content-style":"default","site-sidebar-style":"default","ast-global-header-display":"","ast-banner-title-visibility":"","ast-main-header-display":"","ast-hfb-above-header-display":"","ast-hfb-below-header-display":"","ast-hfb-mobile-header-display":"","site-post-title":"","ast-breadcrumbs-content":"","ast-featured-img":"","footer-sml-layout":"","theme-transparent-header-meta":"","adv-header-id-meta":"","stick-header-meta":"","header-above-stick-meta":"","header-main-stick-meta":"","header-below-stick-meta":"","astra-migrate-meta-layouts":"default","ast-page-background-enabled":"default","ast-page-background-meta":{"desktop":{"background-color":"","background-image":"","background-repeat":"repeat","background-position":"center center","background-size":"auto","background-attachment":"scroll","background-type":"","background-media":"","overlay-type":"","overlay-color":"","overlay-opacity":"","overlay-gradient":""},"tablet":{"background-color":"","background-image":"","background-repeat":"repeat","background-position":"center center","background-size":"auto","background-attachment":"scroll","background-type":"","background-media":"","overlay-type":"","overlay-color":"","overlay-opacity":"","overlay-gradient":""},"mobile":{"background-color":"","background-image":"","background-repeat":"repeat","background-position":"center center","background-size":"auto","background-attachment":"scroll","background-type":"","background-media":"","overlay-type":"","overlay-color":"","overlay-opacity":"","overlay-gradient":""}},"ast-content-background-meta":{"desktop":{"background-color":"var(--ast-global-color-5)","background-image":"","background-repeat":"repeat","background-position":"center center","background-size":"auto","background-attachment":"scroll","background-type":"","background-media":"","overlay-type":"","overlay-color":"","overlay-opacity":"","overlay-gradient":""},"tablet":{"background-color":"var(--ast-global-color-5)","background-image":"","background-repeat":"repeat","background-position":"center center","background-size":"auto","background-attachment":"scroll","background-type":"","background-media":"","overlay-type":"","overlay-color":"","overlay-opacity":"","overlay-gradient":""},"mobile":{"background-color":"var(--ast-global-color-5)","background-image":"","background-repeat":"repeat","background-position":"center center","background-size":"auto","background-attachment":"scroll","background-type":"","background-media":"","overlay-type":"","overlay-color":"","overlay-opacity":"","overlay-gradient":""}}},"product_brand":[],"product_cat":[34233],"product_tag":[],"pa_brand_name":[34179],"class_list":{"0":"post-120751","1":"product","2":"type-product","3":"status-publish","4":"has-post-thumbnail","6":"product_cat-truck-tires","7":"pa_brand_name-ovation","8":"desktop-align-left","9":"tablet-align-left","10":"mobile-align-left","12":"first","13":"outofstock","14":"taxable","15":"shipping-taxable","16":"purchasable","17":"product-type-simple"},"_links":{"self":[{"href":"https:\/\/shop.rettum.ee\/en\/wp-json\/wp\/v2\/product\/120751","targetHints":{"allow":["GET"]}}],"collection":[{"href":"https:\/\/shop.rettum.ee\/en\/wp-json\/wp\/v2\/product"}],"about":[{"href":"https:\/\/shop.rettum.ee\/en\/wp-json\/wp\/v2\/types\/product"}],"version-history":[{"count":1,"href":"https:\/\/shop.rettum.ee\/en\/wp-json\/wp\/v2\/product\/120751\/revisions"}],"predecessor-version":[{"id":125775,"href":"https:\/\/shop.rettum.ee\/en\/wp-json\/wp\/v2\/product\/120751\/revisions\/125775"}],"wp:featuredmedia":[{"embeddable":true,"href":"https:\/\/shop.rettum.ee\/en\/wp-json\/wp\/v2\/media\/124876"}],"wp:attachment":[{"href":"https:\/\/shop.rettum.ee\/en\/wp-json\/wp\/v2\/media?parent=120751"}],"wp:term":[{"taxonomy":"product_brand","embeddable":true,"href":"https:\/\/shop.rettum.ee\/en\/wp-json\/wp\/v2\/product_brand?post=120751"},{"taxonomy":"product_cat","embeddable":true,"href":"https:\/\/shop.rettum.ee\/en\/wp-json\/wp\/v2\/product_cat?post=120751"},{"taxonomy":"product_tag","embeddable":true,"href":"https:\/\/shop.rettum.ee\/en\/wp-json\/wp\/v2\/product_tag?post=120751"},{"taxonomy":"pa_brand_name","embeddable":true,"href":"https:\/\/shop.rettum.ee\/en\/wp-json\/wp\/v2\/pa_brand_name?post=120751"}],"curies":[{"name":"wp","href":"https:\/\/api.w.org\/{rel}","templated":true}]}}