{"id":120752,"date":"2025-03-31T03:05:55","date_gmt":"2025-03-31T00:05:55","guid":{"rendered":"https:\/\/shop.rettum.ee\/toode\/385-65r22-5-ovation-vi-022-164k-158l-ms-3pmsf-steerandtrailer-regional-dcb73\/"},"modified":"2025-08-05T02:45:41","modified_gmt":"2025-08-04T23:45:41","slug":"385-65r22-5-ovation-vi-022-164k-158l-ms-3pmsf-steerandtrailer-regional-dcb73","status":"publish","type":"product","link":"https:\/\/shop.rettum.ee\/en\/product\/385-65r22-5-ovation-vi-022-164k-158l-ms-3pmsf-steerandtrailer-regional-dcb73\/","title":{"rendered":"385\/65R22.5 Ovation VI-022 164K (158L) M+S 3PMSF SteerAndTrailer REGIONAL DCB73"},"content":{"rendered":"<p>385\/65R22.5 Ovation VI-022 on spetsiaalselt konstrueeritud rehvid, mis tagavad k\u00f5rge j\u00f5udluse nii esiveoksi kui haagiste jaoks. See rehvi mudel omab M+S klassifikatsiooni ja 3PMSF m\u00e4rgistust, mis kindlustab usaldusv\u00e4\u00e4rse haardumise lumistel, mudastes ja niisketes tingimustes. T\u00e4nu oma optimeeritud mustrile ja tugevdatud konstruktsioonile sobib see ideaalselt nii n\u00f5udlikeks t\u00f6\u00f6tingimusteks kui ka igap\u00e4evaseks s\u00f5iduks.<\/p>\n<p>Ovation VI-022 on projekteeritud pakkuma \u00fchtlast ja stabiilset s\u00f5idukogemust erinevatel teedel, olgu nendeks siis kiire s\u00f5iduolud v\u00f5i libedad pinnad. Rehvi tehnilised n\u00e4itajad \u2013 164K (158L) vastavalt kiirus- ja koormuseindeksile \u2013 tagavad t\u00f6\u00f6kindluse ka suuremate kiiruste ja raskete koormuste korral. REGIONAL DCB73 versioon lisab sellele rehvil unikaalsust, pakkudes optimeeritud j\u00f5udlust vastavalt piirkondlikele vajadustele.<\/p>\n<p>Valides 385\/65R22.5 Ovation VI-022, investeerite s\u00f5iduki ohutusse ja t\u00f6\u00f6kindlusesse igal aastaajal, kindlustades parima v\u00f5imaliku j\u00f5udluse ja vastupidavuse erinevates s\u00f5idutingimustes.<\/p>","protected":false},"excerpt":{"rendered":"<p>385\/65R22.5 Ovation VI-022 on spetsiaalselt konstrueeritud rehvid, mis tagavad k\u00f5rge j\u00f5udluse nii esiveoksi kui haagiste jaoks. See rehvi mudel omab M+S klassifikatsiooni ja 3PMSF m\u00e4rgistust, mis kindlustab usaldusv\u00e4\u00e4rse haardumise lumistel, mudastes ja niisketes tingimustes. T\u00e4nu oma optimeeritud mustrile ja tugevdatud konstruktsioonile sobib see ideaalselt nii n\u00f5udlikeks t\u00f6\u00f6tingimusteks kui ka igap\u00e4evaseks s\u00f5iduks. Ovation VI-022 on projekteeritud [&hellip;]<\/p>\n","protected":false},"featured_media":124877,"template":"","meta":{"site-sidebar-layout":"default","site-content-layout":"","ast-site-content-layout":"","site-content-style":"default","site-sidebar-style":"default","ast-global-header-display":"","ast-banner-title-visibility":"","ast-main-header-display":"","ast-hfb-above-header-display":"","ast-hfb-below-header-display":"","ast-hfb-mobile-header-display":"","site-post-title":"","ast-breadcrumbs-content":"","ast-featured-img":"","footer-sml-layout":"","theme-transparent-header-meta":"","adv-header-id-meta":"","stick-header-meta":"","header-above-stick-meta":"","header-main-stick-meta":"","header-below-stick-meta":"","astra-migrate-meta-layouts":"default","ast-page-background-enabled":"default","ast-page-background-meta":{"desktop":{"background-color":"","background-image":"","background-repeat":"repeat","background-position":"center center","background-size":"auto","background-attachment":"scroll","background-type":"","background-media":"","overlay-type":"","overlay-color":"","overlay-opacity":"","overlay-gradient":""},"tablet":{"background-color":"","background-image":"","background-repeat":"repeat","background-position":"center center","background-size":"auto","background-attachment":"scroll","background-type":"","background-media":"","overlay-type":"","overlay-color":"","overlay-opacity":"","overlay-gradient":""},"mobile":{"background-color":"","background-image":"","background-repeat":"repeat","background-position":"center center","background-size":"auto","background-attachment":"scroll","background-type":"","background-media":"","overlay-type":"","overlay-color":"","overlay-opacity":"","overlay-gradient":""}},"ast-content-background-meta":{"desktop":{"background-color":"var(--ast-global-color-5)","background-image":"","background-repeat":"repeat","background-position":"center center","background-size":"auto","background-attachment":"scroll","background-type":"","background-media":"","overlay-type":"","overlay-color":"","overlay-opacity":"","overlay-gradient":""},"tablet":{"background-color":"var(--ast-global-color-5)","background-image":"","background-repeat":"repeat","background-position":"center center","background-size":"auto","background-attachment":"scroll","background-type":"","background-media":"","overlay-type":"","overlay-color":"","overlay-opacity":"","overlay-gradient":""},"mobile":{"background-color":"var(--ast-global-color-5)","background-image":"","background-repeat":"repeat","background-position":"center center","background-size":"auto","background-attachment":"scroll","background-type":"","background-media":"","overlay-type":"","overlay-color":"","overlay-opacity":"","overlay-gradient":""}}},"product_brand":[],"product_cat":[34233],"product_tag":[],"pa_brand_name":[34179],"class_list":{"0":"post-120752","1":"product","2":"type-product","3":"status-publish","4":"has-post-thumbnail","6":"product_cat-truck-tires","7":"pa_brand_name-ovation","8":"desktop-align-left","9":"tablet-align-left","10":"mobile-align-left","12":"first","13":"outofstock","14":"taxable","15":"shipping-taxable","16":"purchasable","17":"product-type-simple"},"_links":{"self":[{"href":"https:\/\/shop.rettum.ee\/en\/wp-json\/wp\/v2\/product\/120752","targetHints":{"allow":["GET"]}}],"collection":[{"href":"https:\/\/shop.rettum.ee\/en\/wp-json\/wp\/v2\/product"}],"about":[{"href":"https:\/\/shop.rettum.ee\/en\/wp-json\/wp\/v2\/types\/product"}],"version-history":[{"count":1,"href":"https:\/\/shop.rettum.ee\/en\/wp-json\/wp\/v2\/product\/120752\/revisions"}],"predecessor-version":[{"id":125776,"href":"https:\/\/shop.rettum.ee\/en\/wp-json\/wp\/v2\/product\/120752\/revisions\/125776"}],"wp:featuredmedia":[{"embeddable":true,"href":"https:\/\/shop.rettum.ee\/en\/wp-json\/wp\/v2\/media\/124877"}],"wp:attachment":[{"href":"https:\/\/shop.rettum.ee\/en\/wp-json\/wp\/v2\/media?parent=120752"}],"wp:term":[{"taxonomy":"product_brand","embeddable":true,"href":"https:\/\/shop.rettum.ee\/en\/wp-json\/wp\/v2\/product_brand?post=120752"},{"taxonomy":"product_cat","embeddable":true,"href":"https:\/\/shop.rettum.ee\/en\/wp-json\/wp\/v2\/product_cat?post=120752"},{"taxonomy":"product_tag","embeddable":true,"href":"https:\/\/shop.rettum.ee\/en\/wp-json\/wp\/v2\/product_tag?post=120752"},{"taxonomy":"pa_brand_name","embeddable":true,"href":"https:\/\/shop.rettum.ee\/en\/wp-json\/wp\/v2\/pa_brand_name?post=120752"}],"curies":[{"name":"wp","href":"https:\/\/api.w.org\/{rel}","templated":true}]}}