{"id":120762,"date":"2025-03-31T03:06:02","date_gmt":"2025-03-31T00:06:02","guid":{"rendered":"https:\/\/shop.rettum.ee\/toode\/340-55-16-ascenso-imb161-18pr-tl\/"},"modified":"2025-09-05T02:45:45","modified_gmt":"2025-09-04T23:45:45","slug":"340-55-16-ascenso-imb161-18pr-tl","status":"publish","type":"product","link":"https:\/\/shop.rettum.ee\/en\/product\/340-55-16-ascenso-imb161-18pr-tl\/","title":{"rendered":"340\/55-16 Ascenso IMB161 18PR TL"},"content":{"rendered":"<p>Ascenso IMB161 18PR TL rehvid on loodud pakkuma maksimaalset t\u00f6\u00f6kindlust ja ohutust nii igap\u00e4evasel teel kui ka n\u00f5udlikes t\u00f6\u00f6oludes. Rehvi m\u00f5\u00f5tmed 340\/55-16 annavad sellele suurep\u00e4rase stabiilsuse ja juhtimisv\u00f5ime, tagades optimaalse kontakti teega ja kindla haardumise nii kuivatel kui ka m\u00e4rgadel pindadel. 18-kihiline (18PR) konstruktsioon tugevdab rehvi struktuuri, v\u00f5imaldades tal kanda suuri koormusi ja vastata intensiivsele kasutusele ka k\u00f5ige raskemates tingimustes.<\/p>\n<p>Tubeless (TL) tehnoloogia muudab paigaldamise lihtsaks ning v\u00e4hendab ootamatute \u00f5hukaotuste riski, pakkudes suuremat turvalisust ja ennetades v\u00f5imalikku vigastamist. Ascenso IMB161 rehvid on ideaalne valik kasutamiseks erinevates s\u00f5idutingimustes, pakkudes stabiilsust, energiat\u00f5husust ja pikaajalist vastupidavust. <\/p>\n<p>Valides need rehvid, tagad oma s\u00f5idukile mitte ainult suurep\u00e4rase j\u00f5udluse, vaid ka usaldusv\u00e4\u00e4rse ja t\u00f6\u00f6kindla partneri, mis on valmis vastu seisma k\u00f5ige n\u00f5udlikumatele teedele ja t\u00f6\u00f6tingimustele.<\/p>","protected":false},"excerpt":{"rendered":"<p>Ascenso IMB161 18PR TL rehvid on loodud pakkuma maksimaalset t\u00f6\u00f6kindlust ja ohutust nii igap\u00e4evasel teel kui ka n\u00f5udlikes t\u00f6\u00f6oludes. Rehvi m\u00f5\u00f5tmed 340\/55-16 annavad sellele suurep\u00e4rase stabiilsuse ja juhtimisv\u00f5ime, tagades optimaalse kontakti teega ja kindla haardumise nii kuivatel kui ka m\u00e4rgadel pindadel. 18-kihiline (18PR) konstruktsioon tugevdab rehvi struktuuri, v\u00f5imaldades tal kanda suuri koormusi ja vastata intensiivsele [&hellip;]<\/p>\n","protected":false},"featured_media":123475,"template":"","meta":{"site-sidebar-layout":"default","site-content-layout":"","ast-site-content-layout":"","site-content-style":"default","site-sidebar-style":"default","ast-global-header-display":"","ast-banner-title-visibility":"","ast-main-header-display":"","ast-hfb-above-header-display":"","ast-hfb-below-header-display":"","ast-hfb-mobile-header-display":"","site-post-title":"","ast-breadcrumbs-content":"","ast-featured-img":"","footer-sml-layout":"","theme-transparent-header-meta":"","adv-header-id-meta":"","stick-header-meta":"","header-above-stick-meta":"","header-main-stick-meta":"","header-below-stick-meta":"","astra-migrate-meta-layouts":"default","ast-page-background-enabled":"default","ast-page-background-meta":{"desktop":{"background-color":"","background-image":"","background-repeat":"repeat","background-position":"center center","background-size":"auto","background-attachment":"scroll","background-type":"","background-media":"","overlay-type":"","overlay-color":"","overlay-opacity":"","overlay-gradient":""},"tablet":{"background-color":"","background-image":"","background-repeat":"repeat","background-position":"center center","background-size":"auto","background-attachment":"scroll","background-type":"","background-media":"","overlay-type":"","overlay-color":"","overlay-opacity":"","overlay-gradient":""},"mobile":{"background-color":"","background-image":"","background-repeat":"repeat","background-position":"center center","background-size":"auto","background-attachment":"scroll","background-type":"","background-media":"","overlay-type":"","overlay-color":"","overlay-opacity":"","overlay-gradient":""}},"ast-content-background-meta":{"desktop":{"background-color":"var(--ast-global-color-5)","background-image":"","background-repeat":"repeat","background-position":"center center","background-size":"auto","background-attachment":"scroll","background-type":"","background-media":"","overlay-type":"","overlay-color":"","overlay-opacity":"","overlay-gradient":""},"tablet":{"background-color":"var(--ast-global-color-5)","background-image":"","background-repeat":"repeat","background-position":"center center","background-size":"auto","background-attachment":"scroll","background-type":"","background-media":"","overlay-type":"","overlay-color":"","overlay-opacity":"","overlay-gradient":""},"mobile":{"background-color":"var(--ast-global-color-5)","background-image":"","background-repeat":"repeat","background-position":"center center","background-size":"auto","background-attachment":"scroll","background-type":"","background-media":"","overlay-type":"","overlay-color":"","overlay-opacity":"","overlay-gradient":""}}},"product_brand":[],"product_cat":[34221],"product_tag":[],"pa_brand_name":[16520],"class_list":{"0":"post-120762","1":"product","2":"type-product","3":"status-publish","4":"has-post-thumbnail","6":"product_cat-tractor","7":"pa_brand_name-ascenso","8":"desktop-align-left","9":"tablet-align-left","10":"mobile-align-left","12":"first","13":"outofstock","14":"taxable","15":"shipping-taxable","16":"purchasable","17":"product-type-simple"},"_links":{"self":[{"href":"https:\/\/shop.rettum.ee\/en\/wp-json\/wp\/v2\/product\/120762","targetHints":{"allow":["GET"]}}],"collection":[{"href":"https:\/\/shop.rettum.ee\/en\/wp-json\/wp\/v2\/product"}],"about":[{"href":"https:\/\/shop.rettum.ee\/en\/wp-json\/wp\/v2\/types\/product"}],"version-history":[{"count":1,"href":"https:\/\/shop.rettum.ee\/en\/wp-json\/wp\/v2\/product\/120762\/revisions"}],"predecessor-version":[{"id":125763,"href":"https:\/\/shop.rettum.ee\/en\/wp-json\/wp\/v2\/product\/120762\/revisions\/125763"}],"wp:featuredmedia":[{"embeddable":true,"href":"https:\/\/shop.rettum.ee\/en\/wp-json\/wp\/v2\/media\/123475"}],"wp:attachment":[{"href":"https:\/\/shop.rettum.ee\/en\/wp-json\/wp\/v2\/media?parent=120762"}],"wp:term":[{"taxonomy":"product_brand","embeddable":true,"href":"https:\/\/shop.rettum.ee\/en\/wp-json\/wp\/v2\/product_brand?post=120762"},{"taxonomy":"product_cat","embeddable":true,"href":"https:\/\/shop.rettum.ee\/en\/wp-json\/wp\/v2\/product_cat?post=120762"},{"taxonomy":"product_tag","embeddable":true,"href":"https:\/\/shop.rettum.ee\/en\/wp-json\/wp\/v2\/product_tag?post=120762"},{"taxonomy":"pa_brand_name","embeddable":true,"href":"https:\/\/shop.rettum.ee\/en\/wp-json\/wp\/v2\/pa_brand_name?post=120762"}],"curies":[{"name":"wp","href":"https:\/\/api.w.org\/{rel}","templated":true}]}}