{"id":120763,"date":"2025-03-31T03:06:02","date_gmt":"2025-03-31T00:06:02","guid":{"rendered":"https:\/\/shop.rettum.ee\/toode\/500-50-17-ascenso-imb161-18pr-tl\/"},"modified":"2025-07-30T02:51:34","modified_gmt":"2025-07-29T23:51:34","slug":"500-50-17-ascenso-imb161-18pr-tl","status":"publish","type":"product","link":"https:\/\/shop.rettum.ee\/en\/product\/500-50-17-ascenso-imb161-18pr-tl\/","title":{"rendered":"500\/50-17 Ascenso IMB161 18PR TL"},"content":{"rendered":"<p>Tutvustame uut 500\/50-17 Ascenso IMB161 18PR TL rehvi, mis \u00fchendab endas maksimaalse t\u00f6\u00f6kindluse, ohutuse ja vastupidavuse. See 18-kihiline (18PR) rehv on loodud pakkuma parimat j\u00f5udlust ka k\u00f5ige n\u00f5udlikumates t\u00f6\u00f6tingimustes. T\u00e4nu kaasaegsele disainile ja tubeless (TL) konstruktsioonile tagab rehv suurep\u00e4rase veoj\u00f5u ning usaldusv\u00e4\u00e4rse haarde nii m\u00e4rjal kui ka kuival teel, pakkudes s\u00f5idukile stabiilsust ja ohutust.<\/p>\n<p>Rehvi spetsiifilised m\u00f5\u00f5tmed 500\/50-17 v\u00f5imaldavad sellel sobida mitmek\u00fclgselt erinevatele s\u00f5idukitele, pakkudes suurep\u00e4rast koormustaluvust ja pikendatud kasutusiga. Ascenso IMB161 on loodud neile, kes hindavad k\u00f5rget kvaliteeti ja pikaajalist vastupidavust. Selle innovatiivne disain aitab v\u00e4hendada k\u00fctusekulu ning minimeerida kulumist, pakkudes seel\u00e4bi majanduslikku ja keskkonnas\u00f5bralikku lahendust.<\/p>\n<p>Valides Ascenso IMB161 18PR TL, investeerite turvalisse ja usaldusv\u00e4\u00e4rsesse s\u00f5idukogemusse, mis tagab optimaalse j\u00f5udluse ja t\u00f6\u00f6kindluse igas olukorras.<\/p>","protected":false},"excerpt":{"rendered":"<p>Tutvustame uut 500\/50-17 Ascenso IMB161 18PR TL rehvi, mis \u00fchendab endas maksimaalse t\u00f6\u00f6kindluse, ohutuse ja vastupidavuse. See 18-kihiline (18PR) rehv on loodud pakkuma parimat j\u00f5udlust ka k\u00f5ige n\u00f5udlikumates t\u00f6\u00f6tingimustes. T\u00e4nu kaasaegsele disainile ja tubeless (TL) konstruktsioonile tagab rehv suurep\u00e4rase veoj\u00f5u ning usaldusv\u00e4\u00e4rse haarde nii m\u00e4rjal kui ka kuival teel, pakkudes s\u00f5idukile stabiilsust ja ohutust. Rehvi [&hellip;]<\/p>\n","protected":false},"featured_media":123475,"template":"","meta":{"site-sidebar-layout":"default","site-content-layout":"","ast-site-content-layout":"","site-content-style":"default","site-sidebar-style":"default","ast-global-header-display":"","ast-banner-title-visibility":"","ast-main-header-display":"","ast-hfb-above-header-display":"","ast-hfb-below-header-display":"","ast-hfb-mobile-header-display":"","site-post-title":"","ast-breadcrumbs-content":"","ast-featured-img":"","footer-sml-layout":"","theme-transparent-header-meta":"","adv-header-id-meta":"","stick-header-meta":"","header-above-stick-meta":"","header-main-stick-meta":"","header-below-stick-meta":"","astra-migrate-meta-layouts":"default","ast-page-background-enabled":"default","ast-page-background-meta":{"desktop":{"background-color":"","background-image":"","background-repeat":"repeat","background-position":"center center","background-size":"auto","background-attachment":"scroll","background-type":"","background-media":"","overlay-type":"","overlay-color":"","overlay-opacity":"","overlay-gradient":""},"tablet":{"background-color":"","background-image":"","background-repeat":"repeat","background-position":"center center","background-size":"auto","background-attachment":"scroll","background-type":"","background-media":"","overlay-type":"","overlay-color":"","overlay-opacity":"","overlay-gradient":""},"mobile":{"background-color":"","background-image":"","background-repeat":"repeat","background-position":"center center","background-size":"auto","background-attachment":"scroll","background-type":"","background-media":"","overlay-type":"","overlay-color":"","overlay-opacity":"","overlay-gradient":""}},"ast-content-background-meta":{"desktop":{"background-color":"var(--ast-global-color-5)","background-image":"","background-repeat":"repeat","background-position":"center center","background-size":"auto","background-attachment":"scroll","background-type":"","background-media":"","overlay-type":"","overlay-color":"","overlay-opacity":"","overlay-gradient":""},"tablet":{"background-color":"var(--ast-global-color-5)","background-image":"","background-repeat":"repeat","background-position":"center center","background-size":"auto","background-attachment":"scroll","background-type":"","background-media":"","overlay-type":"","overlay-color":"","overlay-opacity":"","overlay-gradient":""},"mobile":{"background-color":"var(--ast-global-color-5)","background-image":"","background-repeat":"repeat","background-position":"center center","background-size":"auto","background-attachment":"scroll","background-type":"","background-media":"","overlay-type":"","overlay-color":"","overlay-opacity":"","overlay-gradient":""}}},"product_brand":[],"product_cat":[34221],"product_tag":[],"pa_brand_name":[16520],"class_list":{"0":"post-120763","1":"product","2":"type-product","3":"status-publish","4":"has-post-thumbnail","6":"product_cat-tractor","7":"pa_brand_name-ascenso","8":"desktop-align-left","9":"tablet-align-left","10":"mobile-align-left","12":"first","13":"outofstock","14":"taxable","15":"shipping-taxable","16":"purchasable","17":"product-type-simple"},"_links":{"self":[{"href":"https:\/\/shop.rettum.ee\/en\/wp-json\/wp\/v2\/product\/120763","targetHints":{"allow":["GET"]}}],"collection":[{"href":"https:\/\/shop.rettum.ee\/en\/wp-json\/wp\/v2\/product"}],"about":[{"href":"https:\/\/shop.rettum.ee\/en\/wp-json\/wp\/v2\/types\/product"}],"version-history":[{"count":1,"href":"https:\/\/shop.rettum.ee\/en\/wp-json\/wp\/v2\/product\/120763\/revisions"}],"predecessor-version":[{"id":125764,"href":"https:\/\/shop.rettum.ee\/en\/wp-json\/wp\/v2\/product\/120763\/revisions\/125764"}],"wp:featuredmedia":[{"embeddable":true,"href":"https:\/\/shop.rettum.ee\/en\/wp-json\/wp\/v2\/media\/123475"}],"wp:attachment":[{"href":"https:\/\/shop.rettum.ee\/en\/wp-json\/wp\/v2\/media?parent=120763"}],"wp:term":[{"taxonomy":"product_brand","embeddable":true,"href":"https:\/\/shop.rettum.ee\/en\/wp-json\/wp\/v2\/product_brand?post=120763"},{"taxonomy":"product_cat","embeddable":true,"href":"https:\/\/shop.rettum.ee\/en\/wp-json\/wp\/v2\/product_cat?post=120763"},{"taxonomy":"product_tag","embeddable":true,"href":"https:\/\/shop.rettum.ee\/en\/wp-json\/wp\/v2\/product_tag?post=120763"},{"taxonomy":"pa_brand_name","embeddable":true,"href":"https:\/\/shop.rettum.ee\/en\/wp-json\/wp\/v2\/pa_brand_name?post=120763"}],"curies":[{"name":"wp","href":"https:\/\/api.w.org\/{rel}","templated":true}]}}