{"id":120764,"date":"2025-03-31T03:06:03","date_gmt":"2025-03-31T00:06:03","guid":{"rendered":"https:\/\/shop.rettum.ee\/toode\/400-70-20-ascenso-imb161-16pr-tl-2\/"},"modified":"2026-02-13T02:45:36","modified_gmt":"2026-02-13T00:45:36","slug":"400-70-20-ascenso-imb161-16pr-tl-2","status":"publish","type":"product","link":"https:\/\/shop.rettum.ee\/en\/product\/400-70-20-ascenso-imb161-16pr-tl-2\/","title":{"rendered":"400\/70-20 Ascenso IMB161 16PR TL"},"content":{"rendered":"<p>Tutvustame 400\/70-20 Ascenso IMB161 16PR TL rehvi \u2013 usaldusv\u00e4\u00e4rset ja vastupidavat lahendust n\u00f5udlike t\u00f6\u00f6tingimuste jaoks. See kvaliteetne rehv on loodud pakkuma stabiilsust ja erakordset haarduvust nii karmil maastikul kui ka suurv\u00f5imsusega masina t\u00f6\u00f6del. 16kihiline (16PR) konstruktsioon tagab lisatugevuse, v\u00f5imaldades taluda intensiivset t\u00f6\u00f6koormust ja pikemat kasutusiga isegi k\u00f5ige n\u00f5udlikumates olukordades.<\/p>\n<p>Tubeless (TL) disain lihtsustab paigaldust ning v\u00e4hendab hooldus- ja puhastust\u00f6id, pakkudes samas suurep\u00e4raseid ohutus- ja j\u00f5udlusomadusi igal teel. Ergonomiliselt kujundatud mustriga profiil tagab optimaalse vee \u00e4ravoolu, minimeerides libisemise riski m\u00e4rjal pinnal ja tagades kindla kontakti rehvi ning teepinna vahel.<\/p>\n<p>400\/70-20 Ascenso IMB161 16PR TL on ideaalne valik ehitusmasinatele ja teistele rasketele seadmetele, kus t\u00f6\u00f6kindlus, vastupidavus ja ohutus on esmat\u00e4htsad. Valides selle rehvi, investeerid usaldusv\u00e4\u00e4rsesse ja efektiivsesse j\u00f5udlusesse, mis toetab sinu ettev\u00f5tte edukat ja ohutut t\u00f6\u00f6protsessi.<\/p>","protected":false},"excerpt":{"rendered":"<p>Tutvustame 400\/70-20 Ascenso IMB161 16PR TL rehvi \u2013 usaldusv\u00e4\u00e4rset ja vastupidavat lahendust n\u00f5udlike t\u00f6\u00f6tingimuste jaoks. See kvaliteetne rehv on loodud pakkuma stabiilsust ja erakordset haarduvust nii karmil maastikul kui ka suurv\u00f5imsusega masina t\u00f6\u00f6del. 16kihiline (16PR) konstruktsioon tagab lisatugevuse, v\u00f5imaldades taluda intensiivset t\u00f6\u00f6koormust ja pikemat kasutusiga isegi k\u00f5ige n\u00f5udlikumates olukordades. Tubeless (TL) disain lihtsustab paigaldust ning [&hellip;]<\/p>\n","protected":false},"featured_media":123475,"template":"","meta":{"site-sidebar-layout":"default","site-content-layout":"","ast-site-content-layout":"","site-content-style":"default","site-sidebar-style":"default","ast-global-header-display":"","ast-banner-title-visibility":"","ast-main-header-display":"","ast-hfb-above-header-display":"","ast-hfb-below-header-display":"","ast-hfb-mobile-header-display":"","site-post-title":"","ast-breadcrumbs-content":"","ast-featured-img":"","footer-sml-layout":"","theme-transparent-header-meta":"","adv-header-id-meta":"","stick-header-meta":"","header-above-stick-meta":"","header-main-stick-meta":"","header-below-stick-meta":"","astra-migrate-meta-layouts":"default","ast-page-background-enabled":"default","ast-page-background-meta":{"desktop":{"background-color":"","background-image":"","background-repeat":"repeat","background-position":"center center","background-size":"auto","background-attachment":"scroll","background-type":"","background-media":"","overlay-type":"","overlay-color":"","overlay-opacity":"","overlay-gradient":""},"tablet":{"background-color":"","background-image":"","background-repeat":"repeat","background-position":"center center","background-size":"auto","background-attachment":"scroll","background-type":"","background-media":"","overlay-type":"","overlay-color":"","overlay-opacity":"","overlay-gradient":""},"mobile":{"background-color":"","background-image":"","background-repeat":"repeat","background-position":"center center","background-size":"auto","background-attachment":"scroll","background-type":"","background-media":"","overlay-type":"","overlay-color":"","overlay-opacity":"","overlay-gradient":""}},"ast-content-background-meta":{"desktop":{"background-color":"var(--ast-global-color-5)","background-image":"","background-repeat":"repeat","background-position":"center center","background-size":"auto","background-attachment":"scroll","background-type":"","background-media":"","overlay-type":"","overlay-color":"","overlay-opacity":"","overlay-gradient":""},"tablet":{"background-color":"var(--ast-global-color-5)","background-image":"","background-repeat":"repeat","background-position":"center center","background-size":"auto","background-attachment":"scroll","background-type":"","background-media":"","overlay-type":"","overlay-color":"","overlay-opacity":"","overlay-gradient":""},"mobile":{"background-color":"var(--ast-global-color-5)","background-image":"","background-repeat":"repeat","background-position":"center center","background-size":"auto","background-attachment":"scroll","background-type":"","background-media":"","overlay-type":"","overlay-color":"","overlay-opacity":"","overlay-gradient":""}}},"product_brand":[],"product_cat":[34221],"product_tag":[],"pa_brand_name":[16520],"class_list":{"0":"post-120764","1":"product","2":"type-product","3":"status-publish","4":"has-post-thumbnail","6":"product_cat-tractor","7":"pa_brand_name-ascenso","8":"desktop-align-left","9":"tablet-align-left","10":"mobile-align-left","12":"first","13":"outofstock","14":"taxable","15":"shipping-taxable","16":"purchasable","17":"product-type-simple"},"_links":{"self":[{"href":"https:\/\/shop.rettum.ee\/en\/wp-json\/wp\/v2\/product\/120764","targetHints":{"allow":["GET"]}}],"collection":[{"href":"https:\/\/shop.rettum.ee\/en\/wp-json\/wp\/v2\/product"}],"about":[{"href":"https:\/\/shop.rettum.ee\/en\/wp-json\/wp\/v2\/types\/product"}],"version-history":[{"count":1,"href":"https:\/\/shop.rettum.ee\/en\/wp-json\/wp\/v2\/product\/120764\/revisions"}],"predecessor-version":[{"id":125762,"href":"https:\/\/shop.rettum.ee\/en\/wp-json\/wp\/v2\/product\/120764\/revisions\/125762"}],"wp:featuredmedia":[{"embeddable":true,"href":"https:\/\/shop.rettum.ee\/en\/wp-json\/wp\/v2\/media\/123475"}],"wp:attachment":[{"href":"https:\/\/shop.rettum.ee\/en\/wp-json\/wp\/v2\/media?parent=120764"}],"wp:term":[{"taxonomy":"product_brand","embeddable":true,"href":"https:\/\/shop.rettum.ee\/en\/wp-json\/wp\/v2\/product_brand?post=120764"},{"taxonomy":"product_cat","embeddable":true,"href":"https:\/\/shop.rettum.ee\/en\/wp-json\/wp\/v2\/product_cat?post=120764"},{"taxonomy":"product_tag","embeddable":true,"href":"https:\/\/shop.rettum.ee\/en\/wp-json\/wp\/v2\/product_tag?post=120764"},{"taxonomy":"pa_brand_name","embeddable":true,"href":"https:\/\/shop.rettum.ee\/en\/wp-json\/wp\/v2\/pa_brand_name?post=120764"}],"curies":[{"name":"wp","href":"https:\/\/api.w.org\/{rel}","templated":true}]}}