{"id":120769,"date":"2025-03-31T03:06:06","date_gmt":"2025-03-31T00:06:06","guid":{"rendered":"https:\/\/shop.rettum.ee\/toode\/23x8-50-12-ascenso-ssb331-8pr-tl\/"},"modified":"2025-07-30T02:51:34","modified_gmt":"2025-07-29T23:51:34","slug":"23x8-50-12-ascenso-ssb331-8pr-tl","status":"publish","type":"product","link":"https:\/\/shop.rettum.ee\/en\/product\/23x8-50-12-ascenso-ssb331-8pr-tl\/","title":{"rendered":"23&#215;8.50-12 Ascenso SSB331 8PR TL"},"content":{"rendered":"<p>23&#215;8.50-12 Ascenso SSB331 8PR TL on usaldusv\u00e4\u00e4rne ja vastupidav rehv, mis on disainitud pakkuma optimaalseid j\u00f5udluse ja kestvuse omadusi ka k\u00f5ige n\u00f5udlikumates t\u00f6\u00f6stuslikes rakendustes. T\u00e4nu 8-kihilisele konstruktsioonile tagab see rehv suure koormustaluvuse ja stabiilsuse, muutes selle ideaalseks raskeks t\u00f6\u00f6ks nii ehitusplatsidel kui ka teistes intensiivse kasutusega keskkondades.<\/p>\n<p>Tubeless (TL) tehnoloogia v\u00f5imaldab lisaks v\u00e4hendada hoolduskulusid, pakkudes lihtsustatud ja turvalist montaa\u017ei. Ascenso SSB331 rehv n\u00e4itab \u00fcles suurep\u00e4rast haarduvust ning tagab stabiilse s\u00f5idu erinevatel radadel ja pinnasetel. Selle optimeeritud profiil aitab t\u00f5husalt hajutada l\u00f6\u00f6ke ning minimeerida kulumist, kindlustades pikema t\u00f6\u00f6ea ja usaldusv\u00e4\u00e4rse j\u00f5udluse igap\u00e4evastes rakendustes.<\/p>\n<p>Valides 23&#215;8.50-12 Ascenso SSB331 8PR TL, investeerite kvaliteeti ja t\u00f6\u00f6kindlusesse, v\u00f5imaldades oma masinatel t\u00f6\u00f6tada maksimaalse efektiivsusega ka k\u00f5ige keerulisemates tingimustes.<\/p>","protected":false},"excerpt":{"rendered":"<p>23&#215;8.50-12 Ascenso SSB331 8PR TL on usaldusv\u00e4\u00e4rne ja vastupidav rehv, mis on disainitud pakkuma optimaalseid j\u00f5udluse ja kestvuse omadusi ka k\u00f5ige n\u00f5udlikumates t\u00f6\u00f6stuslikes rakendustes. T\u00e4nu 8-kihilisele konstruktsioonile tagab see rehv suure koormustaluvuse ja stabiilsuse, muutes selle ideaalseks raskeks t\u00f6\u00f6ks nii ehitusplatsidel kui ka teistes intensiivse kasutusega keskkondades. Tubeless (TL) tehnoloogia v\u00f5imaldab lisaks v\u00e4hendada hoolduskulusid, pakkudes [&hellip;]<\/p>\n","protected":false},"featured_media":122206,"template":"","meta":{"site-sidebar-layout":"default","site-content-layout":"","ast-site-content-layout":"","site-content-style":"default","site-sidebar-style":"default","ast-global-header-display":"","ast-banner-title-visibility":"","ast-main-header-display":"","ast-hfb-above-header-display":"","ast-hfb-below-header-display":"","ast-hfb-mobile-header-display":"","site-post-title":"","ast-breadcrumbs-content":"","ast-featured-img":"","footer-sml-layout":"","theme-transparent-header-meta":"","adv-header-id-meta":"","stick-header-meta":"","header-above-stick-meta":"","header-main-stick-meta":"","header-below-stick-meta":"","astra-migrate-meta-layouts":"default","ast-page-background-enabled":"default","ast-page-background-meta":{"desktop":{"background-color":"","background-image":"","background-repeat":"repeat","background-position":"center center","background-size":"auto","background-attachment":"scroll","background-type":"","background-media":"","overlay-type":"","overlay-color":"","overlay-opacity":"","overlay-gradient":""},"tablet":{"background-color":"","background-image":"","background-repeat":"repeat","background-position":"center center","background-size":"auto","background-attachment":"scroll","background-type":"","background-media":"","overlay-type":"","overlay-color":"","overlay-opacity":"","overlay-gradient":""},"mobile":{"background-color":"","background-image":"","background-repeat":"repeat","background-position":"center center","background-size":"auto","background-attachment":"scroll","background-type":"","background-media":"","overlay-type":"","overlay-color":"","overlay-opacity":"","overlay-gradient":""}},"ast-content-background-meta":{"desktop":{"background-color":"var(--ast-global-color-5)","background-image":"","background-repeat":"repeat","background-position":"center center","background-size":"auto","background-attachment":"scroll","background-type":"","background-media":"","overlay-type":"","overlay-color":"","overlay-opacity":"","overlay-gradient":""},"tablet":{"background-color":"var(--ast-global-color-5)","background-image":"","background-repeat":"repeat","background-position":"center center","background-size":"auto","background-attachment":"scroll","background-type":"","background-media":"","overlay-type":"","overlay-color":"","overlay-opacity":"","overlay-gradient":""},"mobile":{"background-color":"var(--ast-global-color-5)","background-image":"","background-repeat":"repeat","background-position":"center center","background-size":"auto","background-attachment":"scroll","background-type":"","background-media":"","overlay-type":"","overlay-color":"","overlay-opacity":"","overlay-gradient":""}}},"product_brand":[],"product_cat":[34222],"product_tag":[],"pa_brand_name":[],"class_list":{"0":"post-120769","1":"product","2":"type-product","3":"status-publish","4":"has-post-thumbnail","6":"product_cat-em-industry","7":"desktop-align-left","8":"tablet-align-left","9":"mobile-align-left","11":"first","12":"outofstock","13":"taxable","14":"shipping-taxable","15":"purchasable","16":"product-type-simple"},"_links":{"self":[{"href":"https:\/\/shop.rettum.ee\/en\/wp-json\/wp\/v2\/product\/120769","targetHints":{"allow":["GET"]}}],"collection":[{"href":"https:\/\/shop.rettum.ee\/en\/wp-json\/wp\/v2\/product"}],"about":[{"href":"https:\/\/shop.rettum.ee\/en\/wp-json\/wp\/v2\/types\/product"}],"version-history":[{"count":1,"href":"https:\/\/shop.rettum.ee\/en\/wp-json\/wp\/v2\/product\/120769\/revisions"}],"predecessor-version":[{"id":125756,"href":"https:\/\/shop.rettum.ee\/en\/wp-json\/wp\/v2\/product\/120769\/revisions\/125756"}],"wp:featuredmedia":[{"embeddable":true,"href":"https:\/\/shop.rettum.ee\/en\/wp-json\/wp\/v2\/media\/122206"}],"wp:attachment":[{"href":"https:\/\/shop.rettum.ee\/en\/wp-json\/wp\/v2\/media?parent=120769"}],"wp:term":[{"taxonomy":"product_brand","embeddable":true,"href":"https:\/\/shop.rettum.ee\/en\/wp-json\/wp\/v2\/product_brand?post=120769"},{"taxonomy":"product_cat","embeddable":true,"href":"https:\/\/shop.rettum.ee\/en\/wp-json\/wp\/v2\/product_cat?post=120769"},{"taxonomy":"product_tag","embeddable":true,"href":"https:\/\/shop.rettum.ee\/en\/wp-json\/wp\/v2\/product_tag?post=120769"},{"taxonomy":"pa_brand_name","embeddable":true,"href":"https:\/\/shop.rettum.ee\/en\/wp-json\/wp\/v2\/pa_brand_name?post=120769"}],"curies":[{"name":"wp","href":"https:\/\/api.w.org\/{rel}","templated":true}]}}