{"id":120771,"date":"2025-03-31T03:06:07","date_gmt":"2025-03-31T00:06:07","guid":{"rendered":"https:\/\/shop.rettum.ee\/toode\/245-50r20-nokian-hkpl-9-suv-105t-xl-dot22-studded-3pmsf-ms\/"},"modified":"2026-03-22T03:05:53","modified_gmt":"2026-03-22T01:05:53","slug":"245-50r20-nokian-hkpl-9-suv-105t-xl-dot22-studded-3pmsf-ms","status":"publish","type":"product","link":"https:\/\/shop.rettum.ee\/en\/product\/245-50r20-nokian-hkpl-9-suv-105t-xl-dot22-studded-3pmsf-ms\/","title":{"rendered":"245\/50R20 NOKIAN HKPL 9 SUV 105T XL DOT22 Studded 3PMSF M+S"},"content":{"rendered":"<p>Nokian HKPL 9 SUV rehvid suuruses 245\/50R20 on loodud n\u00f5udlikuks s\u00f5iduks ja tagavad maksimaalse turvalisuse ka k\u00f5ige karmimates ilmastikutingimustes. Rehvil on DOT22 sertifitseering ning see vastab M+S ja 3PMSF standarditele, mis kinnitavad selle suurep\u00e4rast sooritust lumistel, j\u00e4istel ja mudastel teedel. Eriliselt tugev metallnugade s\u00fcsteem tagab optimaalse haarduvuse libedatel pindadel, pakkudes kindlat juhitavust ja lisaturvalisust.<\/p>\n<p>Koormusindeks 105 ja XL klassi m\u00e4rgistus viitavad rehvi v\u00f5imele kanda suuremat koormust ja s\u00e4ilitada stabiilsus ka n\u00f5udlikus s\u00f5iduolukorras. Need omadused teevad neist ideaalse valiku SUV-dele, kus kombineeruvad sportlik j\u00f5udlus ja praktilisus. Nokian HKPL 9 SUV rehvid on parim partner neile, kes otsivad usaldusv\u00e4\u00e4rset ja vastupidavat lahendust nii igap\u00e4evasteks s\u00f5itudeks kui ka keerulisteks talveoludeks.<\/p>","protected":false},"excerpt":{"rendered":"<p>Nokian HKPL 9 SUV rehvid suuruses 245\/50R20 on loodud n\u00f5udlikuks s\u00f5iduks ja tagavad maksimaalse turvalisuse ka k\u00f5ige karmimates ilmastikutingimustes. Rehvil on DOT22 sertifitseering ning see vastab M+S ja 3PMSF standarditele, mis kinnitavad selle suurep\u00e4rast sooritust lumistel, j\u00e4istel ja mudastel teedel. Eriliselt tugev metallnugade s\u00fcsteem tagab optimaalse haarduvuse libedatel pindadel, pakkudes kindlat juhitavust ja lisaturvalisust. Koormusindeks [&hellip;]<\/p>\n","protected":false},"featured_media":123464,"template":"","meta":{"site-sidebar-layout":"default","site-content-layout":"","ast-site-content-layout":"","site-content-style":"default","site-sidebar-style":"default","ast-global-header-display":"","ast-banner-title-visibility":"","ast-main-header-display":"","ast-hfb-above-header-display":"","ast-hfb-below-header-display":"","ast-hfb-mobile-header-display":"","site-post-title":"","ast-breadcrumbs-content":"","ast-featured-img":"","footer-sml-layout":"","theme-transparent-header-meta":"","adv-header-id-meta":"","stick-header-meta":"","header-above-stick-meta":"","header-main-stick-meta":"","header-below-stick-meta":"","astra-migrate-meta-layouts":"default","ast-page-background-enabled":"default","ast-page-background-meta":{"desktop":{"background-color":"","background-image":"","background-repeat":"repeat","background-position":"center center","background-size":"auto","background-attachment":"scroll","background-type":"","background-media":"","overlay-type":"","overlay-color":"","overlay-opacity":"","overlay-gradient":""},"tablet":{"background-color":"","background-image":"","background-repeat":"repeat","background-position":"center center","background-size":"auto","background-attachment":"scroll","background-type":"","background-media":"","overlay-type":"","overlay-color":"","overlay-opacity":"","overlay-gradient":""},"mobile":{"background-color":"","background-image":"","background-repeat":"repeat","background-position":"center center","background-size":"auto","background-attachment":"scroll","background-type":"","background-media":"","overlay-type":"","overlay-color":"","overlay-opacity":"","overlay-gradient":""}},"ast-content-background-meta":{"desktop":{"background-color":"var(--ast-global-color-5)","background-image":"","background-repeat":"repeat","background-position":"center center","background-size":"auto","background-attachment":"scroll","background-type":"","background-media":"","overlay-type":"","overlay-color":"","overlay-opacity":"","overlay-gradient":""},"tablet":{"background-color":"var(--ast-global-color-5)","background-image":"","background-repeat":"repeat","background-position":"center center","background-size":"auto","background-attachment":"scroll","background-type":"","background-media":"","overlay-type":"","overlay-color":"","overlay-opacity":"","overlay-gradient":""},"mobile":{"background-color":"var(--ast-global-color-5)","background-image":"","background-repeat":"repeat","background-position":"center center","background-size":"auto","background-attachment":"scroll","background-type":"","background-media":"","overlay-type":"","overlay-color":"","overlay-opacity":"","overlay-gradient":""}}},"product_brand":[],"product_cat":[34229],"product_tag":[],"pa_brand_name":[25032],"class_list":{"0":"post-120771","1":"product","2":"type-product","3":"status-publish","4":"has-post-thumbnail","6":"product_cat-winter-tires-with-studs","7":"pa_brand_name-nokian","8":"desktop-align-left","9":"tablet-align-left","10":"mobile-align-left","12":"first","13":"outofstock","14":"taxable","15":"shipping-taxable","16":"purchasable","17":"product-type-simple"},"_links":{"self":[{"href":"https:\/\/shop.rettum.ee\/en\/wp-json\/wp\/v2\/product\/120771","targetHints":{"allow":["GET"]}}],"collection":[{"href":"https:\/\/shop.rettum.ee\/en\/wp-json\/wp\/v2\/product"}],"about":[{"href":"https:\/\/shop.rettum.ee\/en\/wp-json\/wp\/v2\/types\/product"}],"version-history":[{"count":1,"href":"https:\/\/shop.rettum.ee\/en\/wp-json\/wp\/v2\/product\/120771\/revisions"}],"predecessor-version":[{"id":125755,"href":"https:\/\/shop.rettum.ee\/en\/wp-json\/wp\/v2\/product\/120771\/revisions\/125755"}],"wp:featuredmedia":[{"embeddable":true,"href":"https:\/\/shop.rettum.ee\/en\/wp-json\/wp\/v2\/media\/123464"}],"wp:attachment":[{"href":"https:\/\/shop.rettum.ee\/en\/wp-json\/wp\/v2\/media?parent=120771"}],"wp:term":[{"taxonomy":"product_brand","embeddable":true,"href":"https:\/\/shop.rettum.ee\/en\/wp-json\/wp\/v2\/product_brand?post=120771"},{"taxonomy":"product_cat","embeddable":true,"href":"https:\/\/shop.rettum.ee\/en\/wp-json\/wp\/v2\/product_cat?post=120771"},{"taxonomy":"product_tag","embeddable":true,"href":"https:\/\/shop.rettum.ee\/en\/wp-json\/wp\/v2\/product_tag?post=120771"},{"taxonomy":"pa_brand_name","embeddable":true,"href":"https:\/\/shop.rettum.ee\/en\/wp-json\/wp\/v2\/pa_brand_name?post=120771"}],"curies":[{"name":"wp","href":"https:\/\/api.w.org\/{rel}","templated":true}]}}